{"id":4599,"date":"2023-01-30T16:00:18","date_gmt":"2023-01-30T16:00:18","guid":{"rendered":"https:\/\/www.acfo-acaf.com\/?page_id=19645"},"modified":"2026-04-21T17:45:49","modified_gmt":"2026-04-21T17:45:49","slug":"cotisations-syndicales","status":"publish","type":"page","link":"https:\/\/www.acfo-acaf.com\/fr\/centre-de-soutien-aux-membres\/cotisations-syndicales\/","title":{"rendered":"Cotisations syndicales"},"content":{"rendered":"<div class='acfoSection pageHeader__wrap'><div class='pageHeader pageHeader--standard'><div class='pageHeader__topLinkWrap'><a class='pageHeader__topLink' href='https:\/\/www.acfo-acaf.com\/fr\/centre-de-soutien-aux-membres\/'>Centre de soutien aux membres<\/a><\/div><h1>Cotisations syndicales<\/h1><div class='pageHeader__intro'>\u00c0 l\u2019ACFO-ACAF, nous veillons constamment \u00e0 ce que nos membres b\u00e9n\u00e9ficient d\u2019une repr\u00e9sentation de la plus haute qualit\u00e9 de la part de leur syndicat, au co\u00fbt le plus bas possible. Apprenez-en davantage sur les cotisations syndicales de l\u2019ACFO-ACAF et sur leur impact ici.<\/div><\/div><\/div>\n\n<div class=\"wp-block-image\">\n<figure class=\"aligncenter size-full is-resized\"><img loading=\"lazy\" decoding=\"async\" width=\"713\" height=\"399\" src=\"https:\/\/acfo2023.wpengine.com\/wp-content\/uploads\/2024\/05\/MicrosoftTeams-image-5-2.png\" alt=\"\" class=\"wp-image-5458\" style=\"width:871px;height:auto\"\/><\/figure>\n<\/div>\n\n\n<p>Les cotisations syndicales sont des contributions mensuelles vers\u00e9es \u00e0 l&rsquo;ACFO-ACAF qui garantissent que vous b\u00e9n\u00e9ficiez d&rsquo;une repr\u00e9sentation de haute qualit\u00e9. Nous sommes heureux de fournir des services de classe mondiale tout en maintenant des cotisations syndicales parmi les plus basses de tous les agents n\u00e9gociateurs f\u00e9d\u00e9raux.<\/p>\n\n\n\n<p>L&rsquo;ACFO-ACAF a des cotisations syndicales fixes, ce qui signifie que tous les membres paient le m\u00eame taux mensuel, puisque nous n&rsquo;avons pas de sections locales, d&rsquo;\u00e9l\u00e9ments ou de structure de pourcentage. Les cotisations sont pr\u00e9lev\u00e9es automatiquement sur votre ch\u00e8que de paie toutes les deux semaines. En raison de <a href=\"https:\/\/www.thecanadianencyclopedia.ca\/fr\/article\/formule-rand\" data-type=\"link\" data-id=\"https:\/\/www.thecanadianencyclopedia.ca\/fr\/article\/formule-rand\" target=\"_blank\" rel=\"noreferrer noopener\">la formule Rand<\/a>, l&rsquo;adh\u00e9sion au syndicat est obligatoire et l&rsquo;ACFO-ACAF repr\u00e9sente automatiquement tous les CT-FIN, CT-EAV, CT-IAU et FI de NAV CANADA qui travaillent \u00e0 temps plein et pour une p\u00e9riode ind\u00e9termin\u00e9e.<\/p>\n\n\n\n<p>En versant ces cotisations, vous financez les co\u00fbts suivants<\/p>\n\n\n\n<ul class=\"wp-block-list\">\n<li>N\u00e9gociations collectives<\/li>\n\n\n\n<li>des services d&rsquo;interpr\u00e9tation des conventions collectives fournis par des conseillers en relations de travail professionnels et tr\u00e8s exp\u00e9riment\u00e9s<\/li>\n\n\n\n<li>les salaires des membres en cas de gr\u00e8ve<\/li>\n\n\n\n<li>des services de communication et d&rsquo;engagement visant \u00e0 s&rsquo;assurer que les membres sont au courant de ce que leur syndicat offre<\/li>\n\n\n\n<li>Et bien d&rsquo;autres choses encore<\/li>\n<\/ul>\n\n\n\n<p>Ces services pourraient facilement atteindre des milliers de dollars si vous en aviez besoin, mais comme une police d&rsquo;assurance, l&rsquo;ACFO-ACAF vous couvre. Vos droits sont ce que nous nous effor\u00e7ons de prot\u00e9ger, ce qui est possible gr\u00e2ce \u00e0 vos cotisations syndicales.<\/p>\n\n\n\n<h2 class=\"wp-block-heading\">Cotisations actuelles<\/h2>\n\n\n\n<p>A partir du 1er avril 2026 : 74,94 $\/mois<\/p>\n\n\n\n<p>Pour plus d&rsquo;informations, cliquez\u00a0<a href=\"https:\/\/www.acfo-acaf.com\/fr\/rajustement-de-la-cotisation-le-1er-avril-2026\/\" data-type=\"link\" data-id=\"https:\/\/www.acfo-acaf.com\/fr\/rajustement-de-la-cotisation-le-1er-avril-2026\/\" target=\"_blank\" rel=\"noreferrer noopener\">ici<\/a><\/p>\n\n\n\n<h2 class=\"wp-block-heading\">Historique<\/h2>\n\n\n\n<ul class=\"wp-block-list\">\n<li>Du 1er avril 2025 au 31 mars 2026 : 73,18 $\/mois<\/li>\n\n\n\n<li>Du 1er avril 2024 au 31 mars 2025 : 71,90 $\/mois<\/li>\n\n\n\n<li>Du 1er avril 2023 au 31 mars 2024 : 69,54 $\/mois<\/li>\n\n\n\n<li>Du 1er avril 2022 au 31 mars 2023 : 65,42 $\/mois<\/li>\n\n\n\n<li>Du 1er avril 2021 au 31 mars 2022 : 62,42 $\/mois<\/li>\n\n\n\n<li>Du 1er avril 2020 au 31 mars 2021 : 62 $\/mois<\/li>\n\n\n\n<li>Avant le 1er avril 2020 : 50 $\/mois<\/li>\n<\/ul>\n\n\n\n<p>Si vous avez des questions concernant vos cotisations syndicales, veuillez contacter&nbsp;<a target=\"_blank\" rel=\"noreferrer noopener\">info@acfo-acaf.com<\/a>.<\/p>\n\n\n<div class='acfoSection sectionWrap sectionWrap--linkbox  sectionWrap--color-yellow' ><div class='section section--linkbox '><div class='linkbox linkbox--2col'><div class='linkbox__titleWrap'><h2 class='sectionTitle linkbox__title'>Contactez-nous<\/h2><\/div><div class='linkbox__description sectionDescription'>Si vous souhaitez vous impliquer \u00e0 l\u2019ACFO-ACAF ou prendre contact avec nous, il y a de nombreuses fa\u00e7ons de nous joindre. Nous serons ravis de vous entendre.<div class='linkWrap--arrow linkbox__linkWrap'><a href='https:\/\/www.acfo-acaf.com\/fr\/contactez-nous\/' class='link--arrow link--hoverSlide' ><div class=''>Prendre contact avec nous<span class=\"acfoArrow\"> \u2192<\/span><\/div><\/a><\/div><\/div><\/div><\/div><\/div>","protected":false},"excerpt":{"rendered":"<p>Les cotisations syndicales sont des contributions mensuelles vers\u00e9es \u00e0 l&rsquo;ACFO-ACAF qui garantissent que vous b\u00e9n\u00e9ficiez d&rsquo;une repr\u00e9sentation de haute qualit\u00e9. [&hellip;]<\/p>\n","protected":false},"author":2,"featured_media":2075,"parent":4818,"menu_order":0,"comment_status":"closed","ping_status":"closed","template":"","meta":{"_acf_changed":false,"footnotes":""},"class_list":["post-4599","page","type-page","status-publish","has-post-thumbnail","hentry"],"acf":[],"_links":{"self":[{"href":"https:\/\/www.acfo-acaf.com\/fr\/wp-json\/wp\/v2\/pages\/4599","targetHints":{"allow":["GET"]}}],"collection":[{"href":"https:\/\/www.acfo-acaf.com\/fr\/wp-json\/wp\/v2\/pages"}],"about":[{"href":"https:\/\/www.acfo-acaf.com\/fr\/wp-json\/wp\/v2\/types\/page"}],"author":[{"embeddable":true,"href":"https:\/\/www.acfo-acaf.com\/fr\/wp-json\/wp\/v2\/users\/2"}],"replies":[{"embeddable":true,"href":"https:\/\/www.acfo-acaf.com\/fr\/wp-json\/wp\/v2\/comments?post=4599"}],"version-history":[{"count":0,"href":"https:\/\/www.acfo-acaf.com\/fr\/wp-json\/wp\/v2\/pages\/4599\/revisions"}],"up":[{"embeddable":true,"href":"https:\/\/www.acfo-acaf.com\/fr\/wp-json\/wp\/v2\/pages\/4818"}],"wp:featuredmedia":[{"embeddable":true,"href":"https:\/\/www.acfo-acaf.com\/fr\/wp-json\/wp\/v2\/media\/2075"}],"wp:attachment":[{"href":"https:\/\/www.acfo-acaf.com\/fr\/wp-json\/wp\/v2\/media?parent=4599"}],"curies":[{"name":"wp","href":"https:\/\/api.w.org\/{rel}","templated":true}]}}