{"id":4601,"date":"2022-11-01T14:15:10","date_gmt":"2022-11-01T14:15:10","guid":{"rendered":"https:\/\/www.acfo-acaf.com\/?page_id=18833"},"modified":"2024-05-03T16:16:13","modified_gmt":"2024-05-03T16:16:13","slug":"vitrine-des-membres-siva-kathirgamanathan","status":"publish","type":"page","link":"https:\/\/www.acfo-acaf.com\/fr\/a-propos-de-lacfo-acaf\/vitrine-des-membres-acfo-acaf\/vitrine-des-membres-siva-kathirgamanathan\/","title":{"rendered":"Vitrine des membres : Siva Kathirgamanathan"},"content":{"rendered":"<div class='acfoSection pageHeader__wrap'><div class='pageHeader pageHeader--standard'><div class='pageHeader__topLinkWrap'><a class='pageHeader__topLink' href='https:\/\/www.acfo-acaf.com\/fr\/a-propos-de-lacfo-acaf\/'>\u00c0 propos de l&rsquo;ACFO-ACAF<\/a><\/div><h1>Vitrine des membres : Siva Kathirgamanathan<\/h1><\/div><\/div>\n\n\n<p>La vitrine des membres de l&rsquo;ACFO-ACAF est un article qui pr\u00e9sente les membres de l&rsquo;ACFO-ACAF qui ont fait preuve d&rsquo;un d\u00e9vouement exceptionnel \u00e0 leur travail, qui ont fait une diff\u00e9rence sur leur lieu de travail et qui ont eu un impact profond sur la communaut\u00e9 CT. Vous d\u00e9couvrirez l&rsquo;histoire de ces membres, leurs contributions et l&rsquo;impact qu&rsquo;ils ont eu sur leur communaut\u00e9.<\/p>\n\n\n\n<h2 class=\"wp-block-heading\">Rencontrez Siva<\/h2>\n\n\n\n<figure class=\"wp-block-embed is-type-video is-provider-youtube wp-block-embed-youtube wp-embed-aspect-16-9 wp-has-aspect-ratio\"><div class=\"wp-block-embed__wrapper\">\n<iframe loading=\"lazy\" title=\"ACFO-ACAF Member Showcase: Meet Siva\" width=\"500\" height=\"281\" src=\"https:\/\/www.youtube.com\/embed\/AmBrWW8ldUs?feature=oembed\" frameborder=\"0\" allow=\"accelerometer; autoplay; clipboard-write; encrypted-media; gyroscope; picture-in-picture; web-share\" referrerpolicy=\"strict-origin-when-cross-origin\" allowfullscreen><\/iframe>\n<\/div><figcaption class=\"wp-element-caption\">Cliquez sur le bouton CC pour les sous-titres en fran\u00e7ais.<\/figcaption><\/figure>\n\n\n\n<p>Siva est d\u00e9crit par ses coll\u00e8gues comme ayant une \u00e9thique de travail impressionnante, d\u00e9montrant son engagement dans les projets qu&rsquo;il est charg\u00e9 de r\u00e9aliser. Au bureau, Siva est reconnu comme quelqu&rsquo;un qui peut \u00e9tablir sans probl\u00e8me une connexion avec toutes les personnes qu&rsquo;il rencontre, les faire se sentir les bienvenues et comme un \u00e9l\u00e9ment pr\u00e9cieux de l&rsquo;\u00e9quipe.<\/p>\n\n\n\n<p>En plus de sa charge de travail, Siva s&rsquo;est impliqu\u00e9 dans plusieurs initiatives importantes, notamment la Campagne de charit\u00e9 en milieu de travail du gouvernement du Canada (CCMTGC).<\/p>\n\n\n\n<figure class=\"wp-block-image size-large is-resized\"><a href=\"https:\/\/www.acfo-acaf.com\/wp-content\/uploads\/2022\/10\/ACFO-Siva-03-WEB1-1.jpg\"><img decoding=\"async\" src=\"https:\/\/www.acfo-acaf.com\/wp-content\/uploads\/2022\/10\/ACFO-Siva-03-WEB1-1-683x1024.jpg\" alt=\"\" class=\"wp-image-18838\" style=\"width:823px;height:1234px\"\/><\/a><\/figure>\n\n\n\n<h4 class=\"wp-block-heading\">Quel est votre nom, votre classification et votre minist\u00e8re ?<\/h4>\n\n\n\n<p>Je m&rsquo;appelle Siva Kathirgamanathan. Je travaille pour Infrastructure Canada et je suis un FI-04.<\/p>\n\n\n\n<h4 class=\"wp-block-heading\">En quelques phrases, que faites-vous ?<\/h4>\n\n\n\n<p>Infrastructure Canada est un d\u00e9partement relativement nouveau. Pour \u00eatre honn\u00eate avec vous, je fais beaucoup de choses. Je travaille pour le dirigeant principal de la v\u00e9rification et de l&rsquo;\u00e9valuation, qui est responsable de la v\u00e9rification interne, de l&rsquo;\u00e9valuation et des pratiques de rendement. Je m&rsquo;occupe des correspondances minist\u00e9rielles, et je cr\u00e9e de merveilleux rapports sur les infrastructures, comme les ponts, par exemple. Nous produisons beaucoup de produits de haute qualit\u00e9, c&rsquo;est certain.<\/p>\n\n\n\n<h4 class=\"wp-block-heading\">Qu&rsquo;aimez-vous faire pour vous amuser pendant votre temps libre ?<\/h4>\n\n\n\n<p>J&rsquo;ai deux enfants, un fils et une fille, \u00e2g\u00e9s de 11 et 7 ans. J&rsquo;aime passer beaucoup de temps avec eux, ce qui inclut les emmener au football, au baseball, aux cours de danse et \u00e0 la gymnastique. J&rsquo;essaie de partir en vacances et de faire des choses comme \u00e7a avec la famille, car c&rsquo;est important pour nous, ainsi que des r\u00e9unions de famille. Quand je ne fais pas \u00e7a, j&rsquo;essaie de m&rsquo;entra\u00eener dans le gymnase que nous avons r\u00e9cemment r\u00e9nov\u00e9.<\/p>\n\n\n\n<figure class=\"wp-block-image size-large\"><a href=\"https:\/\/www.acfo-acaf.com\/wp-content\/uploads\/2022\/10\/ACFO-Siva-10-WEB1-1.jpg\"><img decoding=\"async\" src=\"https:\/\/www.acfo-acaf.com\/wp-content\/uploads\/2022\/10\/ACFO-Siva-10-WEB1-1-1024x768.jpg\" alt=\"\" class=\"wp-image-18835\"\/><\/a><\/figure>\n\n\n\n<h4 class=\"wp-block-heading\">Quelle est la partie de votre travail que vous pr\u00e9f\u00e9rez ?<\/h4>\n\n\n\n<p>La partie de mon travail que je pr\u00e9f\u00e8re, je dois le dire, est la collaboration avec les gens du d\u00e9partement. Dans le cadre de notre travail, nous parlons constamment avec la haute direction, ce qui peut \u00eatre \u00e0 la fois amusant et difficile par moments. Nous collaborons avec eux pour nous assurer que les produits que nous cr\u00e9ons dans le cadre de la direction de l&rsquo;audit et de l&rsquo;\u00e9valuation r\u00e9pondent r\u00e9ellement \u00e0 leurs besoins, aux priorit\u00e9s du minist\u00e8re et, surtout, aux principaux risques auxquels le minist\u00e8re est confront\u00e9.<\/p>\n\n\n\n<h4 class=\"wp-block-heading\">Pourquoi \u00eates-vous fier de faire partie de la communaut\u00e9 CT ? <\/h4>\n\n\n\n<p>Je travaille au gouvernement depuis longtemps. Je ne vais pas dire le nombre d&rsquo;ann\u00e9es que j&rsquo;ai pass\u00e9es au gouvernement, mais cela fait un bon moment. J&rsquo;ai fait partie d&rsquo;environ trois communaut\u00e9s professionnelles. La classification de mon poste vient tout juste de rejoindre la Ccommunaut\u00e9 CT. C&rsquo;est vraiment rafra\u00eechissant, il y a beaucoup d&rsquo;interaction au sein de la communaut\u00e9.  <\/p>\n\n\n\n<h4 class=\"wp-block-heading\">Quel conseil donneriez-vous \u00e0 une personne nouvellement arriv\u00e9e dans la communaut\u00e9 CT ?<\/h4>\n\n\n\n<p>Les gens sont tr\u00e8s proactifs et ils vous tendent la main, alors allez interagir, construisez vos r\u00e9seaux et parlez aux gens. Cela vous aidera non seulement \u00e0 progresser dans votre carri\u00e8re, mais aussi \u00e0 construire des r\u00e9seaux si vous voulez \u00eatre promu dans un autre d\u00e9partement ou une autre agence, ou si vous voulez simplement parler \u00e0 quelqu&rsquo;un de la meilleure fa\u00e7on de faire X, Y ou Z. La communaut\u00e9 fait beaucoup de choses, surtout du c\u00f4t\u00e9 des syndicats, de l&rsquo;ACAF, et l&rsquo;une d&rsquo;entre elles est de s&rsquo;assurer que la communaut\u00e9 de l&rsquo;audit interne est bien repr\u00e9sent\u00e9e. Il s&rsquo;agit notamment de s&rsquo;assurer que l&rsquo;\u00e9quit\u00e9 salariale existe parce qu&rsquo;il y a beaucoup de classifications d&#8217;emploi diff\u00e9rentes qui existaient auparavant, mais l&rsquo;ACAF et la Communaut\u00e9 CT s&rsquo;assurent vraiment que tout cela est r\u00e9uni et que tout le monde est reconnu de la m\u00eame fa\u00e7on. J&rsquo;appr\u00e9cie vraiment cela au sein de la Communaut\u00e9 CT et de l&rsquo;ACAF en g\u00e9n\u00e9ral.<\/p>\n\n\n\n<figure class=\"wp-block-image size-large\"><a href=\"https:\/\/www.acfo-acaf.com\/wp-content\/uploads\/2022\/10\/ACFO-Siva-18-WEB1-1.jpg\"><img decoding=\"async\" src=\"https:\/\/www.acfo-acaf.com\/wp-content\/uploads\/2022\/10\/ACFO-Siva-18-WEB1-1-1024x681.jpg\" alt=\"\" class=\"wp-image-18836\"\/><\/a><\/figure>\n\n\n\n<h2 class=\"wp-block-heading\">Proposez d\u00e8s aujourd&rsquo;hui la candidature d&rsquo;un ou une coll\u00e8gue \u00e0 la vitrine des membres de l&rsquo;ACFO-ACAF<\/h2>\n\n\n\n<p>Si vous avez un ou une coll\u00e8gue dont l&rsquo;\u00e9thique du travail et le d\u00e9vouement sont remarquables et que vous aimeriez proposer comme candidat(e) pour la vitrine des membres, vous pouvez contacter la directrice des communications et de l&rsquo;engagement des membres, Lauren Doty, \u00e0 l&rsquo;adresse <a rel=\"noreferrer noopener\" href=\"mailto:ldoty@acfo-acaf.com\" target=\"_blank\">ldoty@acfo-acaf.com<\/a>.<\/p>\n\n\n<div class='acfoSection sectionWrap sectionWrap--linkbox  sectionWrap--color-yellow' ><div class='section section--linkbox '><div class='linkbox linkbox--2col'><div class='linkbox__titleWrap'><h2 class='sectionTitle linkbox__title'>Contactez-nous<\/h2><\/div><div class='linkbox__description sectionDescription'>Si vous souhaitez vous impliquer \u00e0 l\u2019ACFO-ACAF ou prendre contact avec nous, il y a de nombreuses fa\u00e7ons de nous joindre. Nous serons ravis de vous entendre.<div class='linkWrap--arrow linkbox__linkWrap'><a href='https:\/\/www.acfo-acaf.com\/fr\/contactez-nous\/' class='link--arrow link--hoverSlide' ><div class=''>Prendre contact avec nous<span class=\"acfoArrow\"> \u2192<\/span><\/div><\/a><\/div><\/div><\/div><\/div><\/div>","protected":false},"excerpt":{"rendered":"<p>La vitrine des membres de l&rsquo;ACFO-ACAF est un article qui pr\u00e9sente les membres de l&rsquo;ACFO-ACAF qui ont fait preuve d&rsquo;un [&hellip;]<\/p>\n","protected":false},"author":2,"featured_media":2638,"parent":4828,"menu_order":0,"comment_status":"closed","ping_status":"closed","template":"","meta":{"_acf_changed":false,"footnotes":""},"class_list":["post-4601","page","type-page","status-publish","has-post-thumbnail","hentry"],"acf":[],"_links":{"self":[{"href":"https:\/\/www.acfo-acaf.com\/fr\/wp-json\/wp\/v2\/pages\/4601","targetHints":{"allow":["GET"]}}],"collection":[{"href":"https:\/\/www.acfo-acaf.com\/fr\/wp-json\/wp\/v2\/pages"}],"about":[{"href":"https:\/\/www.acfo-acaf.com\/fr\/wp-json\/wp\/v2\/types\/page"}],"author":[{"embeddable":true,"href":"https:\/\/www.acfo-acaf.com\/fr\/wp-json\/wp\/v2\/users\/2"}],"replies":[{"embeddable":true,"href":"https:\/\/www.acfo-acaf.com\/fr\/wp-json\/wp\/v2\/comments?post=4601"}],"version-history":[{"count":0,"href":"https:\/\/www.acfo-acaf.com\/fr\/wp-json\/wp\/v2\/pages\/4601\/revisions"}],"up":[{"embeddable":true,"href":"https:\/\/www.acfo-acaf.com\/fr\/wp-json\/wp\/v2\/pages\/4828"}],"wp:featuredmedia":[{"embeddable":true,"href":"https:\/\/www.acfo-acaf.com\/fr\/wp-json\/wp\/v2\/media\/2638"}],"wp:attachment":[{"href":"https:\/\/www.acfo-acaf.com\/fr\/wp-json\/wp\/v2\/media?parent=4601"}],"curies":[{"name":"wp","href":"https:\/\/api.w.org\/{rel}","templated":true}]}}