{"id":4603,"date":"2022-11-01T14:09:32","date_gmt":"2022-11-01T14:09:32","guid":{"rendered":"https:\/\/www.acfo-acaf.com\/?page_id=18885"},"modified":"2024-05-03T16:14:59","modified_gmt":"2024-05-03T16:14:59","slug":"vitrine-des-membres-alex-boyce","status":"publish","type":"page","link":"https:\/\/www.acfo-acaf.com\/fr\/a-propos-de-lacfo-acaf\/vitrine-des-membres-acfo-acaf\/vitrine-des-membres-alex-boyce\/","title":{"rendered":"Vitrine des membres : Alex Boyce"},"content":{"rendered":"<div class='acfoSection pageHeader__wrap'><div class='pageHeader pageHeader--standard'><div class='pageHeader__topLinkWrap'><a class='pageHeader__topLink' href='https:\/\/www.acfo-acaf.com\/fr\/a-propos-de-lacfo-acaf\/'>\u00c0 propos de l&rsquo;ACFO-ACAF<\/a><\/div><h1>Vitrine des membres : Alex Boyce<\/h1><\/div><\/div>\n\n\n<p>La vitrine des membres de l&rsquo;ACFO-ACAF est un article qui pr\u00e9sente les membres de l&rsquo;ACFO-ACAF qui ont fait preuve d&rsquo;un d\u00e9vouement exceptionnel \u00e0 leur travail, qui ont fait une diff\u00e9rence sur leur lieu de travail et qui ont eu un impact profond sur la communaut\u00e9 CT. Vous d\u00e9couvrirez l&rsquo;histoire de ces membres, leurs contributions et l&rsquo;impact qu&rsquo;ils ont eu sur leur communaut\u00e9.<\/p>\n\n\n\n<h2 class=\"wp-block-heading\">Rencontrez Alex<\/h2>\n\n\n\n<figure class=\"wp-block-embed is-type-video is-provider-youtube wp-block-embed-youtube wp-embed-aspect-16-9 wp-has-aspect-ratio\"><div class=\"wp-block-embed__wrapper\">\n<iframe loading=\"lazy\" title=\"ACFO-ACAF Member Showcase: Meet Alex\" width=\"500\" height=\"281\" src=\"https:\/\/www.youtube.com\/embed\/q39VEJghMzQ?feature=oembed\" frameborder=\"0\" allow=\"accelerometer; autoplay; clipboard-write; encrypted-media; gyroscope; picture-in-picture; web-share\" referrerpolicy=\"strict-origin-when-cross-origin\" allowfullscreen><\/iframe>\n<\/div><\/figure>\n\n\n\n<p>Alex s&rsquo;est jointe au gouvernement en tant qu&rsquo;\u00e9tudiante du PFETE et a r\u00e9cemment termin\u00e9 le programme de recrutement et de perfectionnement des agents financiers. Alex est une personne dynamique qui apporte beaucoup de positivit\u00e9 et d&rsquo;\u00e9nergie aux environnements de travail. Alex est un v\u00e9ritable exemple d&rsquo;un joueur d&rsquo;\u00e9quipe qui est toujours l\u00e0 pour soutenir ses coll\u00e8gues dans la planification, l&rsquo;\u00e9laboration et la r\u00e9alisation de tout projet ou t\u00e2che.<\/p>\n\n\n\n<p>Il est impressionnant qu&rsquo;Alex soit au d\u00e9but de sa carri\u00e8re, et elle a d\u00e9j\u00e0 eu un impact important sur la communaut\u00e9 gr\u00e2ce \u00e0 son travail au sein de l&rsquo;\u00e9quipe de D\u00e9veloppement de la communaut\u00e9 de gestion financi\u00e8re (DCGF). Sa cr\u00e9ativit\u00e9, ses initiatives et ses id\u00e9es ont contribu\u00e9 \u00e0 l&rsquo;am\u00e9lioration g\u00e9n\u00e9rale des programmes de d\u00e9veloppement, \u00e0 divers \u00e9v\u00e9nements \u00e9tudiants et au d\u00e9veloppement du site Web externe de la communaut\u00e9 financi\u00e8re.<\/p>\n\n\n\n<p>Alex est un grand atout pour la communaut\u00e9, et il est excitant de penser \u00e0 ce qu&rsquo;elle peut et va accomplir avec toute sa carri\u00e8re devant elle.<\/p>\n\n\n\n<figure class=\"wp-block-image size-large\"><a href=\"https:\/\/www.acfo-acaf.com\/wp-content\/uploads\/2022\/10\/Alex-ACFO-11-WEB1-1.jpg\"><img decoding=\"async\" src=\"https:\/\/www.acfo-acaf.com\/wp-content\/uploads\/2022\/10\/Alex-ACFO-11-WEB1-1-1024x768.jpg\" alt=\"\" class=\"wp-image-18888\"\/><\/a><\/figure>\n\n\n\n<h4 class=\"wp-block-heading\">Quel est votre nom, votre classification et votre minist\u00e8re ?<\/h4>\n\n\n\n<p>Je m&rsquo;appelle Alex Boyce et je suis un FI-02 au Secr\u00e9tariat du Conseil du Tr\u00e9sor du Canada.<\/p>\n\n\n\n<h4 class=\"wp-block-heading\">En quelques phrases, que faites-vous ?<\/h4>\n\n\n\n<p>Je travaille pour l\u2019\u00e9quipe du D\u00e9veloppement de la collectivit\u00e9 de la gestion financi\u00e8re (DCGF), et nous nous effor\u00e7ons d&rsquo;attirer, de d\u00e9velopper et de conserver une main-d&rsquo;\u0153uvre diversifi\u00e9e de professionnels de la finance afin d&rsquo;assurer une communaut\u00e9 forte et durable. Nous faisons cela parce que la finance a un impact sur tous les domaines du gouvernement, donc en construisant et en investissant dans cette communaut\u00e9, nous pouvons faire en sorte que chacun puisse atteindre ses objectifs, g\u00e9rer sa carri\u00e8re et contribuer \u00e0 fa\u00e7onner le futur de la finance. Afin de renforcer cette communaut\u00e9, la collaboration est vraiment essentielle. En tant que DCGF, nous travaillons avec de nombreuses institutions telles que des universit\u00e9s, l&rsquo;IGF et l&rsquo;ACAF, ce qui nous permet d&rsquo;offrir \u00e0 la communaut\u00e9 des initiatives remarquables qui rel\u00e8vent g\u00e9n\u00e9ralement de deux cat\u00e9gories, l&rsquo;une \u00e9tant la sensibilisation et le recrutement et l&rsquo;autre l&rsquo;apprentissage et le d\u00e9veloppement. Cela comprend notamment le fonds de formation d&rsquo;un million de dollars que nous g\u00e9rons en collaboration avec l&rsquo;ACAF, y compris les s\u00e9ances de perfectionnement professionnel et les programmes de perfectionnement. Pour ma part, je travaille en \u00e9troite collaboration avec le programme de recrutement et de perfectionnement des agents financiers (RPAF) pour aider les professionnels des finances d\u00e9butants \u00e0 obtenir leur CPA. Dans l&rsquo;ensemble, je dirais que je travaille \u00e0 am\u00e9liorer la vie des professionnels de la finance et \u00e0 les aider \u00e0 am\u00e9liorer leur carri\u00e8re.<\/p>\n\n\n\n<h4 class=\"wp-block-heading\">Qu&rsquo;aimez-vous faire pour vous amuser pendant votre temps libre ?<\/h4>\n\n\n\n<p>. Trois choses me viennent \u00e0 l&rsquo;esprit quant \u00e0 ce que j&rsquo;aime faire pour m&rsquo;amuser. La premi\u00e8re est que je suis une responsable des guides, en particulier une responsable des brownies qui sont des filles \u00e2g\u00e9es de sept et huit ans. Une fois par semaine, nous nous r\u00e9unissons tout au long de l&rsquo;ann\u00e9e scolaire pour faire des activit\u00e9s tr\u00e8s amusantes comme la vente de biscuits, des exp\u00e9riences scientifiques, de l&rsquo;artisanat et plus&nbsp; encore. J&rsquo;aime vraiment \u00e7a parce que c&rsquo;est tr\u00e8s amusant et que \u00e7a m&rsquo;aide \u00e0 donner confiance aux jeunes filles. La deuxi\u00e8me chose, c&rsquo;est que l&rsquo;\u00e9t\u00e9, gr\u00e2ce au travail \u00e0 distance, j&rsquo;ai la chance de passer les \u00e9t\u00e9s dans un chalet o\u00f9 je peux faire du kayak, du tourisme et, en g\u00e9n\u00e9ral, me d\u00e9tendre. Enfin, je dirais que j&rsquo;aime regarder les mauvaises \u00e9missions de t\u00e9l\u00e9-r\u00e9alit\u00e9 et les films avec mon partenaire et nos animaux de compagnie.<\/p>\n\n\n\n<figure class=\"wp-block-image size-large\"><a href=\"https:\/\/www.acfo-acaf.com\/wp-content\/uploads\/2022\/10\/Alex-ACFO-33-WEB1-1.jpg\"><img decoding=\"async\" src=\"https:\/\/www.acfo-acaf.com\/wp-content\/uploads\/2022\/10\/Alex-ACFO-33-WEB1-1-1024x768.jpg\" alt=\"\" class=\"wp-image-18889\"\/><\/a><\/figure>\n\n\n\n<h4 class=\"wp-block-heading\">Quelle est la partie de votre travail que vous pr\u00e9f\u00e9rez ?<\/h4>\n\n\n\n<p>J&rsquo;ai commenc\u00e9 \u00e0 travailler pour le gouvernement en tant qu&rsquo;\u00e9tudiant et, gr\u00e2ce au programme RPAF destin\u00e9 aux professionnels des finances de premier \u00e9chelon, je peux participer \u00e0 des \u00e9v\u00e9nements de r\u00e9seautage et entrer en contact avec des \u00e9tudiants actuels pour les aider \u00e0 s&rsquo;int\u00e9resser \u00e0 la fonction publique et \u00e0 orienter leur carri\u00e8re. J&rsquo;ai vraiment l&rsquo;impression de faire une diff\u00e9rence dans leur vie et de les aider, c&rsquo;est pourquoi je dirais que c&rsquo;est la partie de mon travail que je pr\u00e9f\u00e8re.<\/p>\n\n\n\n<h4 class=\"wp-block-heading\">Pourquoi \u00eates-vous fier de faire partie de la Communaut\u00e9 CT ? Et quel conseil donneriez-vous \u00e0 une personne nouvellement arriv\u00e9e dans la Communaut\u00e9 CT ?<\/h4>\n\n\n\n<p>Explorez votre classification et votre communaut\u00e9 car il existe de nombreuses ressources pour vous aider. Vous pouvez le faire en parlant \u00e0 votre manager, \u00e0 vos coll\u00e8gues, \u00e0 vos pairs, ou m\u00eame simplement en regardant en ligne. Si vous \u00eates dans le domaine des finances, je sais qu&rsquo;il existe un site Web externe auquel vous pouvez acc\u00e9der sur n&rsquo;importe quel appareil et o\u00f9 que vous soyez, et qui est con\u00e7u pour vous aider au cours de votre carri\u00e8re, que vous soyez \u00e9tudiant ou directeur financier. Je sais que lorsque j&rsquo;ai commenc\u00e9 au gouvernement, je ne savais pas que toutes ces ressources existaient et, avec le d\u00e9veloppement communautaire, je suis en mesure de dire que oui, en fait, elles existent, et c&rsquo;est pourquoi mon meilleur conseil est d&rsquo;explorer.<\/p>\n\n\n\n<figure class=\"wp-block-image size-large\"><a href=\"https:\/\/www.acfo-acaf.com\/wp-content\/uploads\/2022\/10\/Alex-ACFO-40-WEB1-1.jpg\"><img decoding=\"async\" src=\"https:\/\/www.acfo-acaf.com\/wp-content\/uploads\/2022\/10\/Alex-ACFO-40-WEB1-1-1024x768.jpg\" alt=\"\" class=\"wp-image-18890\"\/><\/a><\/figure>\n\n\n\n<h2 class=\"wp-block-heading\">Proposez d\u00e8s aujourd&rsquo;hui la candidature d&rsquo;un ou une coll\u00e8gue \u00e0 la vitrine des membres de l&rsquo;ACFO-ACAF<\/h2>\n\n\n\n<p>Si vous avez un ou une coll\u00e8gue dont l&rsquo;\u00e9thique du travail et le d\u00e9vouement sont remarquables et que vous aimeriez proposer comme candidat(e) pour la vitrine des membres, vous pouvez contacter la directrice des communications et de l&rsquo;engagement des membres, Lauren Doty, \u00e0 l&rsquo;adresse <a rel=\"noreferrer noopener\" href=\"mailto:ldoty@acfo-acaf.com\" target=\"_blank\">ldoty@acfo-acaf.com<\/a>.<\/p>\n\n\n<div class='acfoSection sectionWrap sectionWrap--linkbox  sectionWrap--color-yellow' ><div class='section section--linkbox '><div class='linkbox linkbox--2col'><div class='linkbox__titleWrap'><h2 class='sectionTitle linkbox__title'>Contactez-nous<\/h2><\/div><div class='linkbox__description sectionDescription'>Si vous souhaitez vous impliquer \u00e0 l\u2019ACFO-ACAF ou prendre contact avec nous, il y a de nombreuses fa\u00e7ons de nous joindre. Nous serons ravis de vous entendre.<div class='linkWrap--arrow linkbox__linkWrap'><a href='https:\/\/www.acfo-acaf.com\/fr\/contactez-nous\/' class='link--arrow link--hoverSlide' ><div class=''>Prendre contact avec nous<span class=\"acfoArrow\"> \u2192<\/span><\/div><\/a><\/div><\/div><\/div><\/div><\/div>","protected":false},"excerpt":{"rendered":"<p>La vitrine des membres de l&rsquo;ACFO-ACAF est un article qui pr\u00e9sente les membres de l&rsquo;ACFO-ACAF qui ont fait preuve d&rsquo;un [&hellip;]<\/p>\n","protected":false},"author":2,"featured_media":2651,"parent":4828,"menu_order":0,"comment_status":"closed","ping_status":"closed","template":"","meta":{"_acf_changed":false,"footnotes":""},"class_list":["post-4603","page","type-page","status-publish","has-post-thumbnail","hentry"],"acf":[],"_links":{"self":[{"href":"https:\/\/www.acfo-acaf.com\/fr\/wp-json\/wp\/v2\/pages\/4603","targetHints":{"allow":["GET"]}}],"collection":[{"href":"https:\/\/www.acfo-acaf.com\/fr\/wp-json\/wp\/v2\/pages"}],"about":[{"href":"https:\/\/www.acfo-acaf.com\/fr\/wp-json\/wp\/v2\/types\/page"}],"author":[{"embeddable":true,"href":"https:\/\/www.acfo-acaf.com\/fr\/wp-json\/wp\/v2\/users\/2"}],"replies":[{"embeddable":true,"href":"https:\/\/www.acfo-acaf.com\/fr\/wp-json\/wp\/v2\/comments?post=4603"}],"version-history":[{"count":0,"href":"https:\/\/www.acfo-acaf.com\/fr\/wp-json\/wp\/v2\/pages\/4603\/revisions"}],"up":[{"embeddable":true,"href":"https:\/\/www.acfo-acaf.com\/fr\/wp-json\/wp\/v2\/pages\/4828"}],"wp:featuredmedia":[{"embeddable":true,"href":"https:\/\/www.acfo-acaf.com\/fr\/wp-json\/wp\/v2\/media\/2651"}],"wp:attachment":[{"href":"https:\/\/www.acfo-acaf.com\/fr\/wp-json\/wp\/v2\/media?parent=4603"}],"curies":[{"name":"wp","href":"https:\/\/api.w.org\/{rel}","templated":true}]}}