{"id":4605,"date":"2022-11-01T10:36:37","date_gmt":"2022-11-01T10:36:37","guid":{"rendered":"https:\/\/www.acfo-acaf.com\/?page_id=19010"},"modified":"2024-05-03T16:14:50","modified_gmt":"2024-05-03T16:14:50","slug":"vitrine-des-membres-ada-kwok","status":"publish","type":"page","link":"https:\/\/www.acfo-acaf.com\/fr\/a-propos-de-lacfo-acaf\/vitrine-des-membres-acfo-acaf\/vitrine-des-membres-ada-kwok\/","title":{"rendered":"Vitrine des membres : Ada (Yuen Yee) Kwok"},"content":{"rendered":"<div class='acfoSection pageHeader__wrap'><div class='pageHeader pageHeader--standard'><div class='pageHeader__topLinkWrap'><a class='pageHeader__topLink' href='https:\/\/www.acfo-acaf.com\/fr\/a-propos-de-lacfo-acaf\/'>\u00c0 propos de l&rsquo;ACFO-ACAF<\/a><\/div><h1>Vitrine des membres : Ada (Yuen Yee) Kwok<\/h1><\/div><\/div>\n\n\n<p>La vitrine des membres de l&rsquo;ACFO-ACAF est un article qui pr\u00e9sente les membres de l&rsquo;ACFO-ACAF qui ont fait preuve d&rsquo;un d\u00e9vouement exceptionnel \u00e0 leur travail, qui ont fait une diff\u00e9rence sur leur lieu de travail et qui ont eu un impact profond sur la communaut\u00e9 CT. Vous d\u00e9couvrirez l&rsquo;histoire de ces membres, leurs contributions et l&rsquo;impact qu&rsquo;ils ont eu sur leur communaut\u00e9.<\/p>\n\n\n\n<h2 class=\"wp-block-heading\">Rencontrez Ada<\/h2>\n\n\n\n<figure class=\"wp-block-embed is-type-video is-provider-youtube wp-block-embed-youtube wp-embed-aspect-16-9 wp-has-aspect-ratio\"><div class=\"wp-block-embed__wrapper\">\n<iframe loading=\"lazy\" title=\"ACFO-ACAF Member Showcase: Meet Ada\" width=\"500\" height=\"281\" src=\"https:\/\/www.youtube.com\/embed\/cwKz4GrkfYI?feature=oembed\" frameborder=\"0\" allow=\"accelerometer; autoplay; clipboard-write; encrypted-media; gyroscope; picture-in-picture; web-share\" referrerpolicy=\"strict-origin-when-cross-origin\" allowfullscreen><\/iframe>\n<\/div><figcaption class=\"wp-element-caption\">Cliquez sur le bouton CC pour les sous-titres en fran\u00e7ais.<\/figcaption><\/figure>\n\n\n\n<p>Ada est reconnue par ses coll\u00e8gues du minist\u00e8re de la D\u00e9fense nationale et du Conseil du Tr\u00e9sor comme une joueuse d&rsquo;\u00e9quipe extraordinaire qui fait toujours de son mieux et profite des nouvelles occasions. Pour ses coll\u00e8gues, Ada est une personne extraordinaire \u00e0 c\u00f4toyer au bureau, car elle se surpasse pour \u00e9tablir des liens avec des personnes au sein du minist\u00e8re, tout en planifiant plusieurs \u00e9v\u00e9nements de r\u00e9seautage tout au long de l&rsquo;ann\u00e9e qui encouragent les autres \u00e0 \u00e9tablir des liens.<\/p>\n\n\n\n<p>Ada est connue pour \u00eatre tr\u00e8s attentionn\u00e9e, comme en t\u00e9moigne le fait qu&rsquo;elle utilise ses impressionnants talents artistiques pour cr\u00e9er des cartes d&rsquo;anniversaire personnalis\u00e9es pour ses coll\u00e8gues, et qu&rsquo;elle est connue pour apporter des p\u00e2tisseries qu&rsquo;elle partage avec les autres membres du bureau. Elle fait tout son possible pour \u00e9tablir des liens avec les autres et rend la journ\u00e9e de travail plus agr\u00e9able gr\u00e2ce \u00e0 son attitude positive et \u00e0 sa gentillesse.<\/p>\n\n\n\n<figure class=\"wp-block-image size-large\"><a href=\"https:\/\/www.acfo-acaf.com\/wp-content\/uploads\/2022\/10\/\u00a9JessicaDeeks_20220727_ACFO_AdaKwok_0364-JD_2048px1-1.jpg\"><img decoding=\"async\" src=\"https:\/\/www.acfo-acaf.com\/wp-content\/uploads\/2022\/10\/\u00a9JessicaDeeks_20220727_ACFO_AdaKwok_0364-JD_2048px1-1-1024x683.jpg\" alt=\"\" class=\"wp-image-18878\"\/><\/a><\/figure>\n\n\n\n<h4 class=\"wp-block-heading\">Quel est votre nom, votre classification et votre minist\u00e8re ?<\/h4>\n\n\n\n<p>Je m&rsquo;appelle Serge PJe m&rsquo;appelle Yuen Yee (Ada) Kwok et je suis un FI-02 au minist\u00e8re de la D\u00e9fense nationale, bien que je sois actuellement en d\u00e9tachement au Secr\u00e9tariat du Conseil du Tr\u00e9sor du Canada.<\/p>\n\n\n\n<h4 class=\"wp-block-heading\">En quelques phrases, que faites-vous ?<\/h4>\n\n\n\n<p>Au MDN, je suis conseiller en gestion financi\u00e8re (FMA) pour le SMA de l&rsquo;infrastructure et de l&rsquo;environnement, plus pr\u00e9cis\u00e9ment pour le Groupe des op\u00e9rations immobili\u00e8res. Au SCT, j&rsquo;appuie de nombreuses initiatives d&rsquo;apprentissage et de perfectionnement pour la communaut\u00e9 FI.<\/p>\n\n\n\n<h4 class=\"wp-block-heading\">Qu&rsquo;aimez-vous faire pour vous amuser pendant votre temps libre ?<\/h4>\n\n\n\n<p>J&rsquo;aime beaucoup explorer Ottawa et les autres villes de la r\u00e9gion. Chaque semaine, j&rsquo;essaie de visiter un endroit diff\u00e9rent, que ce soit un sentier de la CCN ou un parc. Ce qui me pla\u00eet le plus, c&rsquo;est que, comme j&rsquo;aime la bonne nourriture, j&rsquo;ai l&rsquo;occasion d&rsquo;essayer de nouveaux caf\u00e9s et restaurants dans le quartier. De plus, j&rsquo;aime faire de la p\u00e2tisserie dans mes temps libres, qu&rsquo;il s&rsquo;agisse de pain \u00e0 l&rsquo;ail ou de muffins aux pommes et \u00e0 la cannelle.<\/p>\n\n\n\n<figure class=\"wp-block-image size-large\"><a href=\"https:\/\/www.acfo-acaf.com\/wp-content\/uploads\/2022\/10\/\u00a9JessicaDeeks_20220727_ACFO_AdaKwok_0404-JD_2048px1-1.jpg\"><img decoding=\"async\" src=\"https:\/\/www.acfo-acaf.com\/wp-content\/uploads\/2022\/10\/\u00a9JessicaDeeks_20220727_ACFO_AdaKwok_0404-JD_2048px1-1-1024x683.jpg\" alt=\"\" class=\"wp-image-18879\"\/><\/a><\/figure>\n\n\n\n<h4 class=\"wp-block-heading\">Quelle est la partie de votre travail que vous pr\u00e9f\u00e9rez ?<\/h4>\n\n\n\n<p>Que ce soit au MDN ou au SCT, je dirais que ce que je pr\u00e9f\u00e8re dans mon travail, c&rsquo;est de voir les r\u00e9sultats concrets et la valeur que j&rsquo;ajoute pour aider les autres. Au MDN, je peux voir comment mon r\u00f4le dans le domaine des finances a permis de soutenir des op\u00e9rations militaires, comme l&rsquo;op\u00e9ration LASER pendant la pand\u00e9mie. Au SCT, en tant que CPA moi-m\u00eame, ce qui me motive vraiment, c&rsquo;est la fa\u00e7on dont je peux soutenir mes coll\u00e8gues FI qui travaillent \u00e9galement sur leur parcours de CPA. C&rsquo;est vraiment inspirant pour moi de pouvoir aider d&rsquo;autres personnes qui connaissent les m\u00eames difficult\u00e9s que moi.<\/p>\n\n\n\n<h4 class=\"wp-block-heading\">Pourquoi \u00eates-vous fier de faire partie de la Communaut\u00e9 CT ? Et quel conseil donneriez-vous \u00e0 une personne nouvellement arriv\u00e9e dans la Communaut\u00e9 CT ?<\/h4>\n\n\n\n<p>Avoir une vie professionnelle saine, c&rsquo;est \u00eatre engag\u00e9 \u00e0 la fois au travail et en dehors du travail. J&rsquo;ai essay\u00e9 de supporter les autres FI qui \u00e9tudient pour obtenir leur CPA en cofondant le Finance Professionals Network, o\u00f9 nous avons un programme de mentorat CFE pour les personnes qui \u00e9tudient pour leurs examens. J&rsquo;ai rejoint le comit\u00e9 social de notre organisation, o\u00f9 nous planifions des chasses au tr\u00e9sor, la f\u00eate de No\u00ebl et d&rsquo;autres \u00e9v\u00e9nements de ce genre. En outre, j&rsquo;ai \u00e9galement organis\u00e9 des sessions pour aider d&rsquo;autres personnes qui font \u00e9galement leur CPA avec leur exp\u00e9rience professionnelle. Ce sont quelques-unes des fa\u00e7ons dont j&rsquo;ai pris sur moi d&rsquo;aider les autres. Chaque fois que j&rsquo;ai eu une id\u00e9e, la communaut\u00e9 CT m&rsquo;a toujours encourag\u00e9 \u00e0 la suivre. En tant que jeune FI, cela signifie beaucoup d&rsquo;avoir la possibilit\u00e9 d&rsquo;\u00eatre le changement, et aussi de faire le changement.<\/p>\n\n\n\n<figure class=\"wp-block-image size-large\"><a href=\"https:\/\/www.acfo-acaf.com\/wp-content\/uploads\/2022\/10\/\u00a9JessicaDeeks_20220727_ACFO_AdaKwok_0302-JD_2048px1-1.jpg\"><img decoding=\"async\" src=\"https:\/\/www.acfo-acaf.com\/wp-content\/uploads\/2022\/10\/\u00a9JessicaDeeks_20220727_ACFO_AdaKwok_0302-JD_2048px1-1-1024x683.jpg\" alt=\"\" class=\"wp-image-18877\"\/><\/a><\/figure>\n\n\n\n<h2 class=\"wp-block-heading\">Proposez d\u00e8s aujourd&rsquo;hui la candidature d&rsquo;un coll\u00e8gue \u00e0 la vitrine des membres de l&rsquo;ACFO-ACAF<\/h2>\n\n\n\n<p>Si vous avez un coll\u00e8gue dont l&rsquo;\u00e9thique du travail et le d\u00e9vouement sont remarquables et que vous aimeriez proposer comme candidat(e) pour la vitrine des membres, vous pouvez contacter la directrice des communications et de l&rsquo;engagement des membres, Lauren Doty, \u00e0 l&rsquo;adresse <a rel=\"noreferrer noopener\" href=\"mailto:ldoty@acfo-acaf.com\" target=\"_blank\">ldoty@acfo-acaf.com<\/a>.<\/p>\n\n\n<div class='acfoSection sectionWrap sectionWrap--linkbox  sectionWrap--color-yellow' ><div class='section section--linkbox '><div class='linkbox linkbox--2col'><div class='linkbox__titleWrap'><h2 class='sectionTitle linkbox__title'>Contactez-nous<\/h2><\/div><div class='linkbox__description sectionDescription'>Si vous souhaitez vous impliquer \u00e0 l\u2019ACFO-ACAF ou prendre contact avec nous, il y a de nombreuses fa\u00e7ons de nous joindre. Nous serons ravis de vous entendre.<div class='linkWrap--arrow linkbox__linkWrap'><a href='https:\/\/www.acfo-acaf.com\/fr\/contactez-nous\/' class='link--arrow link--hoverSlide' ><div class=''>Prendre contact avec nous<span class=\"acfoArrow\"> \u2192<\/span><\/div><\/a><\/div><\/div><\/div><\/div><\/div>","protected":false},"excerpt":{"rendered":"<p>La vitrine des membres de l&rsquo;ACFO-ACAF est un article qui pr\u00e9sente les membres de l&rsquo;ACFO-ACAF qui ont fait preuve d&rsquo;un [&hellip;]<\/p>\n","protected":false},"author":2,"featured_media":2646,"parent":4828,"menu_order":0,"comment_status":"closed","ping_status":"closed","template":"","meta":{"_acf_changed":false,"footnotes":""},"class_list":["post-4605","page","type-page","status-publish","has-post-thumbnail","hentry"],"acf":[],"_links":{"self":[{"href":"https:\/\/www.acfo-acaf.com\/fr\/wp-json\/wp\/v2\/pages\/4605","targetHints":{"allow":["GET"]}}],"collection":[{"href":"https:\/\/www.acfo-acaf.com\/fr\/wp-json\/wp\/v2\/pages"}],"about":[{"href":"https:\/\/www.acfo-acaf.com\/fr\/wp-json\/wp\/v2\/types\/page"}],"author":[{"embeddable":true,"href":"https:\/\/www.acfo-acaf.com\/fr\/wp-json\/wp\/v2\/users\/2"}],"replies":[{"embeddable":true,"href":"https:\/\/www.acfo-acaf.com\/fr\/wp-json\/wp\/v2\/comments?post=4605"}],"version-history":[{"count":0,"href":"https:\/\/www.acfo-acaf.com\/fr\/wp-json\/wp\/v2\/pages\/4605\/revisions"}],"up":[{"embeddable":true,"href":"https:\/\/www.acfo-acaf.com\/fr\/wp-json\/wp\/v2\/pages\/4828"}],"wp:featuredmedia":[{"embeddable":true,"href":"https:\/\/www.acfo-acaf.com\/fr\/wp-json\/wp\/v2\/media\/2646"}],"wp:attachment":[{"href":"https:\/\/www.acfo-acaf.com\/fr\/wp-json\/wp\/v2\/media?parent=4605"}],"curies":[{"name":"wp","href":"https:\/\/api.w.org\/{rel}","templated":true}]}}