{"id":4607,"date":"2022-10-20T15:45:48","date_gmt":"2022-10-20T15:45:48","guid":{"rendered":"https:\/\/www.acfo-acaf.com\/?page_id=18818"},"modified":"2024-05-03T16:13:37","modified_gmt":"2024-05-03T16:13:37","slug":"vitrine-des-membres-christopher-flores-lyons","status":"publish","type":"page","link":"https:\/\/www.acfo-acaf.com\/fr\/a-propos-de-lacfo-acaf\/vitrine-des-membres-acfo-acaf\/vitrine-des-membres-christopher-flores-lyons\/","title":{"rendered":"Vitrine des membres : Christopher Flores-Lyons"},"content":{"rendered":"<div class='acfoSection pageHeader__wrap'><div class='pageHeader pageHeader--standard'><div class='pageHeader__topLinkWrap'><a class='pageHeader__topLink' href='https:\/\/www.acfo-acaf.com\/fr\/a-propos-de-lacfo-acaf\/'>\u00c0 propos de l&rsquo;ACFO-ACAF<\/a><\/div><h1>Vitrine des membres : Christopher Flores-Lyons<\/h1><\/div><\/div>\n\n\n<p>La vitrine des membres de l&rsquo;ACFO-ACAF est un article qui pr\u00e9sente les membres de l&rsquo;ACFO-ACAF qui ont fait preuve d&rsquo;un d\u00e9vouement exceptionnel \u00e0 leur travail, qui ont fait une diff\u00e9rence sur leur lieu de travail et qui ont eu un impact profond sur la communaut\u00e9 CT. Vous d\u00e9couvrirez l&rsquo;histoire de ces membres, leurs contributions et l&rsquo;impact qu&rsquo;ils ont eu sur leur communaut\u00e9.<\/p>\n\n\n\n<h2 class=\"wp-block-heading\">Rencontrez Christopher<\/h2>\n\n\n\n<figure class=\"wp-block-embed is-type-video is-provider-youtube wp-block-embed-youtube wp-embed-aspect-16-9 wp-has-aspect-ratio\"><div class=\"wp-block-embed__wrapper\">\n<iframe loading=\"lazy\" title=\"ACFO-ACAF Member Showcase: Meet Christopher\" width=\"500\" height=\"281\" src=\"https:\/\/www.youtube.com\/embed\/ecpMjVvch7A?feature=oembed\" frameborder=\"0\" allow=\"accelerometer; autoplay; clipboard-write; encrypted-media; gyroscope; picture-in-picture; web-share\" referrerpolicy=\"strict-origin-when-cross-origin\" allowfullscreen><\/iframe>\n<\/div><figcaption class=\"wp-element-caption\">Cliquez sur le bouton CC pour les sous-titres en fran\u00e7ais.<\/figcaption><\/figure>\n\n\n\n<p>Christopher est reconnu par ses coll\u00e8gues comme un individu qui fait des efforts pour s&rsquo;engager avec les autres sur le lieu de travail et cr\u00e9er un environnement o\u00f9 les membres de l&rsquo;\u00e9quipe, nouveaux et anciens, se sentent accueillis et appr\u00e9ci\u00e9s.<\/p>\n\n\n\n<p>Il participe activement \u00e0 de nombreux \u00e9v\u00e9nements organis\u00e9s pour la communaut\u00e9 CT, et est toujours pr\u00eat \u00e0 faire tout ce qu&rsquo;il peut pour aider l&rsquo;\u00e9quipe \u00e0 r\u00e9ussir. &nbsp;<\/p>\n\n\n\n<figure class=\"wp-block-image size-large\"><a href=\"https:\/\/www.acfo-acaf.com\/wp-content\/uploads\/2022\/10\/ACFO-Christopher-28-WEB1-1.jpg\"><img decoding=\"async\" src=\"https:\/\/www.acfo-acaf.com\/wp-content\/uploads\/2022\/10\/ACFO-Christopher-28-WEB1-1-1024x768.jpg\" alt=\"\" class=\"wp-image-18823\"\/><\/a><\/figure>\n\n\n\n<h4 class=\"wp-block-heading\">Quel est votre nom, votre classification et votre minist\u00e8re ?<\/h4>\n\n\n\n<p>Je m&rsquo;appelle Christopher Flores-Lyons, je suis un FI-02 \u00e0 Services partag\u00e9s Canada et je travaille avec notre division de la gestion des ressources.<\/p>\n\n\n\n<h4 class=\"wp-block-heading\">En quelques phrases, que faites-vous ?<\/h4>\n\n\n\n<p>Chaque jour, dans notre division de gestion des ressources, je me concentre sur la production de rapports internes et de rapports sur les projets pour la haute direction. Ce qui est le plus int\u00e9ressant dans mon travail, c&rsquo;est de pouvoir travailler au sein de la fonction publique et de savoir que je travaille avec les fonds publics et mon propre argent, d&rsquo;une certaine fa\u00e7on. Mon travail consiste \u00e0 aider \u00e0 am\u00e9liorer les temps d&rsquo;attente lorsque vous traitez avec le gouvernement et aider \u00e0 num\u00e9riser un grand nombre de services que le gouvernement fournit. Pour moi, c&rsquo;est l&rsquo;une des meilleures parties de mon travail.<\/p>\n\n\n\n<h4 class=\"wp-block-heading\">Qu&rsquo;aimez-vous faire pour vous amuser pendant votre temps libre ?<\/h4>\n\n\n\n<p>Pendant mon temps libre, vous me trouverez souvent en train de jouer sur ma Xbox ou de construire des Lego. J&rsquo;ai plusieurs jeux Lego, tellement que je commence \u00e0 ne plus avoir de place dans mon propre appartement. J&rsquo;aime aussi me promener et profiter de l&rsquo;ext\u00e9rieur. C&rsquo;est super de travailler dans la r\u00e9gion de la capitale parce que je suis si pr\u00e8s du parc de la Gatineau et que je peux voir beaucoup de montagnes et prendre de l&rsquo;air frais dans la r\u00e9gion.<\/p>\n\n\n\n<figure class=\"wp-block-image size-large\"><a href=\"https:\/\/www.acfo-acaf.com\/wp-content\/uploads\/2022\/10\/ACFO-Christopher-12-WEB1-1.jpg\"><img decoding=\"async\" src=\"https:\/\/www.acfo-acaf.com\/wp-content\/uploads\/2022\/10\/ACFO-Christopher-12-WEB1-1-1024x750.jpg\" alt=\"\" class=\"wp-image-18821\"\/><\/a><\/figure>\n\n\n\n<h4 class=\"wp-block-heading\">Quelle est la partie de votre travail que vous pr\u00e9f\u00e9rez ?<\/h4>\n\n\n\n<p>Dans notre d\u00e9partement, nous avons des personnes qui travaillent dans la gestion de projet ou sur des aspects plus techniques et informatiques, et nous avons \u00e9galement l&rsquo;occasion de travailler avec de nombreux autres professionnels de la gestion financi\u00e8re. Une partie de mon travail consiste \u00e0 travailler et \u00e0 apprendre d&rsquo;un grand nombre de ces diff\u00e9rents experts dans la mati\u00e8re afin d&rsquo;\u00e9tablir leurs rapports sur leurs finances et leurs d\u00e9penses. J&rsquo;ai \u00e9galement \u00e9t\u00e9 capable d&rsquo;en apprendre un peu plus sur ce qu&rsquo;ils font et comment ils aident l&rsquo;organisation.<\/p>\n\n\n\n<h4 class=\"wp-block-heading\">Qu&rsquo;est-ce qui vous rend fier de faire partie de la communaut\u00e9 CT ?<\/h4>\n\n\n\n<p>L&rsquo;une des choses qui me rendent fier de faire partie de la communaut\u00e9 CT est la grande diversit\u00e9 que nous avons. Nous avons des gens qui travaillent dans tellement d&rsquo;organisations diff\u00e9rentes \u00e0 travers le pays. J&rsquo;ai l&rsquo;occasion de rencontrer un grand nombre de ces personnes et de cr\u00e9er des liens \u00e0 travers le Canada, tout en travaillant dans un domaine qui nous aide \u00e0 nous assurer que nous utilisons l&rsquo;argent des contribuables et notre propre argent de mani\u00e8re responsable.<\/p>\n\n\n\n<h4 class=\"wp-block-heading\">Quel conseil donneriez-vous \u00e0 une personne nouvellement arriv\u00e9e dans la communaut\u00e9 CT ?<\/h4>\n\n\n\n<p>Pour les nouveaux venus dans la communaut\u00e9 CT, je recommande vivement de participer aux diff\u00e9rents \u00e9v\u00e9nements ou groupes de travail de votre organisation, qu&rsquo;ils soient gouvernementaux, d\u00e9partementaux ou internes. Cela vous permettra de rencontrer de nombreux types de personnes diff\u00e9rentes. Vous commencerez \u00e0 construire votre r\u00e9seau, lorsque vous commencerez \u00e0 entendre les exp\u00e9riences des autres et \u00e0 apprendre des recommandations des autres, c&rsquo;est l&rsquo;une des choses les plus importantes que vous pouvez faire lorsque vous commencez votre carri\u00e8re de CT.<\/p>\n\n\n\n<figure class=\"wp-block-image size-large\"><a href=\"https:\/\/www.acfo-acaf.com\/wp-content\/uploads\/2022\/10\/ACFO-Christopher-23-WEB1-1.jpg\"><img decoding=\"async\" src=\"https:\/\/www.acfo-acaf.com\/wp-content\/uploads\/2022\/10\/ACFO-Christopher-23-WEB1-1-1024x768.jpg\" alt=\"\" class=\"wp-image-18822\"\/><\/a><\/figure>\n\n\n\n<h2 class=\"wp-block-heading\">Proposez d\u00e8s aujourd&rsquo;hui la candidature d&rsquo;un ou une coll\u00e8gue \u00e0 la vitrine des membres de l&rsquo;ACFO-ACAF<\/h2>\n\n\n\n<p>Si vous avez un ou une coll\u00e8gue dont l&rsquo;\u00e9thique du travail et le d\u00e9vouement sont remarquables et que vous aimeriez proposer comme candidat(e) pour la vitrine des membres, vous pouvez contacter la directrice des communications et de l&rsquo;engagement des membres, Lauren Doty, \u00e0 l&rsquo;adresse <a rel=\"noreferrer noopener\" href=\"mailto:ldoty@acfo-acaf.com\" target=\"_blank\">ldoty@acfo-acaf.com<\/a>.<\/p>\n\n\n<div class='acfoSection sectionWrap sectionWrap--linkbox  sectionWrap--color-yellow' ><div class='section section--linkbox '><div class='linkbox linkbox--2col'><div class='linkbox__titleWrap'><h2 class='sectionTitle linkbox__title'>Contactez-nous<\/h2><\/div><div class='linkbox__description sectionDescription'>Si vous souhaitez vous impliquer \u00e0 l\u2019ACFO-ACAF ou prendre contact avec nous, il y a de nombreuses fa\u00e7ons de nous joindre. Nous serons ravis de vous entendre.<div class='linkWrap--arrow linkbox__linkWrap'><a href='https:\/\/www.acfo-acaf.com\/fr\/contactez-nous\/' class='link--arrow link--hoverSlide' ><div class=''>Prendre contact avec nous<span class=\"acfoArrow\"> \u2192<\/span><\/div><\/a><\/div><\/div><\/div><\/div><\/div>","protected":false},"excerpt":{"rendered":"<p>La vitrine des membres de l&rsquo;ACFO-ACAF est un article qui pr\u00e9sente les membres de l&rsquo;ACFO-ACAF qui ont fait preuve d&rsquo;un [&hellip;]<\/p>\n","protected":false},"author":2,"featured_media":2633,"parent":4828,"menu_order":0,"comment_status":"closed","ping_status":"closed","template":"","meta":{"_acf_changed":false,"footnotes":""},"class_list":["post-4607","page","type-page","status-publish","has-post-thumbnail","hentry"],"acf":[],"_links":{"self":[{"href":"https:\/\/www.acfo-acaf.com\/fr\/wp-json\/wp\/v2\/pages\/4607","targetHints":{"allow":["GET"]}}],"collection":[{"href":"https:\/\/www.acfo-acaf.com\/fr\/wp-json\/wp\/v2\/pages"}],"about":[{"href":"https:\/\/www.acfo-acaf.com\/fr\/wp-json\/wp\/v2\/types\/page"}],"author":[{"embeddable":true,"href":"https:\/\/www.acfo-acaf.com\/fr\/wp-json\/wp\/v2\/users\/2"}],"replies":[{"embeddable":true,"href":"https:\/\/www.acfo-acaf.com\/fr\/wp-json\/wp\/v2\/comments?post=4607"}],"version-history":[{"count":0,"href":"https:\/\/www.acfo-acaf.com\/fr\/wp-json\/wp\/v2\/pages\/4607\/revisions"}],"up":[{"embeddable":true,"href":"https:\/\/www.acfo-acaf.com\/fr\/wp-json\/wp\/v2\/pages\/4828"}],"wp:featuredmedia":[{"embeddable":true,"href":"https:\/\/www.acfo-acaf.com\/fr\/wp-json\/wp\/v2\/media\/2633"}],"wp:attachment":[{"href":"https:\/\/www.acfo-acaf.com\/fr\/wp-json\/wp\/v2\/media?parent=4607"}],"curies":[{"name":"wp","href":"https:\/\/api.w.org\/{rel}","templated":true}]}}