{"id":4613,"date":"2022-10-20T12:11:22","date_gmt":"2022-10-20T12:11:22","guid":{"rendered":"https:\/\/www.acfo-acaf.com\/?page_id=18738"},"modified":"2024-05-03T16:16:37","modified_gmt":"2024-05-03T16:16:37","slug":"vitrine-des-membres-serge-philippe","status":"publish","type":"page","link":"https:\/\/www.acfo-acaf.com\/fr\/a-propos-de-lacfo-acaf\/vitrine-des-membres-acfo-acaf\/vitrine-des-membres-serge-philippe\/","title":{"rendered":"Vitrine des membres : Serge Philippe"},"content":{"rendered":"<div class='acfoSection pageHeader__wrap'><div class='pageHeader pageHeader--standard'><div class='pageHeader__topLinkWrap'><a class='pageHeader__topLink' href='https:\/\/www.acfo-acaf.com\/fr\/a-propos-de-lacfo-acaf\/'>\u00c0 propos de l&rsquo;ACFO-ACAF<\/a><\/div><h1>Vitrine des membres : Serge Philippe<\/h1><\/div><\/div>\n\n\n<p>La vitrine des membres de l&rsquo;ACFO-ACAF est un article qui pr\u00e9sente les membres de l&rsquo;ACFO-ACAF qui ont fait preuve d&rsquo;un d\u00e9vouement exceptionnel \u00e0 leur travail, qui ont fait une diff\u00e9rence sur leur lieu de travail et qui ont eu un impact profond sur la communaut\u00e9 CT. Vous d\u00e9couvrirez l&rsquo;histoire de ces membres, leurs contributions et l&rsquo;impact qu&rsquo;ils ont eu sur leur communaut\u00e9.<\/p>\n\n\n\n<h2 class=\"wp-block-heading\">Rencontrez Serge<\/h2>\n\n\n\n<figure class=\"wp-block-embed is-type-video is-provider-youtube wp-block-embed-youtube wp-embed-aspect-16-9 wp-has-aspect-ratio\"><div class=\"wp-block-embed__wrapper\">\n<iframe loading=\"lazy\" title=\"ACFO-ACAF Member Showcase: Meet Serge\" width=\"500\" height=\"281\" src=\"https:\/\/www.youtube.com\/embed\/bxrm2KrY6wo?feature=oembed\" frameborder=\"0\" allow=\"accelerometer; autoplay; clipboard-write; encrypted-media; gyroscope; picture-in-picture; web-share\" referrerpolicy=\"strict-origin-when-cross-origin\" allowfullscreen><\/iframe>\n<\/div><figcaption class=\"wp-element-caption\">Cliquez sur le bouton CC pour les sous-titres en fran\u00e7ais.<\/figcaption><\/figure>\n\n\n\n<p>Serge est un v\u00e9t\u00e9ran de la fonction publique, avec pr\u00e8s de 30 ans de travail dans le domaine des finances au Service administratif des tribunaux. Au cours de cette p\u00e9riode, Serge a assum\u00e9 de nombreux r\u00f4les difficiles, parfois plusieurs \u00e0 la fois, et il est toujours pr\u00eat \u00e0 faire des t\u00e2ches suppl\u00e9mentaires pour le bien de l&rsquo;\u00e9quipe et du service.<\/p>\n\n\n\n<p>Connu et aim\u00e9 de ses coll\u00e8gues pour son d\u00e9vouement, son sens de l&rsquo;humour et son adorable chien Fisher, Serge se surpasse depuis de nombreuses ann\u00e9es pour rendre l&rsquo;environnement de travail agr\u00e9able et enrichissant. L&rsquo;importance qu&rsquo;il accorde \u00e0 la coh\u00e9sion de l&rsquo;\u00e9quipe, \u00e0 l&rsquo;\u00e9quilibre entre vie professionnelle et vie priv\u00e9e de ses employ\u00e9s et aux activit\u00e9s de renforcement de l&rsquo;esprit d&rsquo;\u00e9quipe lui ont valu la r\u00e9putation de manager exceptionnel aupr\u00e8s de ses coll\u00e8gues.<\/p>\n\n\n\n<figure class=\"wp-block-image size-large\"><a href=\"https:\/\/www.acfo-acaf.com\/wp-content\/uploads\/2022\/10\/ACFO-Serge-01-WEB1.jpg\"><img decoding=\"async\" src=\"https:\/\/www.acfo-acaf.com\/wp-content\/uploads\/2022\/10\/ACFO-Serge-01-WEB1-1024x683.jpg\" alt=\"\" class=\"wp-image-18741\"\/><\/a><\/figure>\n\n\n\n<h4 class=\"wp-block-heading\">Quel est votre nom, votre classification et votre minist\u00e8re ?<\/h4>\n\n\n\n<p>Je m&rsquo;appelle Serge Philippe, je suis actuellement FI-4 par int\u00e9rim au Service administratif des tribunaux. Je suis le directeur des op\u00e9rations comptables, des rapports et des syst\u00e8mes.<\/p>\n\n\n\n<h4 class=\"wp-block-heading\">En quelques phrases, que faites-vous ?<\/h4>\n\n\n\n<p>Je supervise les op\u00e9rations comptables, les comptes d\u00e9biteurs, les rapports externes et je supervise \u00e9galement une mise \u00e0 niveau des syst\u00e8mes financiers.<\/p>\n\n\n\n<h4 class=\"wp-block-heading\">Qu&rsquo;aimez-vous faire pour vous amuser pendant votre temps libre ?<\/h4>\n\n\n\n<p>Pendant mon temps libre, j&rsquo;aime cuisiner, j&rsquo;aime faire de la p\u00e2tisserie, j&rsquo;aime construire des choses, j&rsquo;aime maintenir ma maison. J&rsquo;ai des amis tr\u00e8s proches avec qui je passe du temps, nous nous retrouvons une fois par an, et ce depuis 34 ans. Ce sont tous des amis de l&rsquo;\u00e9cole primaire. Mes amis et ma famille sont une priorit\u00e9, alors j&rsquo;aime passer du temps avec eux.<\/p>\n\n\n\n<figure class=\"wp-block-image size-large\"><a href=\"https:\/\/www.acfo-acaf.com\/wp-content\/uploads\/2022\/10\/ACFO-Serge-28-WEB1.jpg\"><img decoding=\"async\" src=\"https:\/\/www.acfo-acaf.com\/wp-content\/uploads\/2022\/10\/ACFO-Serge-28-WEB1-1024x683.jpg\" alt=\"\" class=\"wp-image-18742\"\/><\/a><\/figure>\n\n\n\n<h4 class=\"wp-block-heading\">Quelle est la partie de votre travail que vous pr\u00e9f\u00e9rez ?<\/h4>\n\n\n\n<p>Ce que je pr\u00e9f\u00e8re dans ce travail, c&rsquo;est la vari\u00e9t\u00e9. Vous n&rsquo;aurez jamais la m\u00eame journ\u00e9e. Je compare le travail des op\u00e9rations \u00e0 celui des urgences : vous devez trier les probl\u00e8mes, diff\u00e9rents cas arrivent, vous traitez le plus critique et vous passez \u00e0 autre chose. J&rsquo;aime aussi les gens qui travaillent pour moi et les gens pour qui je travaille. Il faut un type de personne tr\u00e8s sp\u00e9cial pour travailler dans la comptabilit\u00e9, et j&rsquo;appr\u00e9cie leur esprit d&rsquo;initiative. Cela rend mon travail beaucoup plus facile.<\/p>\n\n\n\n<h4 class=\"wp-block-heading\">Quel conseil donneriez-vous \u00e0 une personne nouvellement arriv\u00e9e dans la communaut\u00e9 CT ?<\/h4>\n\n\n\n<p>Pour un nouvel arrivant dans la communaut\u00e9 CT, je dirais : profitez de votre temps. Votre carri\u00e8re passera tr\u00e8s vite, prenez le temps de vous perfectionner avant de progresser tout au long de votre carri\u00e8re. Il y a certaines comp\u00e9tences, notamment en mati\u00e8re de relations humaines et de gestion, que vous devez d\u00e9velopper au fil du temps. Cela fait de vous un meilleur employ\u00e9, un meilleur gestionnaire et cela vous aide en g\u00e9n\u00e9ral. Si vous gravissez les \u00e9chelons trop rapidement, vous ne d\u00e9veloppez pas les comp\u00e9tences sp\u00e9cifiques pour faire face \u00e0 des situations particuli\u00e8res<\/p>\n\n\n\n<h4 class=\"wp-block-heading\">Que souhaitez-vous ajouter ?<\/h4>\n\n\n\n<p>J&rsquo;aimerais vous remercier, ainsi que les personnes qui ont propos\u00e9 ma candidature pour ce projet. Je sais qui ils sont, et j&rsquo;appr\u00e9cie chacun d&rsquo;entre eux et le travail qu&rsquo;ils font pour moi.<\/p>\n\n\n\n<figure class=\"wp-block-image size-large\"><a href=\"https:\/\/www.acfo-acaf.com\/wp-content\/uploads\/2022\/10\/ACFO-Serge-31-WEB1.jpg\"><img decoding=\"async\" src=\"https:\/\/www.acfo-acaf.com\/wp-content\/uploads\/2022\/10\/ACFO-Serge-31-WEB1-1024x781.jpg\" alt=\"\" class=\"wp-image-18743\"\/><\/a><\/figure>\n\n\n\n<h2 class=\"wp-block-heading\">Proposez d\u00e8s aujourd&rsquo;hui la candidature d&rsquo;un coll\u00e8gue \u00e0 la vitrine des membres de l&rsquo;ACFO-ACAF<\/h2>\n\n\n\n<p>Si vous avez un coll\u00e8gue dont l&rsquo;\u00e9thique du travail et le d\u00e9vouement sont remarquables et que vous aimeriez proposer comme candidat(e) pour la vitrine des membres, vous pouvez contacter la directrice des communications et de l&rsquo;engagement des membres, Lauren Doty, \u00e0 l&rsquo;adresse <a rel=\"noreferrer noopener\" href=\"mailto:ldoty@acfo-acaf.com\" target=\"_blank\">ldoty@acfo-acaf.com<\/a>.<\/p>\n\n\n<div class='acfoSection sectionWrap sectionWrap--linkbox  sectionWrap--color-yellow' ><div class='section section--linkbox '><div class='linkbox linkbox--2col'><div class='linkbox__titleWrap'><h2 class='sectionTitle linkbox__title'>Contactez-nous<\/h2><\/div><div class='linkbox__description sectionDescription'>Si vous souhaitez vous impliquer \u00e0 l\u2019ACFO-ACAF ou prendre contact avec nous, il y a de nombreuses fa\u00e7ons de nous joindre. Nous serons ravis de vous entendre.<div class='linkWrap--arrow linkbox__linkWrap'><a href='https:\/\/www.acfo-acaf.com\/fr\/contactez-nous\/' class='link--arrow link--hoverSlide' ><div class=''>Prendre contact avec nous<span class=\"acfoArrow\"> \u2192<\/span><\/div><\/a><\/div><\/div><\/div><\/div><\/div>","protected":false},"excerpt":{"rendered":"<p>La vitrine des membres de l&rsquo;ACFO-ACAF est un article qui pr\u00e9sente les membres de l&rsquo;ACFO-ACAF qui ont fait preuve d&rsquo;un [&hellip;]<\/p>\n","protected":false},"author":2,"featured_media":2597,"parent":4828,"menu_order":0,"comment_status":"closed","ping_status":"closed","template":"","meta":{"_acf_changed":false,"footnotes":""},"class_list":["post-4613","page","type-page","status-publish","has-post-thumbnail","hentry"],"acf":[],"_links":{"self":[{"href":"https:\/\/www.acfo-acaf.com\/fr\/wp-json\/wp\/v2\/pages\/4613","targetHints":{"allow":["GET"]}}],"collection":[{"href":"https:\/\/www.acfo-acaf.com\/fr\/wp-json\/wp\/v2\/pages"}],"about":[{"href":"https:\/\/www.acfo-acaf.com\/fr\/wp-json\/wp\/v2\/types\/page"}],"author":[{"embeddable":true,"href":"https:\/\/www.acfo-acaf.com\/fr\/wp-json\/wp\/v2\/users\/2"}],"replies":[{"embeddable":true,"href":"https:\/\/www.acfo-acaf.com\/fr\/wp-json\/wp\/v2\/comments?post=4613"}],"version-history":[{"count":0,"href":"https:\/\/www.acfo-acaf.com\/fr\/wp-json\/wp\/v2\/pages\/4613\/revisions"}],"up":[{"embeddable":true,"href":"https:\/\/www.acfo-acaf.com\/fr\/wp-json\/wp\/v2\/pages\/4828"}],"wp:featuredmedia":[{"embeddable":true,"href":"https:\/\/www.acfo-acaf.com\/fr\/wp-json\/wp\/v2\/media\/2597"}],"wp:attachment":[{"href":"https:\/\/www.acfo-acaf.com\/fr\/wp-json\/wp\/v2\/media?parent=4613"}],"curies":[{"name":"wp","href":"https:\/\/api.w.org\/{rel}","templated":true}]}}