{"id":4617,"date":"2020-05-14T10:14:11","date_gmt":"2020-05-14T10:14:11","guid":{"rendered":"https:\/\/www.acfo-acaf.com\/?page_id=14308"},"modified":"2024-04-22T19:39:34","modified_gmt":"2024-04-22T19:39:34","slug":"nav-canada-fis","status":"publish","type":"page","link":"https:\/\/www.acfo-acaf.com\/fr\/nos-groupes\/nav-canada-fis\/","title":{"rendered":"FI de NAV Canada"},"content":{"rendered":"<div class='acfoSection pageHeader__wrap'><div class='pageHeader pageHeader--standard'><div class='pageHeader__topLinkWrap'><a class='pageHeader__topLink' href='https:\/\/www.acfo-acaf.com\/fr\/nos-groupes\/'>Nos groupes<\/a><\/div><h1>FI de NAV Canada<\/h1><div class='sectionMenu__wrap linkListDd__wrap linkListDd__wrap--expands'><div class='sectionMenu__toggleWrap linkListDd__toggleWrap'><button type='button' class='sectionMenu__toggle linkListDd__toggle' id='sectionMenu__toggle-0' aria-controls='sectionMenu-0' aria-expanded='false'><span class='buttonLabel'>Sections<\/span><span class='buttonIcon buttonIcon--hamburger'><svg width=\"18\" height=\"12\" viewBox=\"0 0 18 12\" xmlns=\"http:\/\/www.w3.org\/2000\/svg\"><path d=\"M0 12h18v-2H0v2zm0-5h18V5H0v2zm0-7v2h18V0H0z\"\/><\/svg><\/span><span class='buttonIcon buttonIcon--close'><svg width=\"18\" height=\"18\" viewBox=\"0 0 18 18\" fill=\"none\" xmlns=\"http:\/\/www.w3.org\/2000\/svg\"><path d=\"M18 1.81L16.19 0 9 7.19 1.81 0 0 1.81 7.19 9 0 16.19 1.81 18 9 10.81 16.19 18 18 16.19 10.81 9 18 1.81z\" fill=\"#222\"\/><\/svg><\/span><\/button><\/div><nav class='sectionMenu linkListDd' aria-label='Menu de section' id='sectionMenu-0'><div class='sectionMenu__linkWrap linkListDd__item'><a class='sectionMenu__link' href='https:\/\/www.acfo-acaf.com\/fr\/nos-groupes\/ct-eav\/'>CT-EAV<\/a><\/div><div class='sectionMenu__linkWrap linkListDd__item'><a class='sectionMenu__link' href='https:\/\/www.acfo-acaf.com\/fr\/nos-groupes\/ct-fin\/'>CT-FIN<\/a><\/div><div class='sectionMenu__linkWrap linkListDd__item'><a class='sectionMenu__link' href='https:\/\/www.acfo-acaf.com\/fr\/nos-groupes\/ct-iau\/'>CT-IAU<\/a><\/div><div class='sectionMenu__linkWrap linkListDd__item'><a class='sectionMenu__link' href='https:\/\/www.acfo-acaf.com\/fr\/nos-groupes\/nav-canada-fis\/'>FI de NAV Canada<\/a><\/div><\/nav><\/div><\/div><\/div>\n\n<div class='acfoSection sectionWrap sectionWrap--content  sectionWrap--color-grey sectionWrap--withHeaderImage--inline' ><div class='section__headerImageWrap section__headerImageWrap--inline'><div class='section__headerImage'><img src='https:\/\/www.acfo-acaf.com\/wp-content\/uploads\/2024\/04\/b-powerpoint-20180701_canadaday-071-128x64.jpg' srcset='https:\/\/www.acfo-acaf.com\/wp-content\/uploads\/2024\/04\/b-powerpoint-20180701_canadaday-071-128x64.jpg 128w,https:\/\/www.acfo-acaf.com\/wp-content\/uploads\/2024\/04\/b-powerpoint-20180701_canadaday-071-256x128.jpg 256w,https:\/\/www.acfo-acaf.com\/wp-content\/uploads\/2024\/04\/b-powerpoint-20180701_canadaday-071-512x256.jpg 512w,https:\/\/www.acfo-acaf.com\/wp-content\/uploads\/2024\/04\/b-powerpoint-20180701_canadaday-071-750x375.jpg 750w,https:\/\/www.acfo-acaf.com\/wp-content\/uploads\/2024\/04\/b-powerpoint-20180701_canadaday-071-1024x512.jpg 1024w,https:\/\/www.acfo-acaf.com\/wp-content\/uploads\/2024\/04\/b-powerpoint-20180701_canadaday-071-1440x720.jpg 1440w,https:\/\/www.acfo-acaf.com\/wp-content\/uploads\/2024\/04\/b-powerpoint-20180701_canadaday-071-2000x1024.jpg 2048w' size='(max-width: 1180px) 100vw, 1180px' alt='' \/><\/div><\/div><div class='section section--content '><div class='contentSection content'>\n\n<p>Une trentaine d\u2019employ\u00e9s FI travaillent \u00e0 NAV Canada dans le domaine financier au sein de plusieurs unit\u00e9s de la soci\u00e9t\u00e9. Ils sont repr\u00e9sent\u00e9s par l\u2019ACFO-ACAF et la plupart d\u2019entre eux travaillent dans la r\u00e9gion de la capitale nationale.<\/p>\n\n\n\n<p>Faisant anciennement partie de la fonction publique, plus pr\u00e9cis\u00e9ment de Transports Canada, NAV Canada est devenue une soci\u00e9t\u00e9 \u00e0 but non lucratif en 1996. Les FI de NAV Canada sont toujours repr\u00e9sent\u00e9s par l\u2019ACFO-ACAF, mais ils ont une convention collective distincte de celle des plus de 6 000 CT-FIN (anciennement FI) de la fonction publique.<\/p>\n\n\n\n<p>Vous trouverez ci-dessous des nouvelles et des ressources sp\u00e9cifiques aux FI de NAV Canada.<\/p>\n\n<\/div><\/div><\/div>\n\n<div class='acfoSection sectionWrap sectionWrap--resourcePanel  sectionWrap--color-yellow' ><div class='section section--resourcePanel '><div class='resourcePanel resourcePanel--card card--color-white' >\n        <div class='resourcePanel__section resourcePanel__section--header'>\n      <h2 class='resourcePanel__sectionTitle'>Ressources<\/h2>\n    <\/div>\n        <div class='resourcePanel__listings'><div class='resourcePanel__listing'>\n        <div class='resourcePanel__listingHeader'><h3><img src='https:\/\/www.acfo-acaf.com\/wp-content\/themes\/acfo\/assets\/img\/icon\/file.svg' class=' acfoIcon' alt=\"Ic\u00f4ne de fichier\"\/>Votre convention collective<\/h3><p class=\"resourcePanel__listingDesc\">Vous cherchez la convention collective de votre groupe? Vous la trouverez ici. Vous trouverez aussi les conventions ant\u00e9rieures et d\u2019importantes mises \u00e0 jour sur les n\u00e9gociations<\/p><\/div>\n        <div class='resourcePanel__listWrap'><ul class='resourcePanel__list'><li class='resourcePanel__resource'><div class='linkWrap--arrow'><a href='https:\/\/www.acfo-acaf.com\/fr\/conventions-collectives-154\/' class='link--arrow link--hoverSlide' ><div class=''>Consultez votre convention collective et vos directives<span class=\"acfoArrow\"> \u2192<\/span><\/div><\/a><\/div><\/li><\/ul><\/div>\n    <\/div><div class='resourcePanel__listing'>\n        <div class='resourcePanel__listingHeader'><h3><img src='https:\/\/www.acfo-acaf.com\/wp-content\/themes\/acfo\/assets\/img\/icon\/membership.svg' class=' acfoIcon' alt=\"Ic\u00f4ne de membre\"\/>Votre adh\u00e9sion \u00e0 l\u2019ACFO-ACAF<\/h3><p class=\"resourcePanel__listingDesc\">\u00cates-vous nouveau ou nouvelle \u00e0 l\u2019ACFO-ACAF? Inscrivez-vous comme membre ou mettez \u00e0 jour vos coordonn\u00e9es pour recevoir nos nouvelles importantes directement dans votre bo\u00eete de r\u00e9ception.\r\n<\/p><\/div>\n        <div class='resourcePanel__listWrap'><ul class='resourcePanel__list'><li class='resourcePanel__resource'><div class='linkWrap--arrow'><a href='https:\/\/www.acfo-acaf.com\/fr\/services-aux-membres\/' class='link--arrow link--hoverSlide' ><div class=''>Enregistrez votre adh\u00e9sion \u00e0 l&#039;ACFO-ACAF<span class=\"acfoArrow\"> \u2192<\/span><\/div><\/a><\/div><\/li><li class='resourcePanel__resource'><div class='linkWrap--arrow'><a href='https:\/\/my.acfo-acaf.com' class='link--arrow link--hoverSlide'  rel=\"noopener noreferer\" target=\"_blank\" ><div class=''>Mise \u00e0 jour de vos informations dans le portail mon.ACFO-ACAF<span class=\"acfoArrow\"> \u2192<\/span><\/div><\/a><\/div><\/li><\/ul><\/div>\n    <\/div><div class='resourcePanel__listing'>\n        <div class='resourcePanel__listingHeader'><h3><img src='https:\/\/www.acfo-acaf.com\/wp-content\/themes\/acfo\/assets\/img\/icon\/news.svg' class=' acfoIcon' alt=\"Ic\u00f4ne d&#039;actualit\u00e9\"\/>Nouvelles<\/h3><p class=\"resourcePanel__listingDesc\">Qu\u2019il s\u2019agisse de nouvelles sur la n\u00e9gociation ou d\u2019activit\u00e9s gratuites de perfectionnement professionnel, vous trouverez toutes les informations les plus r\u00e9centes pertinentes pour votre groupe ici.<\/p><\/div>\n        <div class='resourcePanel__listWrap'><ul class='resourcePanel__list'><li class='resourcePanel__resource'><div class='linkWrap--arrow'><a href='https:\/\/www.acfo-acaf.com\/fr\/group\/nav-canada-fl-fr\/' class='link--arrow link--hoverSlide' ><div class=''>Nouvelles des FI de NAV Canada<span class=\"acfoArrow\"> \u2192<\/span><\/div><\/a><\/div><\/li><\/ul><\/div>\n    <\/div><div class='resourcePanel__listing'>\n        <div class='resourcePanel__listingHeader'><h3><img src='https:\/\/www.acfo-acaf.com\/wp-content\/themes\/acfo\/assets\/img\/icon\/help.svg' class=' acfoIcon' alt=\"Ic\u00f4ne d&#039;aide\"\/>Aide pour les membres<\/h3><p class=\"resourcePanel__listingDesc\">Consultez un expert qui vous aidera \u00e0 r\u00e9gler un probl\u00e8me li\u00e9 \u00e0 votre milieu de travail ou \u00e0 r\u00e9pondre \u00e0 une question concernant votre convention collective.<\/p><\/div>\n        <div class='resourcePanel__listWrap'><ul class='resourcePanel__list'><li class='resourcePanel__resource'><div class='linkWrap--arrow'><a href='https:\/\/www.acfo-acaf.com\/fr\/contactez-nous\/' class='link--arrow link--hoverSlide' ><div class=''>Contacter un conseiller en relations du travail<span class=\"acfoArrow\"> \u2192<\/span><\/div><\/a><\/div><\/li><\/ul><\/div>\n    <\/div><\/div>\n        \n    <\/div><\/div><\/div>","protected":false},"excerpt":{"rendered":"","protected":false},"author":2,"featured_media":1953,"parent":4625,"menu_order":0,"comment_status":"closed","ping_status":"closed","template":"","meta":{"_acf_changed":true,"footnotes":""},"class_list":["post-4617","page","type-page","status-publish","has-post-thumbnail","hentry"],"acf":[],"_links":{"self":[{"href":"https:\/\/www.acfo-acaf.com\/fr\/wp-json\/wp\/v2\/pages\/4617","targetHints":{"allow":["GET"]}}],"collection":[{"href":"https:\/\/www.acfo-acaf.com\/fr\/wp-json\/wp\/v2\/pages"}],"about":[{"href":"https:\/\/www.acfo-acaf.com\/fr\/wp-json\/wp\/v2\/types\/page"}],"author":[{"embeddable":true,"href":"https:\/\/www.acfo-acaf.com\/fr\/wp-json\/wp\/v2\/users\/2"}],"replies":[{"embeddable":true,"href":"https:\/\/www.acfo-acaf.com\/fr\/wp-json\/wp\/v2\/comments?post=4617"}],"version-history":[{"count":0,"href":"https:\/\/www.acfo-acaf.com\/fr\/wp-json\/wp\/v2\/pages\/4617\/revisions"}],"up":[{"embeddable":true,"href":"https:\/\/www.acfo-acaf.com\/fr\/wp-json\/wp\/v2\/pages\/4625"}],"wp:featuredmedia":[{"embeddable":true,"href":"https:\/\/www.acfo-acaf.com\/fr\/wp-json\/wp\/v2\/media\/1953"}],"wp:attachment":[{"href":"https:\/\/www.acfo-acaf.com\/fr\/wp-json\/wp\/v2\/media?parent=4617"}],"curies":[{"name":"wp","href":"https:\/\/api.w.org\/{rel}","templated":true}]}}