{"id":4627,"date":"2019-10-24T14:08:59","date_gmt":"2019-10-24T14:08:59","guid":{"rendered":"https:\/\/www.acfo-acaf.com\/?page_id=13304"},"modified":"2023-05-31T19:16:53","modified_gmt":"2023-05-31T19:16:53","slug":"aga-2019","status":"publish","type":"page","link":"https:\/\/www.acfo-acaf.com\/fr\/aga-2019\/","title":{"rendered":"30e assembl\u00e9e g\u00e9n\u00e9rale annuelle"},"content":{"rendered":"<div class=\"wp-block-image\">\n<figure class=\"aligncenter\"><img decoding=\"async\" src=\"https:\/\/www.acfo-acaf.com\/wp-content\/uploads\/2018\/10\/agm.jpg\" alt=\"\" class=\"wp-image-11311\"\/><\/figure>\n<\/div>\n\n\n<p>La 30e assembl\u00e9e g\u00e9n\u00e9rale annuelle de l&rsquo;ACFO-ACAF aura lieu le jeudi le 21 novembre.&nbsp;Voici votre occasion d\u2019agir&nbsp;:<\/p>\n\n\n\n<h2 class=\"wp-block-heading\">1) Examen de la trousse de l\u2019AGA<\/h2>\n\n\n\n<p>Nous sommes heureux de fournir \u00e0 nos&nbsp;membres la trousse d\u2019information de l\u2019AGA&nbsp;qui comprend tous les documents pertinents aux fins de l\u2019assembl\u00e9e g\u00e9n\u00e9rale annuelle:<\/p>\n\n\n\n<ul class=\"wp-block-list\">\n<li>Ordre du jour<\/li>\n\n\n\n<li>Rapport annuel 2019<\/li>\n\n\n\n<li>Renseignements aux \u00e9lecteurs\n<ul class=\"wp-block-list\">\n<li>R\u00e8gles et r\u00e8glements relatifs au vote pour les r\u00e9solutions<\/li>\n\n\n\n<li>R\u00e9solutions<\/li>\n\n\n\n<li>Compte rendu de la 29e AGA (2018)<\/li>\n\n\n\n<li>\u00c9tats financiers audit\u00e9s (2018)<\/li>\n\n\n\n<li>Budget (2020)<\/li>\n\n\n\n<li>\u00c9lections<\/li>\n<\/ul>\n<\/li>\n<\/ul>\n\n\n\n<figure class=\"wp-block-table\"><table><tbody><tr><td>\n<p style=\"text-align: center;\"><a href=\"https:\/\/www.acfo-acaf.com\/wp-content\/uploads\/2019\/10\/AGM-InformationPackage-FR.pdf\" target=\"_blank\" rel=\"noopener\"><strong>T\u00e9l\u00e9chargez la trousse ici<\/strong><\/a><\/p>\n<\/td><\/tr><\/tbody><\/table><\/figure>\n\n\n\n<h2 class=\"wp-block-heading\">2) Vote sur les \u00e9lections et r\u00e9solutions<\/h2>\n\n\n\n<p>Nous invitons les membres \u00e0&nbsp;se prononcer par vote sur les r\u00e9solutions et les r\u00e8glements au moyen du&nbsp;syst\u00e8me de vote \u00e9lectronique du&nbsp;<strong>1 novembre au 20 novembre<\/strong>&nbsp;<strong>\u00e0 midi HE<\/strong>. Les d\u00e9tails ont \u00e9t\u00e9 fournis&nbsp;par le syst\u00e8me tiers de vote \u00e9lectronique de l\u2019ACFO-ACAF, SimplyVoting, le 1 novembre. Les membres de l\u2019ACFO-ACAF peuvent \u00e9galement voter en personne \u00e0 l\u2019AGA jusqu\u2019\u00e0 18:30.&nbsp;Ceux et celles qui d\u00e9sirent qu\u2019un mandataire vote \u00e0 leur place en personne \u00e0 l\u2019AGA doivent remplir un formulaire de procuration qui&nbsp;<a href=\"https:\/\/www.acfo-acaf.com\/wp-content\/uploads\/2019\/10\/2019-Proxy-FR-1.pdf\" target=\"_blank\" rel=\"noopener\">se trouve ici<\/a>.<\/p>\n\n\n\n<p>Si vous perdez votre lien, n\u2019en avez pas re\u00e7u ou avez autrement besoin d\u2019aide pour voter, veuillez communiquer avec N\u00e9lia da Silva&nbsp;\u00e0&nbsp;<a href=\"mailto:ndasilva@acfo-acaf.com\">ndasilva@acfo-acaf.com<\/a>.<\/p>\n\n\n\n<h2 class=\"wp-block-heading\">3) Pr\u00e9sence \u00e0 l\u2019AGA ou participation \u00e0 la t\u00e9l\u00e9conf\u00e9rence<\/h2>\n\n\n\n<p>Jeudi 21 novembre 2019 \u00e0 16h30<br>Centre Shaw &#8211; Salle 205<br>55 Colonel By Drive<br>Ottawa (Ontario) K1N 9J2<\/p>\n\n\n\n<p>Si vous comptez assister \u00e0 l\u2019AGA, ou pour vous inscrire \u00e0 la t\u00e9l\u00e9conf\u00e9rence, <a href=\"https:\/\/events.eply.com\/ACFOAGMNovember21ACAFAGA21november3110907\" target=\"_blank\" rel=\"noopener\">veuillez cliquez ici<\/a>.&nbsp;Le souper sera servi; veuillez donc signaler toutes restrictions alimentaires. Au plaisir de vous y rencontrer!<\/p>\n\n\n<div class='acfoSection sectionWrap sectionWrap--linkbox  sectionWrap--color-yellow' ><div class='section section--linkbox '><div class='linkbox linkbox--2col'><div class='linkbox__titleWrap'><h2 class='sectionTitle linkbox__title'>Contactez-nous<\/h2><\/div><div class='linkbox__description sectionDescription'>Si vous souhaitez vous impliquer \u00e0 l\u2019ACFO-ACAF ou prendre contact avec nous, il y a de nombreuses fa\u00e7ons de nous joindre. Nous serons ravis de vous entendre.<div class='linkWrap--arrow linkbox__linkWrap'><a href='https:\/\/www.acfo-acaf.com\/fr\/contactez-nous\/' class='link--arrow link--hoverSlide' ><div class=''>Prendre contact avec nous<span class=\"acfoArrow\"> \u2192<\/span><\/div><\/a><\/div><\/div><\/div><\/div><\/div>","protected":false},"excerpt":{"rendered":"<p>La 30e assembl\u00e9e g\u00e9n\u00e9rale annuelle de l&rsquo;ACFO-ACAF aura lieu le jeudi le 21 novembre.&nbsp;Voici votre occasion d\u2019agir&nbsp;: 1) Examen de [&hellip;]<\/p>\n","protected":false},"author":2,"featured_media":0,"parent":0,"menu_order":0,"comment_status":"closed","ping_status":"closed","template":"","meta":{"_acf_changed":false,"footnotes":""},"class_list":["post-4627","page","type-page","status-publish","hentry"],"acf":[],"_links":{"self":[{"href":"https:\/\/www.acfo-acaf.com\/fr\/wp-json\/wp\/v2\/pages\/4627","targetHints":{"allow":["GET"]}}],"collection":[{"href":"https:\/\/www.acfo-acaf.com\/fr\/wp-json\/wp\/v2\/pages"}],"about":[{"href":"https:\/\/www.acfo-acaf.com\/fr\/wp-json\/wp\/v2\/types\/page"}],"author":[{"embeddable":true,"href":"https:\/\/www.acfo-acaf.com\/fr\/wp-json\/wp\/v2\/users\/2"}],"replies":[{"embeddable":true,"href":"https:\/\/www.acfo-acaf.com\/fr\/wp-json\/wp\/v2\/comments?post=4627"}],"version-history":[{"count":0,"href":"https:\/\/www.acfo-acaf.com\/fr\/wp-json\/wp\/v2\/pages\/4627\/revisions"}],"wp:attachment":[{"href":"https:\/\/www.acfo-acaf.com\/fr\/wp-json\/wp\/v2\/media?parent=4627"}],"curies":[{"name":"wp","href":"https:\/\/api.w.org\/{rel}","templated":true}]}}