{"id":4629,"date":"2019-07-09T09:24:32","date_gmt":"2019-07-09T09:24:32","guid":{"rendered":"https:\/\/www.acfo-acaf.com\/?page_id=12790"},"modified":"2023-05-31T20:03:46","modified_gmt":"2023-05-31T20:03:46","slug":"resultats-du-sondage-sur-letat-de-la-communaute-fi-2018-2019","status":"publish","type":"page","link":"https:\/\/www.acfo-acaf.com\/fr\/resultats-du-sondage-sur-letat-de-la-communaute-fi-2018-2019\/","title":{"rendered":"R\u00e9sultats du sondage sur l&rsquo;\u00e9tat de la communaut\u00e9 FI 2018-2019"},"content":{"rendered":"\n<p>Afin de r\u00e9server la consultation de ces renseignements exclusivement aux FI inscrits, nous vous demandons de ne pas communiquer \u00e0 d\u2019autres les documents ci-dessous, ce lien&nbsp;ou&nbsp;son&nbsp;mot de passe.<\/p>\n\n\n\n<p>Si vous avez un(e) coll\u00e8gue qui n\u2019a pas re\u00e7u ces informations directement de l\u2019ACAF, veuillez les encourager \u00e0&nbsp;<a title=\"Formulaire d\u2019adh\u00e9sion\" href=\"http:\/\/www.acfo-acaf.com\/fr\/resources-2\/gestion-de-votre-adhesion\/formulaire-dadhesion\/\" target=\"_blank\" rel=\"noopener\">remplir un formulaire d\u2019adh\u00e9sion<\/a>&nbsp;ou communiquer avec les Services aux membres&nbsp;(<a href=\"mailto:membership@acfo-acaf.com\" target=\"_blank\" rel=\"noopener\">membership@acfo-acaf.com<\/a>) pour assurer que leurs coordonn\u00e9es&nbsp;sont \u00e0 jour.<\/p>\n\n\n\n<h3 class=\"wp-block-heading\">R\u00e9sultats<\/h3>\n\n\n\n<h2 class=\"wp-block-heading\"><strong><a href=\"https:\/\/www.acfo-acaf.com\/wp-content\/uploads\/2019\/07\/Survey-Analysis-2018-2019-FR-2.pdf\" target=\"_blank\" rel=\"noopener\">Analyse compl\u00e8te du sondage de 2018-2019 sur l\u2019\u00e9tat de la communaut\u00e9 FI (PDF)<\/a><br><\/strong><\/h2>\n\n\n\n<p>Ce rapport exhaustif expose les points saillants des r\u00e9sultats du sondage dans son ensemble et examine les r\u00e9sultats de chaque question du sondage en d\u00e9tail.<\/p>\n\n\n\n<h2 class=\"wp-block-heading\"><a href=\"https:\/\/www.acfo-acaf.com\/wp-content\/uploads\/2019\/07\/2019-07-08-SurveyReportCard-FR.pdf\" target=\"_blank\" rel=\"noopener\"><strong>Bulletin minist\u00e9riel (PDF)<\/strong><\/a><\/h2>\n\n\n\n<p>Ce document donne le rendement de 19 minist\u00e8res distincts dans 30 cat\u00e9gories et identifie les trois premiers et les trois derniers dans chacune.<\/p>\n\n\n\n<h2 class=\"wp-block-heading\"><strong>R\u00e9sum\u00e9s minist\u00e9riels<\/strong><\/h2>\n\n\n\n<p>Ces documents de deux pages exposent les principaux points saillants des r\u00e9sultats du sondage pour 20 minist\u00e8res distincts.<\/p>\n\n\n\n<ul class=\"wp-block-list\">\n<li><a href=\"https:\/\/www.acfo-acaf.com\/wp-content\/uploads\/2019\/06\/GAC-2018-2019-FR.pdf\" target=\"_blank\" rel=\"noopener\">Affaires mondiales Canada<\/a><\/li>\n\n\n\n<li><a href=\"https:\/\/www.acfo-acaf.com\/wp-content\/uploads\/2019\/06\/CBSA-2018-2019.FR_.pdf\" target=\"_blank\" rel=\"noopener\">Agence des services frontaliers du Canada<\/a><\/li>\n\n\n\n<li><a href=\"https:\/\/www.acfo-acaf.com\/wp-content\/uploads\/2019\/06\/AAFC-2018-2019-FR.pdf\" target=\"_blank\" rel=\"noopener\">Agriculture et Agroalimentaire Canada<\/a><\/li>\n\n\n\n<li><a href=\"https:\/\/www.acfo-acaf.com\/wp-content\/uploads\/2019\/06\/VAC-2018-2019-FR.pdf\" target=\"_blank\" rel=\"noopener\">Anciens Combattants Canada&nbsp;<\/a><\/li>\n\n\n\n<li><a href=\"https:\/\/www.acfo-acaf.com\/wp-content\/uploads\/2019\/11\/DND-2018-2019-FR.pdf\" target=\"_blank\" rel=\"noopener\">D\u00e9fense nationale et les Forces arm\u00e9es canadiennes<\/a><\/li>\n\n\n\n<li><a href=\"https:\/\/www.acfo-acaf.com\/wp-content\/uploads\/2019\/06\/ESDC-2018-2019-1-FR.pdf\" target=\"_blank\" rel=\"noopener\">Emploi et D\u00e9veloppement social Canada<\/a><\/li>\n\n\n\n<li><a href=\"https:\/\/www.acfo-acaf.com\/wp-content\/uploads\/2019\/06\/ECCC-2018-2019-FR.pdf\" target=\"_blank\" rel=\"noopener\">Environnement et Changement climatique Canada<\/a><\/li>\n\n\n\n<li><a href=\"https:\/\/www.acfo-acaf.com\/wp-content\/uploads\/2019\/06\/RCMP-2018-2019-FR.pdf\" target=\"_blank\" rel=\"noopener\">Gendarmerie royale du Canada<\/a><\/li>\n\n\n\n<li><a href=\"https:\/\/www.acfo-acaf.com\/wp-content\/uploads\/2019\/06\/IRCC-2018-2019-FR.pdf\" target=\"_blank\" rel=\"noopener\">Immigration, R\u00e9fugi\u00e9s et Citoyennet\u00e9 Canada<\/a><\/li>\n\n\n\n<li><a href=\"https:\/\/www.acfo-acaf.com\/wp-content\/uploads\/2019\/06\/ISED-2018-2019-FR.pdf\" target=\"_blank\" rel=\"noopener\">Innovation, Sciences et D\u00e9veloppement \u00e9conomique Canada<\/a><\/li>\n\n\n\n<li><a href=\"https:\/\/www.acfo-acaf.com\/wp-content\/uploads\/2019\/06\/JUS-2018-2019-FR.pdf\" target=\"_blank\" rel=\"noopener\">Minist\u00e8re de la Justice<\/a><\/li>\n\n\n\n<li><a href=\"https:\/\/www.acfo-acaf.com\/wp-content\/uploads\/2019\/06\/DFO-2018-2019-FR.pdf\" target=\"_blank\" rel=\"noopener\">P\u00eaches et Oc\u00e9ans Canada<\/a><\/li>\n\n\n\n<li><a href=\"https:\/\/www.acfo-acaf.com\/wp-content\/uploads\/2019\/07\/NRCan-2018-2019-FR-1.pdf\" target=\"_blank\" rel=\"noopener\"><span class=\"TextRun SCXW160371175 BCX0\" lang=\"FR-CA\" xml:lang=\"FR-CA\" data-contrast=\"none\"><span class=\"NormalTextRun SCXW160371175 BCX0\">Ressources naturelles Canada<\/span><\/span><\/a><span class=\"TextRun SCXW160371175 BCX0\" lang=\"FR-CA\" xml:lang=\"FR-CA\" data-contrast=\"none\"><span class=\"NormalTextRun SCXW160371175 BCX0\">&nbsp;<\/span><\/span><\/li>\n\n\n\n<li><a href=\"https:\/\/www.acfo-acaf.com\/wp-content\/uploads\/2019\/06\/HC-2018-2019-FR.pdf\" target=\"_blank\" rel=\"noopener\">Sant\u00e9 Canada<\/a><\/li>\n\n\n\n<li><a href=\"https:\/\/www.acfo-acaf.com\/wp-content\/uploads\/2019\/06\/TBS-2018-2019-FR.pdf\" target=\"_blank\" rel=\"noopener\">Secr\u00e9tariat du Conseil du Tr\u00e9sor<\/a><\/li>\n\n\n\n<li><a href=\"https:\/\/www.acfo-acaf.com\/wp-content\/uploads\/2019\/06\/CSC-2018-2019-FR.pdf\" target=\"_blank\" rel=\"noopener\">Service correctionel Canada<\/a><\/li>\n\n\n\n<li><a href=\"https:\/\/www.acfo-acaf.com\/wp-content\/uploads\/2019\/06\/ISC-2018-2019-FR.pdf\" target=\"_blank\" rel=\"noopener\">Services aux Autochtones Canada<\/a><\/li>\n\n\n\n<li><a href=\"https:\/\/www.acfo-acaf.com\/wp-content\/uploads\/2019\/06\/SSC-2018-2019-FR.pdf\" target=\"_blank\" rel=\"noopener\">Services partag\u00e9s Canada<\/a><\/li>\n\n\n\n<li><a href=\"https:\/\/www.acfo-acaf.com\/wp-content\/uploads\/2019\/06\/PSPC-2018-2019-FR.pdf\" target=\"_blank\" rel=\"noopener\">Services publics et Approvisionnement Canada<\/a><\/li>\n\n\n\n<li><a href=\"https:\/\/www.acfo-acaf.com\/wp-content\/uploads\/2019\/06\/TC-2018-2019-FR.pdf\" target=\"_blank\" rel=\"noopener\">Transports Canada<\/a><\/li>\n<\/ul>\n\n\n\n<h2 class=\"wp-block-heading\"><a href=\"https:\/\/www.acfo-acaf.com\/fr\/resultats-du-sondage-sur-letat-de-la-communaute-fi-2017\/\" target=\"_blank\" rel=\"noopener\">R\u00e9sultats du sondage en 2017 sur l&rsquo;\u00e9tat de la communaut\u00e9 FI<\/a><\/h2>\n\n\n\n<ul class=\"wp-block-list\">\n<li>Mot de passe : <strong>R\u00e9sultats2017<\/strong><\/li>\n<\/ul>\n\n\n\n<h2 class=\"wp-block-heading\"><a href=\"http:\/\/www.acfo-acaf.com\/fr\/resultats-du-sondage-sur-letat-de-la-communaute-fi\/\" target=\"_blank\" rel=\"noopener\">R\u00e9sultats du sondage en 2016 sur l&rsquo;\u00e9tat de la communaut\u00e9 FI<\/a><\/h2>\n\n\n\n<ul class=\"wp-block-list\">\n<li>Mot de passe : <strong>PlusQueChiffres2016<\/strong><\/li>\n<\/ul>\n\n\n\n<h2 class=\"wp-block-heading\"><a href=\"https:\/\/www.acfo-acaf.com\/fr\/resultats-du-sondage-sur-letat-de-la-communaute-fi\/resultats-du-sondage-sur-letat-de-la-communaute-fi-de-2015\/\" target=\"_blank\" rel=\"noopener\">R\u00e9sultats du sondage en 2015 sur l&rsquo;\u00e9tat de la communaut\u00e9 FI<\/a><\/h2>\n\n\n\n<ul class=\"wp-block-list\">\n<li>Mot de passe : <strong>CommunauteFI2015<\/strong><\/li>\n<\/ul>\n\n\n\n<h3 class=\"wp-block-heading\">Foire aux questions<\/h3>\n\n\n\n<h5 class=\"wp-block-heading\"><strong>Pourquoi le nom de mon minist\u00e8re ne figure-t-il pas dans le bulletin des minist\u00e8res ou dans les r\u00e9sum\u00e9s?<\/strong><\/h5>\n\n\n\n<p>Des minist\u00e8res ont \u00e9t\u00e9 omis de la liste afin de garantir l\u2019anonymat de leurs r\u00e9pondants et l\u2019exactitude des r\u00e9sultats. Pour inclure le nom d\u2019un minist\u00e8re dans ces documents, il fallait un minimum de 20&nbsp;r\u00e9ponses et un taux de fiabilit\u00e9 de 95% +\/- 20% pour garantir l\u2019anonymat et l\u2019exactitude statistique.<\/p>\n\n\n\n<p>Si votre minist\u00e8re compte plus de 20 FI, faites en sorte que son nom figure dans l\u2019analyse de l\u2019ann\u00e9e prochaine en encourageant vos coll\u00e8gues \u00e0 remplir le sondage.<\/p>\n\n\n\n<h5 class=\"wp-block-heading\"><strong>Statistique Canada&nbsp;figuraient dans le bulletin&nbsp;et les sommaires de r\u00e9sultats l\u2019ann\u00e9e derni\u00e8re, mais pas cette ann\u00e9e. Pourquoi?<\/strong><\/h5>\n\n\n\n<p>Le nombre de r\u00e9ponses pour Statistique Canada n\u2019a pas atteint le minimum de 20 requis en 2018-2019 pour garantir l\u2019anonymat et l\u2019exactitude des r\u00e9sultats. Les FI dans ces minist\u00e8res peuvent s\u2019assurer que leurs r\u00e9sultats soient inclus dans l\u2019analyse de l\u2019ann\u00e9e prochaine en remplissant le sondage et en le partageant avec leurs coll\u00e8gues.<\/p>\n\n\n\n<h5 class=\"wp-block-heading\"><strong>\u00c0 quoi ces r\u00e9sultats serviront-ils \u00e0 l\u2019ACFO-ACAF?<\/strong><\/h5>\n\n\n\n<p>L\u2019ACFO-ACAF utilise d\u00e9j\u00e0 les r\u00e9sultats du sondage comme levier pour am\u00e9liorer la vie quotidienne des FI en milieu de travail. Les conseillers en relations de travail et les membres du conseil d\u2019administration de l\u2019ACAF ont pr\u00e9sent\u00e9 les r\u00e9sultats du sondage aux minist\u00e8res lors de rencontres des comit\u00e9s de consultation patronale-syndicale. Les conseillers en relations de travail se servent aussi des donn\u00e9es pour appuyer des griefs.<\/p>\n\n\n\n<p>Le pr\u00e9sident de l\u2019ACFO-ACAF, Dany Richard, a rencontr\u00e9 plusieurs DPF pour discuter des r\u00e9sultats par minist\u00e8re et ils ont nettement manifest\u00e9 le d\u00e9sir d\u2019am\u00e9liorer les conditions de travail de la communaut\u00e9 FI. &nbsp;Nous avons cibl\u00e9 de mani\u00e8re strat\u00e9gique et constructive les minist\u00e8res dont le rendement est faible afin de les aider \u00e0 am\u00e9liorer leurs r\u00e9sultats et nous soulignons les minist\u00e8res dont le rendement est \u00e9lev\u00e9 de mani\u00e8re \u00e0 favoriser une tendance \u00e0 la hausse dans ces secteurs.<\/p>\n\n\n\n<p>Les donn\u00e9es d\u00e9mographiques recueillies gr\u00e2ce au sondage ont \u00e9galement \u00e9t\u00e9 utilis\u00e9es dans le cadre des n\u00e9gociations collectives.<\/p>\n\n\n\n<p>Enfin, le sondage vous est tout particuli\u00e8rement utile \u00e0 vous, la communaut\u00e9 FI, comme ressource pour \u00e9tablir quels sont les minist\u00e8res qui vous offrent les meilleures occasions de r\u00e9ussite.<\/p>\n\n\n\n<h5 class=\"wp-block-heading\"><strong>Je n\u2019ai jamais re\u00e7u le sondage, ou un ou une de mes coll\u00e8gues non plus. Pourquoi?<\/strong><\/h5>\n\n\n\n<p>L\u2019ACFO-ACAF a envoy\u00e9 le sondage par courriel entre le&nbsp;16 janvier au 11 f\u00e9vrier 2019. Si vous n\u2019\u00e9tiez pas membre inscrit \u00e0 ce moment-l\u00e0, vous n\u2019avez pas re\u00e7u le sondage.<\/p>\n\n\n\n<p>Si vous \u00e9tiez membre inscrit durant cette p\u00e9riode et n\u2019avez pas re\u00e7u le sondage, il se peut que vous n\u2019ayez pas adh\u00e9r\u00e9 \u00e0 l\u2019ACFO-ACAF ou que vos coordonn\u00e9es ne soient plus \u00e0 jour. Pour garantir que vous continuiez \u00e0 recevoir des nouvelles importantes de l\u2019ACFO-ACAF, veuillez <a title=\"Formulaire d\u2019adh\u00e9sion\" href=\"http:\/\/www.acfo-acaf.com\/fr\/resources-2\/gestion-de-votre-adhesion\/formulaire-dadhesion\/\" target=\"_blank\" rel=\"noopener\">remplir un formulaire d\u2019adh\u00e9sion<\/a> ou communiquer avec les Services aux membres \u00e0 <a href=\"mailto:membership@acfo-acaf.com\">membership@acfo-acaf.com<\/a>.<\/p>\n\n\n\n<h5 class=\"wp-block-heading\"><strong>Combien de FI \/ minist\u00e8res ont particip\u00e9 au sondage?<\/strong><\/h5>\n\n\n\n<p>Pr\u00e8s de 1,000 FI de 53 minist\u00e8res distincts ont r\u00e9pondu au sondage de 2018-2019.<\/p>\n\n\n\n<h5 class=\"wp-block-heading\"><strong>L\u2019ACAF va-t-elle tenir d\u2019autres sondages dans l\u2019avenir?<\/strong><\/h5>\n\n\n\n<p>Le sondage sur l\u2019\u00e9tat de la communaut\u00e9 FI est une activit\u00e9 annuelle. Le prochain sondage sera envoy\u00e9 \u00e0 l\u2019hiver 2020.<\/p>\n\n\n\n<h5 class=\"wp-block-heading\"><strong>Le sondage est-il confidentiel?<\/strong><\/h5>\n\n\n\n<p>Oui, l\u2019anonymat des r\u00e9pondants est parfaitement prot\u00e9g\u00e9. Le sondage ne recueille pas de donn\u00e9es personnelles comme les noms ou les coordonn\u00e9es. En outre, les r\u00e9sultats n\u2019ont pas \u00e9t\u00e9 analys\u00e9s au niveau des r\u00e9ponses individuelles, mais uniquement sur une base collective.<\/p>\n\n\n\n<h5 class=\"wp-block-heading\"><strong>Dans quelle mesure les r\u00e9sultats du sondage sont-ils fiables?<\/strong><\/h5>\n\n\n\n<p>Les r\u00e9sultats sont tr\u00e8s fiables et leur importance statistique est \u00e9lev\u00e9e.<\/p>\n\n\n\n<p>La fiabilit\u00e9 d\u2019un sondage se calcule en fonction du taux de r\u00e9ponse et du bassin de population. Compte tenu d\u2019un bassin de population de 4,800 FI et d\u2019un taux de r\u00e9ponse de 1,183 FI, nous en arrivons \u00e0 un taux de fiabilit\u00e9 de 95% +\/- 3%. Par cons\u00e9quent, ces r\u00e9sultats et les donn\u00e9es d\u00e9mographiques recueillies peuvent \u00eatre utilis\u00e9s pour repr\u00e9senter le groupe FI dans son ensemble.<\/p>\n\n\n\n<p>Au palier minist\u00e9riel, les r\u00e9sultats pour les 20 minist\u00e8res ci-dessus sont importants sur le plan statistique, mais mod\u00e9r\u00e9ment seulement, en particulier dans le cas des petits minist\u00e8res. Cela signifie que leurs r\u00e9sultats ne peuvent \u00eatre utilis\u00e9s que de mani\u00e8re tr\u00e8s g\u00e9n\u00e9rale pour d\u00e9crire les opinions et les convictions de l\u2019ensemble des FI dans le minist\u00e8re en cause.<\/p>\n\n\n\n<p>Pour obtenir des r\u00e9sultats plus pr\u00e9cis, encouragez vos coll\u00e8gues \u00e0 remplir le sondage. Chaque r\u00e9ponse compte.<\/p>\n\n\n\n<h5 class=\"wp-block-heading\"><strong>Qu\u2019est-ce que le taux de fiabilit\u00e9?<\/strong><\/h5>\n\n\n\n<p>Le taux de fiabilit\u00e9 est la cote que nous pouvons attribuer \u00e0 l\u2019exactitude des r\u00e9sultats du sondage sur le plan de la repr\u00e9sentation d\u2019un bassin de population. Au palier minist\u00e9riel, le taux de confiance d\u00e9signe le degr\u00e9 de certitude que nous avons que les r\u00e9sultats du sondage refl\u00e8tent avec exactitude les opinions des FI dans le minist\u00e8re en cause.<\/p>\n\n\n\n<p>Pour ce qui est de la mesure elle-m\u00eame, par exemple, un taux de fiabilit\u00e9 de 95% +\/- 20%, si l\u2019ACFO-ACAF menait le sondage 20 fois, nous nous attendrions 19 fois sur 20 (95%) \u00e0 ce que la r\u00e9ponse m\u00e9diane \u00e0 une question donn\u00e9e se situe dans une marge de +\/- 20% de la r\u00e9ponse m\u00e9diane obtenue lorsque nous avons tenu le sondage.<\/p>\n\n\n\n<h5 class=\"wp-block-heading\"><strong>Puis-je obtenir des r\u00e9sultats plus d\u00e9taill\u00e9s pour mon minist\u00e8re?<\/strong><\/h5>\n\n\n\n<p>Pour obtenir plus de d\u00e9tails sur les r\u00e9sultats de l\u2019un ou l\u2019autre des minist\u00e8res figurant dans le bulletin et les analyses minist\u00e9rielles ci-dessus, il suffit de communiquer avec Madeline Rodriguez \u00e0 <a href=\"mailto:mrodriguez@acfo-acaf.com\">mrodriguez@acfo-acaf.com<\/a>.<\/p>\n\n\n\n<p>L\u2019ACFO-ACAF s\u2019est engag\u00e9e \u00e0 garantir l\u2019anonymat des r\u00e9pondants \u00e0 ses sondages; ainsi, si un minist\u00e8re ne figure pas dans le bulletin des minist\u00e8res ou dans les r\u00e9sum\u00e9s, nous ne pouvons pas fournir de renseignements suppl\u00e9mentaires sur ses r\u00e9sultats.<\/p>\n\n\n\n<h5 class=\"wp-block-heading\"><strong>\u00c0 qui puis-je m\u2019adresser si j\u2019ai des questions au sujet du sondage?<\/strong><\/h5>\n\n\n\n<p>Pour toute question ou tout commentaire, veuillez communiquer avec Madeline Rodriguez par courriel \u00e0 <a href=\"mailto:mrodriguez@acfo-acaf.com\">mrodriguez@acfo-acaf.com<\/a>.<\/p>\n\n\n<div class='acfoSection sectionWrap sectionWrap--linkbox  sectionWrap--color-yellow' ><div class='section section--linkbox '><div class='linkbox linkbox--2col'><div class='linkbox__titleWrap'><h2 class='sectionTitle linkbox__title'>Contactez-nous<\/h2><\/div><div class='linkbox__description sectionDescription'>Si vous souhaitez vous impliquer \u00e0 l\u2019ACFO-ACAF ou prendre contact avec nous, il y a de nombreuses fa\u00e7ons de nous joindre. Nous serons ravis de vous entendre.<div class='linkWrap--arrow linkbox__linkWrap'><a href='https:\/\/www.acfo-acaf.com\/fr\/contactez-nous\/' class='link--arrow link--hoverSlide' ><div class=''>Prendre contact avec nous<span class=\"acfoArrow\"> \u2192<\/span><\/div><\/a><\/div><\/div><\/div><\/div><\/div>","protected":false},"excerpt":{"rendered":"<p>Afin de r\u00e9server la consultation de ces renseignements exclusivement aux FI inscrits, nous vous demandons de ne pas communiquer \u00e0 [&hellip;]<\/p>\n","protected":false},"author":2,"featured_media":0,"parent":0,"menu_order":0,"comment_status":"closed","ping_status":"closed","template":"","meta":{"_acf_changed":false,"footnotes":""},"class_list":["post-4629","page","type-page","status-publish","hentry"],"acf":[],"_links":{"self":[{"href":"https:\/\/www.acfo-acaf.com\/fr\/wp-json\/wp\/v2\/pages\/4629","targetHints":{"allow":["GET"]}}],"collection":[{"href":"https:\/\/www.acfo-acaf.com\/fr\/wp-json\/wp\/v2\/pages"}],"about":[{"href":"https:\/\/www.acfo-acaf.com\/fr\/wp-json\/wp\/v2\/types\/page"}],"author":[{"embeddable":true,"href":"https:\/\/www.acfo-acaf.com\/fr\/wp-json\/wp\/v2\/users\/2"}],"replies":[{"embeddable":true,"href":"https:\/\/www.acfo-acaf.com\/fr\/wp-json\/wp\/v2\/comments?post=4629"}],"version-history":[{"count":0,"href":"https:\/\/www.acfo-acaf.com\/fr\/wp-json\/wp\/v2\/pages\/4629\/revisions"}],"wp:attachment":[{"href":"https:\/\/www.acfo-acaf.com\/fr\/wp-json\/wp\/v2\/media?parent=4629"}],"curies":[{"name":"wp","href":"https:\/\/api.w.org\/{rel}","templated":true}]}}