{"id":4641,"date":"2016-08-04T09:17:34","date_gmt":"2016-08-04T09:17:34","guid":{"rendered":"http:\/\/www.acfo-acaf.com\/?page_id=7517"},"modified":"2025-11-13T13:20:11","modified_gmt":"2025-11-13T13:20:11","slug":"services-juridiques-en-matiere-de-prestations-dinvalidite-de-longue-duree","status":"publish","type":"page","link":"https:\/\/www.acfo-acaf.com\/fr\/services-aux-membres\/avantages-reserves-membres\/services-juridiques-en-matiere-de-prestations-dinvalidite-de-longue-duree\/","title":{"rendered":"Services juridiques en mati\u00e8re de prestations d\u2019invalidit\u00e9 de longue dur\u00e9e"},"content":{"rendered":"<div class='acfoSection pageHeader__wrap'><div class='pageHeader pageHeader--standard'><div class='pageHeader__topLinkWrap'><a class='pageHeader__topLink' href='https:\/\/www.acfo-acaf.com\/fr\/services-aux-membres\/'>Votre adh\u00e9sion et programmes<\/a><\/div><h1>Services juridiques en mati\u00e8re de prestations d\u2019invalidit\u00e9 de longue dur\u00e9e<\/h1><\/div><\/div>\n\n\n<p>L&rsquo;ACFO-ACAF est heureuse d&rsquo;annoncer que le cabinet d&rsquo;avocats <a href=\"https:\/\/ravenlaw.com\/fr\/\" data-type=\"link\" data-id=\"https:\/\/ravenlaw.com\/fr\/\">RavenLaw LLP<\/a> et l&rsquo;ACFO-ACAF ont conclu une entente qui offre aux membres trois (3) heures de services juridiques gratuits de repr\u00e9sentation en mati\u00e8re d\u2019invalidit\u00e9 de longue dur\u00e9e (ILD) dans le cas o\u00f9 le membre se voit refuser la couverture d\u2019ILD et o\u00f9 la proc\u00e9dure d\u2019appel interne est \u00e9puis\u00e9e.<\/p>\n\n\n\n<p>Le cabinet RavenLaw LLP compte 30 ans d\u2019exp\u00e9rience de repr\u00e9sentation, devant les tribunaux, de fonctionnaires f\u00e9d\u00e9raux auxquels on a refus\u00e9 la protection du r\u00e9gime d\u2019assurance-ILD. L\u2019ACFO-ACAF repr\u00e9sente ses membres tout au cours de l\u2019application du r\u00e9gime d\u2019ILD et de la proc\u00e9dure d\u2019appel, mais il peut arriver qu\u2019on ait besoin de services de contentieux civil.<\/p>\n\n\n\n<p>En contactant RavenLaw LLP, les membres de l&rsquo;ACFO-ACAF doivent fournir tous les documents soumis \u00e0 Canada Vie, ainsi que toute communication re\u00e7ue de Canada Vie.<\/p>\n\n\n\n<p>Si vous souhaitez profiter de ce service \u00e0 valeur ajout\u00e9e, veuillez contacter le service d&rsquo;information g\u00e9n\u00e9rale de RavenLaw LLP (613-567-2901) et indiquer que vous \u00eates membre de l&rsquo;ACFO-ACAF et que vous souhaitez b\u00e9n\u00e9ficier d&rsquo;une consultation gratuite de trois heures. Veuillez noter que tout recours juridique au-del\u00e0 des trois (3) heures de consultation gratuites initiales sera \u00e0 la charge du membre.<\/p>\n\n\n<div class='acfoSection sectionWrap sectionWrap--linkbox  sectionWrap--color-yellow' ><div class='section section--linkbox '><div class='linkbox linkbox--2col'><div class='linkbox__titleWrap'><h2 class='sectionTitle linkbox__title'>Contactez-nous<\/h2><\/div><div class='linkbox__description sectionDescription'>Si vous souhaitez vous impliquer \u00e0 l\u2019ACFO-ACAF ou prendre contact avec nous, il y a de nombreuses fa\u00e7ons de nous joindre. Nous serons ravis de vous entendre.<div class='linkWrap--arrow linkbox__linkWrap'><a href='https:\/\/www.acfo-acaf.com\/fr\/contactez-nous\/' class='link--arrow link--hoverSlide' ><div class=''>Prendre contact avec nous<span class=\"acfoArrow\"> \u2192<\/span><\/div><\/a><\/div><\/div><\/div><\/div><\/div>","protected":false},"excerpt":{"rendered":"<p>L&rsquo;ACFO-ACAF est heureuse d&rsquo;annoncer que le cabinet d&rsquo;avocats RavenLaw LLP et l&rsquo;ACFO-ACAF ont conclu une entente qui offre aux membres [&hellip;]<\/p>\n","protected":false},"author":2,"featured_media":0,"parent":4719,"menu_order":0,"comment_status":"closed","ping_status":"closed","template":"","meta":{"_acf_changed":false,"footnotes":""},"class_list":["post-4641","page","type-page","status-publish","hentry"],"acf":[],"_links":{"self":[{"href":"https:\/\/www.acfo-acaf.com\/fr\/wp-json\/wp\/v2\/pages\/4641","targetHints":{"allow":["GET"]}}],"collection":[{"href":"https:\/\/www.acfo-acaf.com\/fr\/wp-json\/wp\/v2\/pages"}],"about":[{"href":"https:\/\/www.acfo-acaf.com\/fr\/wp-json\/wp\/v2\/types\/page"}],"author":[{"embeddable":true,"href":"https:\/\/www.acfo-acaf.com\/fr\/wp-json\/wp\/v2\/users\/2"}],"replies":[{"embeddable":true,"href":"https:\/\/www.acfo-acaf.com\/fr\/wp-json\/wp\/v2\/comments?post=4641"}],"version-history":[{"count":0,"href":"https:\/\/www.acfo-acaf.com\/fr\/wp-json\/wp\/v2\/pages\/4641\/revisions"}],"up":[{"embeddable":true,"href":"https:\/\/www.acfo-acaf.com\/fr\/wp-json\/wp\/v2\/pages\/4719"}],"wp:attachment":[{"href":"https:\/\/www.acfo-acaf.com\/fr\/wp-json\/wp\/v2\/media?parent=4641"}],"curies":[{"name":"wp","href":"https:\/\/api.w.org\/{rel}","templated":true}]}}