{"id":4683,"date":"2012-12-10T17:02:29","date_gmt":"2012-12-10T17:02:29","guid":{"rendered":"http:\/\/127.0.0.1\/wordpress87\/?page_id=1340"},"modified":"2024-08-06T18:32:46","modified_gmt":"2024-08-06T18:32:46","slug":"trouvez-votre-representants-ministeriels","status":"publish","type":"page","link":"https:\/\/www.acfo-acaf.com\/fr\/a-propos-de-lacfo-acaf\/programme-des-ambassadeur-es-l-acaf\/trouvez-votre-representants-ministeriels\/","title":{"rendered":"Trouvez votre repr\u00e9sentant(e) minist\u00e9riel(le)"},"content":{"rendered":"<div class='acfoSection pageHeader__wrap'><div class='pageHeader pageHeader--standard'><div class='pageHeader__topLinkWrap'><a class='pageHeader__topLink' href='https:\/\/www.acfo-acaf.com\/fr\/a-propos-de-lacfo-acaf\/'>\u00c0 propos de l&rsquo;ACFO-ACAF<\/a><\/div><h1>Trouvez votre repr\u00e9sentant(e) minist\u00e9riel(le)<\/h1><\/div><\/div>\n\n\n<p><strong><em>**Cette page web est obsol\u00e8te et n&rsquo;est plus maintenue \u00e0 jour. Pour obtenir les informations les plus r\u00e9centes, veuillez consulter notre nouvelle page \u00e0 l&rsquo;adresse suivante : <a href=\"https:\/\/www.acfo-acaf.com\/fr\/a-propos-de-lacfo-acaf\/representants-ministeriels-l-acaf\/\">https:\/\/www.acfo-acaf.com\/fr\/a-propos-de-lacfo-acaf\/representants-ministeriels-l-acaf\/<\/a> **<\/em><\/strong><\/p>\n\n\n\n<p>Les repr\u00e9sentants de l\u2019ACFO-ACAF agissent \u00e0 titre d\u2019agents de liaison entre la collectivit\u00e9 CT au sein de leurs minist\u00e8res et de leurs r\u00e9gions et l\u2019ACFO-ACAF. Ils ne sont pas qualifi\u00e9s pour traiter de questions de relations de travail. Si vous avez une question concernant vos droits en milieu de travail, veuillez communiquer avec un de nos\u00a0<a href=\"mailto:labourrelations@acfo-acaf.com\" target=\"_blank\" rel=\"noreferrer noopener\">conseillers en relations de travail<\/a>.<\/p>\n\n\n\n<p>Veuillez noter que les repr\u00e9sentants de l\u2019ACFO-ACAF sont des b\u00e9n\u00e9voles et qu\u2019ils pourraient avoir besoin de quelques jours pour r\u00e9pondre \u00e0 vos demandes de renseignements. Pour obtenir leurs coordonn\u00e9es, il suffit de consulter votre r\u00e9pertoire minist\u00e9riel ou de communiquer avec&nbsp;<a href=\"mailto:lbosquet@acfo-acaf.com\">Lia Bosquet<\/a>, coordonnatrice du programme de repr\u00e9sentants.<\/p>\n\n\n\n<h2 class=\"wp-block-heading\">R\u00e9gion de la capitale nationale<\/h2>\n\n\n\n<figure class=\"wp-block-table\"><table><tbody><tr><td>Affaires Mondiales Canada<\/td><td>Ian Boyle<\/td><td>ian.boyle@international.gc.ca<\/td><\/tr><tr><td>Affaires Mondiales Canada<\/td><td>Anna Soukhovtseva<\/td><td>anna.soukhovtseva@international.gc.ca<\/td><\/tr><tr><td>Agence canadienne d\u2019\u00e9valuation environnementale<\/td><td>Roy Semaan<\/td><td>roy.semaan@ceaa-acee.gc.ca<\/td><\/tr><tr><td>Agence canadienne de d\u00e9veloppement \u00e9conomique du Nord<\/td><td>Sheldon Ashmead<\/td><td>Sheldon.Ashmead@cannor.gc.ca<\/td><\/tr><tr><td>Agence de la sant\u00e9 publique du Canada<\/td><td>Brian Yantha (CT-IAU)<\/td><td>brian.yantha@phac-aspc.gc.ca<\/td><\/tr><tr><td>Agence des services frontaliers du Canada<\/td><td>Saad Anwer<\/td><td>saad.anwer@cbsa-asfc.gc.ca<\/td><\/tr><tr><td>Agence des services frontaliers du Canada<\/td><td>David Charlebois<\/td><td>david.charlebois@cbsa-asfc.gc.ca<\/td><\/tr><tr><td>Agence des services frontaliers du Canada<\/td><td>Toma Radev (CT-EAV)<\/td><td>toma.radev@cbsa-asfc.gc.ca<\/td><\/tr><tr><td>Agriculture et Agroalimentaire Canada<\/td><td>Carole Mailloux<\/td><td>carole.mailloux2@agr.gc.ca<\/td><\/tr><tr><td>Commission canadienne des droits de la personne<\/td><td>Eric Hallam<\/td><td>eric.hallam@chrc-ccdp.gc.ca<\/td><\/tr><tr><td>Commission des plaintes du public contre la GRC<\/td><td>Margaret Wyse<\/td><td>margaret.wyse@crcc-ccetp.gc.ca<\/td><\/tr><tr><td>SD\u00e9fense nationale<\/td><td>Imran Ahmad<\/td><td>imran.ahmad@forces.gc.ca<\/td><\/tr><tr><td>D\u00e9fense nationale<\/td><td>Nadia Colova<\/td><td>Nadezhda.Colova@forces.gc.ca<\/td><\/tr><tr><td>D\u00e9fense nationale<\/td><td>Robert Finkle<\/td><td>Robert.Finkle@forces.gc.ca<\/td><\/tr><tr><td>D\u00e9fense nationale<\/td><td>Rene Haddad<\/td><td>rene.haddad@forces.gc.ca<\/td><\/tr><tr><td>D\u00e9fense nationale<\/td><td>Stanley Jurkovic<\/td><td>stanley.jurkovic@forces.gc.ca<\/td><\/tr><tr><td>D\u00e9fense nationale<\/td><td>Destiny Lavoie<\/td><td>Destiny.Lavoie@forces.gc.ca<\/td><\/tr><tr><td>D\u00e9fense nationale<\/td><td>William Wong<\/td><td>william.wong3@forces.gc.ca<\/td><\/tr><tr><td>D\u00e9fense nationale<\/td><td>Amy Zhang<\/td><td>amy.zhang@forces.gc.ca<\/td><\/tr><tr><td>\u00c9lections Canada<\/td><td>Jordan Goudreau<\/td><td>Jordan.Goudreau@elections.ca<\/td><\/tr><tr><td>Emploi et d\u00e9veloppement social Canada<\/td><td>Catharine Lynch<\/td><td>Catharine.Lynch@hrsdc-rhdcc.gc.ca<\/td><\/tr><tr><td>Emploi et d\u00e9veloppement social Canada<\/td><td>Natacha Ruiz Tardif<\/td><td>natacha.ruiztardif@hrsdc-rhdcc.gc.ca<\/td><\/tr><tr><td>Gendarmerie royale du Canada<\/td><td>Christina&nbsp;West<\/td><td>christina.west@rcmp-grc.gc.ca<\/td><\/tr><tr><td>Gendarmerie royale du Canada<\/td><td>Linda Cyr<\/td><td>linda.cyr@rcmp-grc.gc.ca<\/td><\/tr><tr><td>Gendarmerie royale du Canada<\/td><td>Nicholas Mahon<\/td><td>nicholas.mahon@rcmp-grc.gc.ca<\/td><\/tr><tr><td>Immigration, R\u00e9fugi\u00e9s et Citoyennet\u00e9 Canada<\/td><td>Matthew Dalley<\/td><td>Matthew.Dalley@cic.gc.ca<\/td><\/tr><tr><td>Immigration, R\u00e9fugi\u00e9s et Citoyennet\u00e9 Canada<\/td><td>Michelle Uithoven<\/td><td>michelle.uithoven@cic.gc.ca<\/td><\/tr><tr><td>Infrastructure Canada<\/td><td>Martin Dupuis<\/td><td>martin.dupuis@infc.gc.ca<\/td><\/tr><tr><td>Patrimoine canadien<\/td><td>Lynn Desjardins<\/td><td>lynn.desjardins@pch.gc.ca<\/td><\/tr><tr><td>Ressources naturelles Canada<\/td><td>Sylvain Lapierre<\/td><td>sylvain.lapierre@nrcan-rncan.gc.ca<\/td><\/tr><tr><td>Ressources naturelles Canada<\/td><td>Ming Mei Pan<\/td><td>mingmei.pan@nrcan-rncan.gc.ca<\/td><\/tr><tr><td>Sant\u00e9 Canada<\/td><td>Ayanna Alleyne<\/td><td>ayanna.alleyne@hc-sc.gc.ca<\/td><\/tr><tr><td>Sant\u00e9 Canada<\/td><td>David McClurg<\/td><td>david.mcclurg@hc-sc.gc.ca<\/td><\/tr><tr><td>Sant\u00e9 Canada<\/td><td>Pat Grantis<\/td><td>pat.grantis@hc-sc.gc.ca<\/td><\/tr><tr><td>Secr\u00e9tariat du Conseil du Tr\u00e9sor du Canada<\/td><td>Naveen Kumar<\/td><td>naveen.kumar@tbs-sct.gc.ca<\/td><\/tr><tr><td>Securit\u00e9 public Canada<\/td><td>Hassan Markad<\/td><td>Hassan.Markad@ps-sp.gc.ca<\/td><\/tr><tr><td>Service canadien d\u2019appui aux tribunaux administratifs<\/td><td>Sanja Pintar<\/td><td>sanja.pintar@tribunal.gc.ca<\/td><\/tr><tr><td>Service correctionnel du Canada<\/td><td>Eric LaRochelle<\/td><td>Eric.LaRochelle@csc-scc.gc.ca<\/td><\/tr><tr><td>Service correctionnel du Canada<\/td><td>Miruna Nistor<\/td><td>Miruna.Nistor@csc-scc.gc.ca<\/td><\/tr><tr><td>Services aux Autochtones Canada<\/td><td>Noga Zaitzov-Hassin<\/td><td>noga.zaitzov-hassin@canada.ca<\/td><\/tr><tr><td>Services aux Autochtones Canada<\/td><td>Ibrahima Ndiaye<\/td><td>ibrahima.ndiaye@canada.ca<\/td><\/tr><tr><td>Services partag\u00e9s Canada<\/td><td>Aly Mamdani<\/td><td>aly.mamdani@ssc-spc.gc.ca<\/td><\/tr><tr><td>Services partag\u00e9s Canada<\/td><td>David Maclean<\/td><td>david.maclean@ssc-spc.gc.ca<\/td><\/tr><tr><td>Services partag\u00e9s Canada<\/td><td>Ayrin Proulx<\/td><td>ayrin.proulx@ssc-spc.gc.ca<\/td><\/tr><tr><td>Services publics et Approvisionnement Canada<\/td><td>Sandi Hernandez<\/td><td>Sandi.Hernandez@tpsgc-pwgsc.gc.ca<\/td><\/tr><tr><td>Services publics et Approvisionnement Canada<\/td><td>Pierre Liu<\/td><td>Pierre.Liu@tpsgc-pwgsc.gc.ca<\/td><\/tr><tr><td>Services publics et Approvisionnement Canada<\/td><td>Katherine Rocque (CT-EAV)<\/td><td>katherine.rocque@pwgsc-tpsgc.gc.ca<\/td><\/tr><tr><td>Services publics et Approvisionnement Canada<\/td><td>Diere Sonko<\/td><td>Diere.Sonko@tpsgc-pwgsc.gc.ca<\/td><\/tr><tr><td>Statistique Canada<\/td><td>Noman Khan<\/td><td>noman.khan2@statcan.gc.ca<\/td><\/tr><tr><td>Statistique Canada<\/td><td>Kaleb Branch<\/td><td>kaleb.branch@statcan.gc.ca<\/td><\/tr><tr><td>Statistique Canada<\/td><td>Christine Champagne<\/td><td>Christine.Champagne@statcan.gc.ca<\/td><\/tr><tr><td>Transports Canada<\/td><td>Sandra Barssoum<\/td><td>Sandra.Barssoum@tc.gc.ca<\/td><\/tr><tr><td>Transports Canada<\/td><td>Kevin Smith<\/td><td>kevin.smith@tc.gc.ca<\/td><\/tr><\/tbody><\/table><\/figure>\n\n\n\n<h2 class=\"wp-block-heading\">Repr\u00e9sentants R\u00e9gionaux<\/h2>\n\n\n\n<h3 class=\"wp-block-heading\">Colombie Britannique et Yukon<\/h3>\n\n\n\n<figure class=\"wp-block-table\"><table><tbody><tr><td>Vancouver<\/td><td>Agence de la sant\u00e9 publique du Canada<\/td><td>Katherine Cui<\/td><td>Katherine.Cui@phac-aspc.gc.ca<\/td><\/tr><tr><td>Victoria<\/td><td>D\u00e9fense nationale<\/td><td>Andrew Au<\/td><td>Andrew.Au@forces.gc.ca<\/td><\/tr><tr><td>Victoria<\/td><td>P\u00eaches et Oc\u00e9ans Canada<\/td><td>Matthew Burnett<\/td><td>Matthew.Burnett@dfo-mpo.gc.ca<\/td><\/tr><tr><td>Vancouver<\/td><td>Services publics et Approvisionnement Canada<\/td><td>Gurpreet Phungura<\/td><td>Gurpreet.Phungura@pwgsc-tpsgc.gc.ca<\/td><\/tr><\/tbody><\/table><\/figure>\n\n\n\n<h3 class=\"wp-block-heading\">Centre des Prairies et Nunavut<\/h3>\n\n\n\n<figure class=\"wp-block-table\"><table><tbody><tr><td>Edmonton<\/td><td>Affaires autochtones et du Nord Canada<\/td><td>Tanni Paul<\/td><td>tanni.paul@canada.ca<\/td><\/tr><tr><td>Edmonton<\/td><td>Affaires autochtones et du Nord Canada<\/td><td>Jing Meng<\/td><td>jing.meng@canada.ca<\/td><\/tr><tr><td>Edmonton<\/td><td>Diversification de l\u2019\u00e9conomie de l\u2019Ouest Canada (D\u00e9veloppement \u00e9conomique Canada pour les Prairies)<\/td><td>Aliya Giga<\/td><td>Aliya.Giga@prairiescan.gc.ca<\/td><\/tr><tr><td>Regina<\/td><td>Emploi et d\u00e9veloppement social Canada<\/td><td>Sean Gottschall<\/td><td>sean.gottschall@hrsdc-rhdcc.gc.ca<\/td><\/tr><tr><td>Regina<\/td><td>Services aux Autochtones Canada<\/td><td>Nicole Bishop Tempke<\/td><td>nicole.bishop@sac-isc.gc.ca<\/td><\/tr><tr><td>Saskatchewan<\/td><td>Service correctionel Canada<\/td><td>Trudy Heleta<\/td><td>trudy.heleta@csc-scc.gc.ca<\/td><\/tr><tr><td>Winnipeg<\/td><td>Agence de la sant\u00e9 publique du Canada<\/td><td>Venus Denis<\/td><td>venus.denis@phac-aspc.gc.ca<\/td><\/tr><tr><td>Winnipeg<\/td><td>P\u00eaches et Oc\u00e9ans Canada<\/td><td>Rajvir Sehira<\/td><td>rajvir.sehira@dfo-mpo.gc.ca<\/td><\/tr><tr><td>Winnipeg<\/td><td>Service correctionel Canada<\/td><td>Blair Rutkowski<\/td><td>Blair.Rutkowski@csc-scc.gc.ca<\/td><\/tr><\/tbody><\/table><\/figure>\n\n\n\n<h3 class=\"wp-block-heading\">Ontario<\/h3>\n\n\n\n<figure class=\"wp-block-table\"><table><tbody><tr><td>Toronto<\/td><td>Agence des service frontaliers du Canada<\/td><td>Steven Chao<\/td><td>steven.chao@cbsa-asfc.gc.ca<\/td><\/tr><tr><td>Toronto<\/td><td>D\u00e9fense nationale<\/td><td>Jesleen Rai (en cong\u00e9)<\/td><td>jesleen.rai@forces.gc.ca<\/td><\/tr><tr><td>Toronto<\/td><td>Emploi et D\u00e9veloppement social Canada<\/td><td>Sunil Kapoor<\/td><td>sunil.kapoor@hrsdc-rhdcc.gc.ca<\/td><\/tr><tr><td>Kitchener<\/td><td>L\u2019Agence f\u00e9d\u00e9rale de d\u00e9veloppement \u00e9conomique pour le Sud de l\u2019Ontario<\/td><td>Brian Chenier<\/td><td>Brian.Chenier@feddevontario.gc.ca<\/td><\/tr><tr><td>Kingston<\/td><td>Service correctionnel du Canada<\/td><td>Rob Hawkins<\/td><td>rob.hawkins@csc-scc.gc.ca<\/td><\/tr><\/tbody><\/table><\/figure>\n\n\n\n<h3 class=\"wp-block-heading\">Qu\u00e9bec<\/h3>\n\n\n\n<figure class=\"wp-block-table\"><table><tbody><tr><td>Montreal<\/td><td>D\u00e9fense nationale<\/td><td>Sylvie Couillard<\/td><td>Sylvie.Couillard@forces.gc.ca<\/td><\/tr><tr><td>Montreal<\/td><td>D\u00e9veloppement \u00e9conomique Canada r\u00e9gions du Qu\u00e9bec<\/td><td>Marie-Jos\u00e9e Beaudoin<\/td><td>marie-josee.beaudoin@dec-ced.gc.ca<\/td><\/tr><tr><td>Montreal<\/td><td>P\u00eaches et Oc\u00e9ans Canada<\/td><td>Guy Nantel<\/td><td>guy.nantel@dfo-mpo.gc.ca<\/td><\/tr><tr><td>Montreal<\/td><td>Service correctionnel du Canada<\/td><td>Christian Roy<\/td><td>Christian.Roy@csc-scc.gc.ca<\/td><\/tr><tr><td>Montreal<\/td><td>Transports Canada<\/td><td>Karen Roker<\/td><td>karen.roker@tc.gc.ca<\/td><\/tr><tr><td>St-Hubert<\/td><td>Agence spatiale canadienne<\/td><td>Alexandre Arcand<\/td><td>alexandre.arcand@asc-csa.gc.ca<\/td><\/tr><tr><td>St-Hubert<\/td><td>Agriculture et Agroalimentaire Canada<\/td><td>Louise Amyot<\/td><td>louise.amyot@agr.gc.ca<\/td><\/tr><tr><td>Ville de Qu\u00e9bec<\/td><td>D\u00e9fense nationale<\/td><td>Edith Belzile<\/td><td>Edith.Belzile@forces.gc.ca<\/td><\/tr><tr><td>Ville du Quebec<\/td><td>Services aux Autochtones Canada<\/td><td>Martin Cossette<\/td><td>martin.cossette2@sac-isc.gc.ca<\/td><\/tr><\/tbody><\/table><\/figure>\n\n\n\n<h3 class=\"wp-block-heading\">Atlantique<\/h3>\n\n\n\n<figure class=\"wp-block-table\"><table><tbody><tr><td>Charlottetown<\/td><td>Anciens combattants Canada<\/td><td>Andrew Burt<\/td><td>andrew.burt2@canada.ca<\/td><\/tr><tr><td>Halifax<\/td><td>Agence de promotion \u00e9conomique du Canada atlantique<\/td><td>Heather Langley<\/td><td>heather.langley@canada.ca<\/td><\/tr><tr><td>Charlottetown<\/td><td>Emploi et D\u00e9veloppement social Canada<\/td><td>Diane Wood<\/td><td>diane.f.wood@hrsdc-rhdcc.gc.ca<\/td><\/tr><tr><td>Fredericton<\/td><td>Gendarmerie royale du Canada<\/td><td>Natacha Breau<\/td><td>natacha.breau@rcmp-grc.gc.ca<\/td><\/tr><tr><td>Fredericton<\/td><td>P\u00eaches et Oc\u00e9ans Canada<\/td><td>Jim Duclos<\/td><td>Jim.Duclos@dfo-mpo.gc.ca<\/td><\/tr><tr><td>St. John\u2019s<\/td><td>P\u00eaches et Oc\u00e9ans Canada<\/td><td>Brian Gosse<\/td><td>Brian.Gosse@dfo-mpo.gc.ca<\/td><\/tr><tr><td>Halifax<\/td><td>Sant\u00e9 Canada<\/td><td>Derek Sequeira<\/td><td>Derek.Sequeira@hc-sc.gc.ca<\/td><\/tr><tr><td>Moncton<\/td><td>Service correctionnel du Canada<\/td><td>Julie LeBlanc<\/td><td>Julie.LeBlanc@csc-scc.gc.ca<\/td><\/tr><tr><td>Halifax<\/td><td>Statistique Canada<\/td><td>Sean Kew<\/td><td>sean.kew@statcan.gc.ca<\/td><\/tr><tr><td>Halifax<\/td><td>Travaux publics et Services gouvernementaux Canada<\/td><td>Ron Tucker<\/td><td>Ron.Tucker@pwgsc-tpsgc.gc.ca<\/td><\/tr><\/tbody><\/table><\/figure>\n\n\n<div class='acfoSection sectionWrap sectionWrap--linkbox  sectionWrap--color-yellow' ><div class='section section--linkbox '><div class='linkbox linkbox--2col'><div class='linkbox__titleWrap'><h2 class='sectionTitle linkbox__title'>Contactez-nous<\/h2><\/div><div class='linkbox__description sectionDescription'>Si vous souhaitez vous impliquer \u00e0 l\u2019ACFO-ACAF ou prendre contact avec nous, il y a de nombreuses fa\u00e7ons de nous joindre. Nous serons ravis de vous entendre.<div class='linkWrap--arrow linkbox__linkWrap'><a href='https:\/\/www.acfo-acaf.com\/fr\/contactez-nous\/' class='link--arrow link--hoverSlide' ><div class=''>Prendre contact avec nous<span class=\"acfoArrow\"> \u2192<\/span><\/div><\/a><\/div><\/div><\/div><\/div><\/div>","protected":false},"excerpt":{"rendered":"<p>**Cette page web est obsol\u00e8te et n&rsquo;est plus maintenue \u00e0 jour. Pour obtenir les informations les plus r\u00e9centes, veuillez consulter [&hellip;]<\/p>\n","protected":false},"author":2,"featured_media":0,"parent":4689,"menu_order":0,"comment_status":"closed","ping_status":"closed","template":"","meta":{"_acf_changed":false,"footnotes":""},"class_list":["post-4683","page","type-page","status-publish","hentry"],"acf":[],"_links":{"self":[{"href":"https:\/\/www.acfo-acaf.com\/fr\/wp-json\/wp\/v2\/pages\/4683","targetHints":{"allow":["GET"]}}],"collection":[{"href":"https:\/\/www.acfo-acaf.com\/fr\/wp-json\/wp\/v2\/pages"}],"about":[{"href":"https:\/\/www.acfo-acaf.com\/fr\/wp-json\/wp\/v2\/types\/page"}],"author":[{"embeddable":true,"href":"https:\/\/www.acfo-acaf.com\/fr\/wp-json\/wp\/v2\/users\/2"}],"replies":[{"embeddable":true,"href":"https:\/\/www.acfo-acaf.com\/fr\/wp-json\/wp\/v2\/comments?post=4683"}],"version-history":[{"count":0,"href":"https:\/\/www.acfo-acaf.com\/fr\/wp-json\/wp\/v2\/pages\/4683\/revisions"}],"up":[{"embeddable":true,"href":"https:\/\/www.acfo-acaf.com\/fr\/wp-json\/wp\/v2\/pages\/4689"}],"wp:attachment":[{"href":"https:\/\/www.acfo-acaf.com\/fr\/wp-json\/wp\/v2\/media?parent=4683"}],"curies":[{"name":"wp","href":"https:\/\/api.w.org\/{rel}","templated":true}]}}