{"id":4687,"date":"2012-02-23T16:28:20","date_gmt":"2012-02-23T16:28:20","guid":{"rendered":"http:\/\/127.0.0.1\/wordpress87\/?page_id=1082"},"modified":"2023-06-02T17:22:59","modified_gmt":"2023-06-02T17:22:59","slug":"assurance-groupe-auto-habitation-membres-lassociation-canadienne-agents-financiers","status":"publish","type":"page","link":"https:\/\/www.acfo-acaf.com\/fr\/services-aux-membres\/avantages-reserves-membres\/assurance-groupe-auto-habitation-membres-lassociation-canadienne-agents-financiers\/","title":{"rendered":"Assurance de groupe auto et habitation de les membres de l&rsquo;Association canadienne des agents financiers"},"content":{"rendered":"<div class='acfoSection pageHeader__wrap'><div class='pageHeader pageHeader--standard'><div class='pageHeader__topLinkWrap'><a class='pageHeader__topLink' href='https:\/\/www.acfo-acaf.com\/fr\/services-aux-membres\/'>Votre adh\u00e9sion et programmes<\/a><\/div><h1>Assurance de groupe auto et habitation de les membres de l&rsquo;Association canadienne des agents financiers<\/h1><\/div><\/div>\n\n\n<p><a href=\"http:\/\/www.lapersonnelle.com\/acaf\" target=\"_blank\" rel=\"noreferrer noopener\">La Personnelle, compagnie d\u2019assurances<\/a>,&nbsp;offre aux membres de l\u2019Association canadienne des agents financiers des tarifs pr\u00e9f\u00e9rentiels pour leurs assurances auto et habitation. Elle offre \u00e9galement des options et rabais qui vont bien au-del\u00e0&nbsp; de l\u2019assurance de base. Par exemple&nbsp;:<\/p>\n\n\n\n<ul class=\"wp-block-list\">\n<li>Des tarifs exclusifs non offerts au grand public<\/li>\n\n\n\n<li>Des protections personnalis\u00e9es qui allient choix, simplicit\u00e9 et rabais<\/li>\n\n\n\n<li>Des \u00e9quipes sp\u00e9cialis\u00e9es pour r\u00e9pondre aux besoins de votre organisation<\/li>\n<\/ul>\n\n\n\n<p>Ne renouvelez pas vos assurances auto et habitation avant de communiquer avec&nbsp;<strong>La Personnelle.<\/strong><\/p>\n\n\n\n<p>Les primes d\u2019assurance varient d\u2019un assureur \u00e0 l\u2019autre et peuvent changer d\u2019ann\u00e9e en ann\u00e9e. Le meilleur moyen de vous assurer que vous profitez toujours du tarif le plus avantageux est de comparer les offres. \u00c0&nbsp;<a href=\"http:\/\/www.lapersonnelle.com\/acaf?campagne=lf823215\">La Personnelle<\/a>, vous obtenez des tarifs de groupe exclusifs en plus de nombreux rabais pour \u00e9conomiser davantage, incluant&nbsp;:<\/p>\n\n\n\n<ul class=\"wp-block-list\">\n<li>Jusqu\u2019\u00e0 15&nbsp;%<strong>&nbsp;&nbsp; Rabais multiv\u00e9hicule<\/strong><\/li>\n<\/ul>\n\n\n\n<p>Assurez plus d\u2019un v\u00e9hicule et \u00e9conomisez jusqu\u2019\u00e0 15&nbsp;% sur la prime de chacun<\/p>\n\n\n\n<ul class=\"wp-block-list\">\n<li>Jusqu\u2019\u00e0 15&nbsp;%<strong>&nbsp;&nbsp; Rabais Fid\u00e9lit\u00e9<\/strong><\/li>\n<\/ul>\n\n\n\n<p>Confiez votre assurance auto \u00e0 La Personnelle et obtenez un rabais Fid\u00e9lit\u00e9 allant jusqu\u2019\u00e0 15&nbsp;%<\/p>\n\n\n\n<ul class=\"wp-block-list\">\n<li>Jusqu\u2019\u00e0 15&nbsp;%<strong>&nbsp;&nbsp; Rabais pour syst\u00e8me d\u2019alarme<\/strong><\/li>\n<\/ul>\n\n\n\n<p>Vous pourriez \u00e9conomiser jusqu\u2019\u00e0 15&nbsp;% si votre r\u00e9sidence est prot\u00e9g\u00e9e par un syst\u00e8me d\u2019alarme reli\u00e9 \u00e0 une centrale de surveillance<\/p>\n\n\n\n<p>Pour trouver ce qu\u2019il y a de mieux en terme de protections, de tarifs et de service, magasinez&nbsp;<strong>en commen\u00e7ant par<\/strong>&nbsp;<strong>La Personnelle, votre assureur de groupe.<\/strong><\/p>\n\n\n\n<p>Obtenez vos tarifs de groupe exclusifs&nbsp;!<br><strong>1 888 476-8737<br><\/strong><strong><a href=\"http:\/\/www.lapersonnelle.com\/acaf?campagne=lf823215\">lapersonnelle.com\/acaf<\/a><\/strong><\/p>\n\n\n\n<h2 class=\"wp-block-heading\"><strong>Ce que vous devez savoir sur l\u2019assurance habitation<br><a href=\"http:\/\/www.acfo-acaf.com\/wp-content\/uploads\/2012\/02\/picture1.jpg\"><\/a><\/strong><\/h2>\n\n\n\n<p>Le printemps est une saison bien occup\u00e9e sur le march\u00e9 del\u2019habitation, et pour de nombreux acheteurs, leur maison sera le plus gros investissement de leur vie. Or si des dommages \u00e9taient caus\u00e9s par des \u00e9v\u00e9nements impr\u00e9visibles, comme un incendie ou des intemp\u00e9ries, la plupart des propri\u00e9taires n\u2019auraient pas les moyens de reconstruire leur maison ou de la remeter en \u00e9tat. Il en va de m\u00eame pour remplacer des biens qui leur seraient vol\u00e9s. Mais l\u2019assurance habitation peut les prot\u00e9ger: elle couvre les co\u00fbts de r\u00e9paration ou de remplacement de ce qui est endommag\u00e9 ou perdu.<br><strong><br><\/strong>Voici quelques indications qui vous aideront&nbsp;\u00e0 comprendre ce qui est couvert \u2013 ou non- par une assurance habitation et des conseils pour en r\u00e9duire le co\u00fbt.<\/p>\n\n\n\n<h4 class=\"wp-block-heading\"><strong>Pourquoi souscrire une assurance habitation?<\/strong><\/h4>\n\n\n\n<p>Bien que l\u2019assurance habitation ne soit pas obligatoire en vertu de la loi canadienne, la plupart des banques en font une condition pour accorder un&nbsp;pr\u00eat&nbsp;hypoth\u00e9caire.Elle vous procure aussi la tranquillit\u00e9 d\u2019esprit lorsque vous&nbsp;\u00eates d\u00e9vast\u00e9&nbsp;\u00e9motionnellement \u2013 si votre maison a&nbsp;\u00e9t\u00e9 endommag\u00e9e par de fortes intemp\u00e9ries ou si vos bijoux ont&nbsp;\u00e9t\u00e9 vol\u00e9s. Il et recommand\u00e9 de souscrire une assurance qui couvre la totalit\u00e9 des&nbsp;co\u00fbts de reconstruction de votre masion et de remplacement de vos biens, en plus d\u2019une assurance responsabilit\u00e9 civille au cas o\u00f9 vous seriez tenu financi\u00e8rement responsable.<\/p>\n\n\n\n<h4 class=\"wp-block-heading\"><strong>Qu\u2019est-ce qui est couvert?&nbsp;<\/strong><\/h4>\n\n\n\n<p>Voici les quatre composantes habituelles d\u2019une assurance habitation compl\u00e8te&nbsp;:<\/p>\n\n\n\n<ol class=\"wp-block-list\">\n<li>R\u00e9paration ou reconstruction de votre maison, de votre garage et des autres d\u00e9pendances sue votre terrain. Elle couvre les dommages caus\u00e9s par la plupart des d\u00e9sastres d\u2019origine naturelle or humaine (sauf exception).<\/li>\n\n\n\n<li>Contenu de l\u2019habitation et biens personnels, o\u00f9 qu\u2019ils soient dans le monde. Il est sage de revoir votre inventaire chaque ann\u00e9e pour le mettre&nbsp;\u00e0 jour.<\/li>\n\n\n\n<li>Responsabilit\u00e9 civile, advenant que quelqu\u2019un se blesse sur votre terrain ou dans votre maison, ou que vous causiez accidentellement des dommags mat\u00e9riels ou corporels&nbsp;\u00e0 une autre personne.<\/li>\n\n\n\n<li><a href=\"http:\/\/http\/\/assets.ibc.ca\/Documents\/Brochures\/All-about-Home-Insurance.pdf#page=4\" target=\"_blank\" rel=\"noreferrer noopener\">Frais de subsistance suppl\u00e9mentaires<\/a>&nbsp;&nbsp;et frais m\u00e9dicaux (g\u00e9neralement couverts pour une p\u00e9riode donn\u00e9e), si vous devez vous reloger en raison d\u2019un&nbsp;\u00e9v\u00e9nement couvert.<\/li>\n<\/ol>\n\n\n\n<h4 class=\"wp-block-heading\"><strong>Qu\u2019est-ce qui n\u2019est pas couvert?<\/strong><\/h4>\n\n\n\n<p>Assurez-vous de comprendre&nbsp;le champ d\u2019application et les restrictions de votre police,&nbsp;particuli\u00e8rement &nbsp;si vous optez pour une couvertue partielle. La plupart des assurances couvrent l\u2019habitation ete ce qu\u2019elle contient, de m\u00eame que votre responsabilit\u00e9 civile, celle de votre conjoint et des personnes \u00e0 votre charge \u00e2g\u00e9es de moins de 18&nbsp;ans (ou de plus de 18&nbsp;ans si elles sont aux \u00e9tudes).<\/p>\n\n\n\n<p>Les dommages&nbsp;caus\u00e9s \u00e0 votre habitation par les risques modernes, entre autres les inondations et les tremblements de terre, ne sont g\u00e9n\u00e9ralement pas couverts. Les objets de grande valeur, comme les&nbsp;bijoux et les oeuvres d\u2019art sont couverts&nbsp;\u00e0 concurrence d\u2019un certain montant seulement.<a href=\"https:\/\/www.insurancehotline.com\/5-things-homeowners-insurance-wont-cover\/\" target=\"_blank\" rel=\"noreferrer noopener\">Voici une liste de risques<\/a>&nbsp;que l\u2019assurance habitation ne couvre pas. Envisagez d\u2019ajouter des avenants si vous voulez assurer la pleine valeur de vos objets ou vore entreprise&nbsp;\u00e0 domicile.<\/p>\n\n\n\n<h4 class=\"wp-block-heading\"><strong>Comment&nbsp;r\u00e9duire les co\u00fbts?<\/strong><\/h4>\n\n\n\n<p>M\u00eame si le co\u00fbt de l\u2019assurance habitation augmente, vous pouvez prot\u00e9ger votre maison et votre famille sans pour autant vous ruiner. Bien souvent, augmenter la franchise peut suffire&nbsp;\u00e0 vous faire&nbsp;\u00e9conomiser. Voici d\u2019autres moyens de r\u00e9duire votre prime:<\/p>\n\n\n\n<ul class=\"wp-block-list\">\n<li>Installez un syst\u00e8me d\u2019alarme.<\/li>\n\n\n\n<li>Souscrivez votre assurance habitation et votre assurance auto&nbsp;aupr\u00e8s de la m\u00eame compagnie.<\/li>\n\n\n\n<li>Optez pour une prime annuelle&nbsp;plut\u00f4t qu\u2019une prime mensuelle.<\/li>\n\n\n\n<li>Souscrivez l\u2019assurance offerte par votre employeur ou votre association.<\/li>\n\n\n\n<li>R\u00e9fl\u00e9chissez-y \u00e0 deux fois avant de pr\u00e9senter une demande d\u2019indemnisation.<\/li>\n<\/ul>\n\n\n\n<h3 class=\"wp-block-heading\"><strong>Pour approfondir le sujet&nbsp;<\/strong><\/h3>\n\n\n\n<ul class=\"wp-block-list\">\n<li><a href=\"http:\/\/http\/\/www.ibc.ca\/fr\/ns\/maison\/assurer-sa-maison\" target=\"_blank\" rel=\"noreferrer noopener\">Les pi\u00e8ges et les secrets de l\u2019assurance habitation selon le Bureau d\u2019assurance du Canada<\/a><\/li>\n\n\n\n<li><a href=\"https:\/\/www.canada.ca\/fr\/agence-consommation-matiere-financiere\/services\/vos-outils-financiers.html\" target=\"_blank\" rel=\"noreferrer noopener\">L\u2019abc de l\u2019assurance habitation<\/a><\/li>\n\n\n\n<li><a href=\"http:\/\/www.theglobeandmail.com\/globe-investor\/personal-finance\/household-finances\/ten-ways-to-cut-the-cost-of-home-insurance\/article11483375\/\" target=\"_blank\" rel=\"noreferrer noopener\">Comment facilement r\u00e9duire sa prime<\/a>&nbsp;<\/li>\n<\/ul>\n\n\n\n<p><strong>Association canadienne des agents financiers&nbsp;<\/strong>a n\u00e9goci\u00e9 une entente avec La Personnelle concernant l\u2019assurance habitation et automobile pour ses membres.<\/p>\n\n\n\n<p>Pour en savior plus, appelez au 1 888 476-8737.<\/p>\n\n\n\n<h6 class=\"wp-block-heading\">&lt;&lt;La Personnelle&gt;&gt; d\u00e9signe La Personelle, assurances g\u00e9n\u00e9rales inc. au Qu\u00e9bec, et La Personelle, compagine d\u2019assurances partout ailleurs au Canada.<\/h6>\n\n\n\n<h6 class=\"wp-block-heading\">L\u2019information contenue dans le pr\u00e9sent document est fournie&nbsp;\u00e0 titre indicatif seulement et ne saurait \u00eatre interpr\u00e9t\u00e9e comme des conseils de sp\u00e9cialiste ou se substituer \u00e0 ceux-ci. La Personnelle n\u2019assume aucune responsabilit\u00e9 relativement \u00e0 la mani\u00e8re dont cette information est utilis\u00e9e.<\/h6>\n\n\n\n<h3 class=\"wp-block-heading\"><strong>Vous n\u2019\u00eates pas en p\u00e9riode de renouvellement&nbsp;?<\/strong><\/h3>\n\n\n\n<p>M\u00eame si vous n\u2019\u00eates pas en p\u00e9riode de renouvellement, vous pouvez r\u00e9server votre prime jusqu\u2019\u00e0 364 jours<sup>\u2020<\/sup>&nbsp;\u00e0 l\u2019avance&nbsp;!<\/p>\n\n\n\n<p>Certaines conditions, exclusions et limitations s\u2019appliquent. Les \u00e9conomies et les rabais sont sous r\u00e9serve des conditions d\u2019admissibilit\u00e9, peuvent varier selon la province et peuvent ne pas s\u2019appliquer \u00e0 toutes les protections optionnelles. L\u2019assurance auto n\u2019est pas offerte au Manitoba, en Saskatchewan ni en Colombie-Britannique, o\u00f9 il existe des r\u00e9gimes d\u2019assurance gouvernementaux.<\/p>\n\n\n\n<p>La Personnelle d\u00e9signe La Personnelle, assurances g\u00e9n\u00e9rales inc. au Qu\u00e9bec et La Personnelle, compagnie d\u2019assurances dans les autres provinces et territoires.<\/p>\n\n\n\n<p>Les \u00e9conomies de fid\u00e9lit\u00e9 sont uniquement offertes en Ontario, en Alberta, en Nouvelle-\u00c9cosse, \u00e0 Terre-Neuve, au Nouveau-Brunswick et \u00e0 l\u2019\u00cele-du-Prince-\u00c9douard. Le client doit avoir \u00e9t\u00e9 assur\u00e9 pendant un minimum de trois ans pour \u00eatre admissible aux \u00e9conomies de fid\u00e9lit\u00e9 et de cinq ans et plus pour obtenir le rabais maximal. Jusqu\u2019\u00e0 15&nbsp;% en Ontario et \u00e0 Terre-Neuve. Jusqu\u2019\u00e0 10&nbsp;% en Alberta. Jusqu\u2019\u00e0 7&nbsp;% en Nouvelle-\u00c9cosse, au Nouveau-Brunswick et \u00e0 l\u2019\u00cele-du-Prince-\u00c9douard.<\/p>\n\n\n\n<p>\u2020 Les tarifs sont garantis durant une p\u00e9riode allant jusqu\u2019\u00e0 364 jours et sont consentis uniquement si les renseignements&nbsp; fournis au moment de la souscription de votre police d\u2019assurance n\u2019ont pas chang\u00e9 lors de l\u2019entr\u00e9e en vigueur de celle-ci<strong>.<\/strong><\/p>\n\n\n<div class='acfoSection sectionWrap sectionWrap--linkbox  sectionWrap--color-yellow' ><div class='section section--linkbox '><div class='linkbox linkbox--2col'><div class='linkbox__titleWrap'><h2 class='sectionTitle linkbox__title'>Contactez-nous<\/h2><\/div><div class='linkbox__description sectionDescription'>Si vous souhaitez vous impliquer \u00e0 l\u2019ACFO-ACAF ou prendre contact avec nous, il y a de nombreuses fa\u00e7ons de nous joindre. Nous serons ravis de vous entendre.<div class='linkWrap--arrow linkbox__linkWrap'><a href='https:\/\/www.acfo-acaf.com\/fr\/contactez-nous\/' class='link--arrow link--hoverSlide' ><div class=''>Prendre contact avec nous<span class=\"acfoArrow\"> \u2192<\/span><\/div><\/a><\/div><\/div><\/div><\/div><\/div>","protected":false},"excerpt":{"rendered":"<p>La Personnelle, compagnie d\u2019assurances,&nbsp;offre aux membres de l\u2019Association canadienne des agents financiers des tarifs pr\u00e9f\u00e9rentiels pour leurs assurances auto et [&hellip;]<\/p>\n","protected":false},"author":2,"featured_media":0,"parent":4719,"menu_order":0,"comment_status":"closed","ping_status":"closed","template":"","meta":{"_acf_changed":false,"footnotes":""},"class_list":["post-4687","page","type-page","status-publish","hentry"],"acf":[],"_links":{"self":[{"href":"https:\/\/www.acfo-acaf.com\/fr\/wp-json\/wp\/v2\/pages\/4687","targetHints":{"allow":["GET"]}}],"collection":[{"href":"https:\/\/www.acfo-acaf.com\/fr\/wp-json\/wp\/v2\/pages"}],"about":[{"href":"https:\/\/www.acfo-acaf.com\/fr\/wp-json\/wp\/v2\/types\/page"}],"author":[{"embeddable":true,"href":"https:\/\/www.acfo-acaf.com\/fr\/wp-json\/wp\/v2\/users\/2"}],"replies":[{"embeddable":true,"href":"https:\/\/www.acfo-acaf.com\/fr\/wp-json\/wp\/v2\/comments?post=4687"}],"version-history":[{"count":0,"href":"https:\/\/www.acfo-acaf.com\/fr\/wp-json\/wp\/v2\/pages\/4687\/revisions"}],"up":[{"embeddable":true,"href":"https:\/\/www.acfo-acaf.com\/fr\/wp-json\/wp\/v2\/pages\/4719"}],"wp:attachment":[{"href":"https:\/\/www.acfo-acaf.com\/fr\/wp-json\/wp\/v2\/media?parent=4687"}],"curies":[{"name":"wp","href":"https:\/\/api.w.org\/{rel}","templated":true}]}}