{"id":4689,"date":"2011-01-19T19:52:27","date_gmt":"2011-01-19T19:52:27","guid":{"rendered":"http:\/\/127.0.0.1\/wordpress87\/?page_id=615"},"modified":"2025-08-26T20:00:09","modified_gmt":"2025-08-26T20:00:09","slug":"programme-des-ambassadeur-es-l-acaf","status":"publish","type":"page","link":"https:\/\/www.acfo-acaf.com\/fr\/a-propos-de-lacfo-acaf\/programme-des-ambassadeur-es-l-acaf\/","title":{"rendered":"Programme des ambassadeur\/ambassadrice"},"content":{"rendered":"<div class='acfoSection pageHeader__wrap pageHeader__wrap--withImg'><div class='pageHeader pageHeader--standard'><div class='pageHeader__topLinkWrap'><a class='pageHeader__topLink' href='https:\/\/www.acfo-acaf.com\/fr\/a-propos-de-lacfo-acaf\/'>\u00c0 propos de l&rsquo;ACFO-ACAF<\/a><\/div><h1>Programme des ambassadeur\/ambassadrice<\/h1><div class='sectionMenu__wrap linkListDd__wrap linkListDd__wrap--expands'><div class='sectionMenu__toggleWrap linkListDd__toggleWrap'><button type='button' class='sectionMenu__toggle linkListDd__toggle' id='sectionMenu__toggle-0' aria-controls='sectionMenu-0' aria-expanded='false'><span class='buttonLabel'>Sections<\/span><span class='buttonIcon buttonIcon--hamburger'><svg width=\"18\" height=\"12\" viewBox=\"0 0 18 12\" xmlns=\"http:\/\/www.w3.org\/2000\/svg\"><path d=\"M0 12h18v-2H0v2zm0-5h18V5H0v2zm0-7v2h18V0H0z\"\/><\/svg><\/span><span class='buttonIcon buttonIcon--close'><svg width=\"18\" height=\"18\" viewBox=\"0 0 18 18\" fill=\"none\" xmlns=\"http:\/\/www.w3.org\/2000\/svg\"><path d=\"M18 1.81L16.19 0 9 7.19 1.81 0 0 1.81 7.19 9 0 16.19 1.81 18 9 10.81 16.19 18 18 16.19 10.81 9 18 1.81z\" fill=\"#222\"\/><\/svg><\/span><\/button><\/div><nav class='sectionMenu linkListDd' aria-label='Menu de section' id='sectionMenu-0'><div class='sectionMenu__linkWrap linkListDd__item'><a class='sectionMenu__link' href='https:\/\/www.acfo-acaf.com\/fr\/a-propos-de-lacfo-acaf\/notre-equipe\/'>Notre \u00e9quipe<\/a><\/div><div class='sectionMenu__linkWrap linkListDd__item'><a class='sectionMenu__link' href='https:\/\/www.acfo-acaf.com\/fr\/a-propos-de-lacfo-acaf\/programme-des-ambassadeur-es-l-acaf\/'>Programme des ambassadeur\/ambassadrice<\/a><\/div><div class='sectionMenu__linkWrap linkListDd__item'><a class='sectionMenu__link' href='https:\/\/www.acfo-acaf.com\/fr\/a-propos-de-lacfo-acaf\/vitrine-des-membres-acfo-acaf\/'>Vitrine des membres<\/a><\/div><\/nav><\/div><div class='pageHeader__imgWrap'><img class='pageHeader__img' src='https:\/\/www.acfo-acaf.com\/wp-content\/uploads\/2024\/05\/CTS24-6-128x53.png' srcset='https:\/\/www.acfo-acaf.com\/wp-content\/uploads\/2024\/05\/CTS24-6-128x64.png 128w,https:\/\/www.acfo-acaf.com\/wp-content\/uploads\/2024\/05\/CTS24-6-256x128.png 256w,https:\/\/www.acfo-acaf.com\/wp-content\/uploads\/2024\/05\/CTS24-6-512x256.png 512w,https:\/\/www.acfo-acaf.com\/wp-content\/uploads\/2024\/05\/CTS24-6-750x375.png 750w,https:\/\/www.acfo-acaf.com\/wp-content\/uploads\/2024\/05\/CTS24-6-1024x512.png 1024w,https:\/\/www.acfo-acaf.com\/wp-content\/uploads\/2024\/05\/CTS24-6.png 1440w,https:\/\/www.acfo-acaf.com\/wp-content\/uploads\/2024\/05\/CTS24-6.png 2048w' sizes='(max-width: 1180px) 100vw, 1180px' \/><\/div><\/div><\/div>\n\n\n<p id=\"block-f687a03e-0165-4d63-8a90-f1fb235bc99f\">Le Programme des ambassadeur\/ambassadrice est au c\u0153ur de notre communication avec nos membres et du soutien que nous leur offrons partout au Canada. Les membres b\u00e9n\u00e9voles sont nos ambassadeurs et ambassadrices qui assurent la liaison entre la communaut\u00e9 CT au sein des minist\u00e8res\/des r\u00e9gions et l\u2019ACFO-ACAF. Ils et elles sont nos yeux et nos oreilles en milieu de travail et veillent \u00e0 ce que nos membres soient inform\u00e9s, entendus et bien soutenus.\u00a0<\/p>\n\n\n\n<p>Vous souhaitez vous impliquer? Ou bien vous voulez savoir comment les ambassadeurs et les ambassadrices peuvent vous aider? Apprenez-en davantage ci-dessous!&nbsp;<\/p>\n\n\n<div class=\"wp-block-image\">\n<figure class=\"aligncenter size-large is-resized\"><img loading=\"lazy\" decoding=\"async\" width=\"1024\" height=\"382\" src=\"https:\/\/www.acfo-acaf.com\/wp-content\/uploads\/2025\/01\/winners_2024-1-1-e1737611596931-1024x382.png\" alt=\"\" class=\"wp-image-6098\" style=\"width:764px;height:auto\" srcset=\"https:\/\/www.acfo-acaf.com\/wp-content\/uploads\/2025\/01\/winners_2024-1-1-e1737611596931-1024x382.png 1024w, https:\/\/www.acfo-acaf.com\/wp-content\/uploads\/2025\/01\/winners_2024-1-1-e1737611596931-768x287.png 768w, https:\/\/www.acfo-acaf.com\/wp-content\/uploads\/2025\/01\/winners_2024-1-1-e1737611596931-1536x574.png 1536w, https:\/\/www.acfo-acaf.com\/wp-content\/uploads\/2025\/01\/winners_2024-1-1-e1737611596931-300x112.png 300w, https:\/\/www.acfo-acaf.com\/wp-content\/uploads\/2025\/01\/winners_2024-1-1-e1737611596931.png 2000w\" sizes=\"auto, (max-width: 1024px) 100vw, 1024px\" \/><\/figure>\n<\/div>\n\n<div class='acfoSection sectionWrap sectionWrap--linkbox  sectionWrap--color-yellow' ><div class='section section--linkbox '><div class='linkbox linkbox--2col'><div class='linkbox__titleWrap'><h2 class='sectionTitle linkbox__title'>Trouvez votre ambassadeur ou votre ambassadrice<\/h2><\/div><div class='linkbox__description sectionDescription'>Nous avons plus de 80\u202fambassadeurs et ambassadrices r\u00e9partis dans divers minist\u00e8res et dans les diff\u00e9rentes r\u00e9gions. Vous ne savez pas qui est votre ambassadeur ou votre ambassadrice?\u00a0<div class='linkWrap--arrow linkbox__linkWrap'><a href='https:\/\/my.acfo-acaf.com\/' class='link--arrow link--hoverSlide'  rel=\"noopener noreferer\" target=\"_blank\" ><div class=''>Acc\u00e9der \u00e0 ce r\u00e9pertoire via le portail my.ACFO-ACAF<span class=\"acfoArrow\"> \u2192<\/span><\/div><\/a><\/div><\/div><\/div><\/div><\/div>\n\n\n<p><strong>R\u00f4le des ambassadeurs et ambassadrices<\/strong>&nbsp;<\/p>\n\n\n\n<p>Les ambassadeurs et ambassadrices de l\u2019ACFO-ACAF jouent un r\u00f4le essentiel dans le maintien de la communication avec les membres et de l\u2019implication de ces derniers.&nbsp;Ils et elles :&nbsp;<\/p>\n\n\n\n<ul class=\"wp-block-list\">\n<li>Accueillent les nouveaux membres et les aident \u00e0 se sentir partie prenante de la communaut\u00e9\u202fCT.&nbsp;<\/li>\n<\/ul>\n\n\n\n<ul class=\"wp-block-list\">\n<li>Tiennent leurs coll\u00e8gues CT au sein de leur minist\u00e8re au courant des nouvelles et des initiatives les plus r\u00e9centes de l\u2019ACFO-ACAF.&nbsp;<\/li>\n<\/ul>\n\n\n\n<ul class=\"wp-block-list\">\n<li>Dirigent les membres vers des ressources et les aiguillent vers des contacts appropri\u00e9s de l\u2019ACFO-ACAF.&nbsp;<\/li>\n<\/ul>\n\n\n\n<ul class=\"wp-block-list\">\n<li>Repr\u00e9sentent l\u2019ACFO-ACAF aupr\u00e8s des comit\u00e9s de sant\u00e9 et de s\u00e9curit\u00e9.&nbsp;<\/li>\n<\/ul>\n\n\n\n<ul class=\"wp-block-list\">\n<li>Se tiennent au courant des principaux dossiers de d\u00e9fense des int\u00e9r\u00eats des membres sur lesquels l\u2019ACFO-ACAF travaille.&nbsp;<\/li>\n<\/ul>\n\n\n\n<ul class=\"wp-block-list\">\n<li>Transmettent \u00e0 l\u2019ACFO-ACAF de l\u2019information sur les probl\u00e8mes li\u00e9s au milieu de travail et fournissent des renseignements qui aident l\u2019ACFO-ACAF \u00e0 mieux d\u00e9fendre les int\u00e9r\u00eats de ses membres.&nbsp;<\/li>\n<\/ul>\n\n\n\n<p><strong>Veuillez noter que les ambassadeurs et ambassadrices ne sont pas form\u00e9s pour s\u2019occuper de questions de relations de travail. Si vous avez une question concernant vos droits en mati\u00e8re de travail, veuillez communiquer avec <\/strong><a href=\"mailto:labourrelations@acfo-acaf.com\" target=\"_blank\" rel=\"noreferrer noopener\"><strong>un conseiller ou une conseill\u00e8re en relations de travail<\/strong><\/a><strong>.<\/strong>&nbsp;<\/p>\n\n\n\n<p><strong>Avantages offerts aux ambassadeurs et ambassadrices<\/strong>&nbsp;<\/p>\n\n\n\n<ul class=\"wp-block-list\">\n<li>Re\u00e7oivent une formation et une s\u00e9ance d\u2019orientation au moment de leur adh\u00e9sion au programme.&nbsp;<\/li>\n<\/ul>\n\n\n\n<ul class=\"wp-block-list\">\n<li>Participent, avec des coll\u00e8gues b\u00e9n\u00e9voles, \u00e0 des discussions virtuelles mensuelles anim\u00e9es par le pr\u00e9sident de l\u2019ACFO-ACAF.&nbsp;<\/li>\n<\/ul>\n\n\n\n<ul class=\"wp-block-list\">\n<li>Ont acc\u00e8s \u00e0 la plateforme du Centre canadien pour la diversit\u00e9 et l\u2019inclusion (CCDI).&nbsp;<\/li>\n<\/ul>\n\n\n\n<ul class=\"wp-block-list\">\n<li>Assistent \u00e0 la conf\u00e9rence annuelle d\u2019une journ\u00e9e des b\u00e9n\u00e9voles.&nbsp;<\/li>\n<\/ul>\n\n\n\n<p><strong>Impliquez-vous!<\/strong>&nbsp;<\/p>\n\n\n\n<p>Nous sommes \u00e0 la recherche de b\u00e9n\u00e9voles pour les minist\u00e8res et les r\u00e9gions qui n\u2019ont pas encore d\u2019ambassadeur ou d\u2019ambassadrice. Si vous souhaitez devenir ambassadeur ou ambassadrice pour votre minist\u00e8re ou votre r\u00e9gion, veuillez contacter Jessica Morin, coordonnatrice du programme, en lui envoyant un courriel \u00e0 <a href=\"mailto:benevoles@acfo-acaf.com\" target=\"_blank\" rel=\"noreferrer noopener\">benevoles@acfo-acaf.com<\/a>.&nbsp;&nbsp;<\/p>\n\n\n\n<figure class=\"wp-block-image size-large\"><img loading=\"lazy\" decoding=\"async\" width=\"1024\" height=\"470\" src=\"https:\/\/www.acfo-acaf.com\/wp-content\/uploads\/2025\/01\/CTSymposium2024-Day2-355-WEB-e1737611890448-1024x470.jpg\" alt=\"\" class=\"wp-image-6099\" srcset=\"https:\/\/www.acfo-acaf.com\/wp-content\/uploads\/2025\/01\/CTSymposium2024-Day2-355-WEB-e1737611890448-1024x470.jpg 1024w, https:\/\/www.acfo-acaf.com\/wp-content\/uploads\/2025\/01\/CTSymposium2024-Day2-355-WEB-e1737611890448-768x353.jpg 768w, https:\/\/www.acfo-acaf.com\/wp-content\/uploads\/2025\/01\/CTSymposium2024-Day2-355-WEB-e1737611890448-1536x705.jpg 1536w, https:\/\/www.acfo-acaf.com\/wp-content\/uploads\/2025\/01\/CTSymposium2024-Day2-355-WEB-e1737611890448-300x138.jpg 300w, https:\/\/www.acfo-acaf.com\/wp-content\/uploads\/2025\/01\/CTSymposium2024-Day2-355-WEB-e1737611890448.jpg 2048w\" sizes=\"auto, (max-width: 1024px) 100vw, 1024px\" \/><\/figure>\n","protected":false},"excerpt":{"rendered":"<p>Le Programme des ambassadeur\/ambassadrice est au c\u0153ur de notre communication avec nos membres et du soutien que nous leur offrons [&hellip;]<\/p>\n","protected":false},"author":2,"featured_media":5464,"parent":4717,"menu_order":0,"comment_status":"closed","ping_status":"closed","template":"","meta":{"_acf_changed":true,"footnotes":""},"class_list":["post-4689","page","type-page","status-publish","has-post-thumbnail","hentry"],"acf":[],"_links":{"self":[{"href":"https:\/\/www.acfo-acaf.com\/fr\/wp-json\/wp\/v2\/pages\/4689","targetHints":{"allow":["GET"]}}],"collection":[{"href":"https:\/\/www.acfo-acaf.com\/fr\/wp-json\/wp\/v2\/pages"}],"about":[{"href":"https:\/\/www.acfo-acaf.com\/fr\/wp-json\/wp\/v2\/types\/page"}],"author":[{"embeddable":true,"href":"https:\/\/www.acfo-acaf.com\/fr\/wp-json\/wp\/v2\/users\/2"}],"replies":[{"embeddable":true,"href":"https:\/\/www.acfo-acaf.com\/fr\/wp-json\/wp\/v2\/comments?post=4689"}],"version-history":[{"count":0,"href":"https:\/\/www.acfo-acaf.com\/fr\/wp-json\/wp\/v2\/pages\/4689\/revisions"}],"up":[{"embeddable":true,"href":"https:\/\/www.acfo-acaf.com\/fr\/wp-json\/wp\/v2\/pages\/4717"}],"wp:featuredmedia":[{"embeddable":true,"href":"https:\/\/www.acfo-acaf.com\/fr\/wp-json\/wp\/v2\/media\/5464"}],"wp:attachment":[{"href":"https:\/\/www.acfo-acaf.com\/fr\/wp-json\/wp\/v2\/media?parent=4689"}],"curies":[{"name":"wp","href":"https:\/\/api.w.org\/{rel}","templated":true}]}}