{"id":4695,"date":"2008-11-21T15:34:54","date_gmt":"2008-11-21T15:34:54","guid":{"rendered":"http:\/\/127.0.0.1\/wordpress87\/?page_id=735"},"modified":"2023-05-31T20:32:26","modified_gmt":"2023-05-31T20:32:26","slug":"assurance-groupe-auto-habitation-membres-l-association-canadienne-agents-financiers","status":"publish","type":"page","link":"https:\/\/www.acfo-acaf.com\/fr\/services-aux-membres\/avantages-reserves-membres\/assurance-groupe-auto-habitation-membres-l-association-canadienne-agents-financiers\/","title":{"rendered":"La Personnelle, l&rsquo;assureur de groupe auto et habitation des membres de l&rsquo;ACAF &#8211; La bonne combinaison."},"content":{"rendered":"\n<p><strong>Il y a des combinaisons qui ne vont pas ensemble\u00a6&nbsp;<\/strong><strong>puis il y a la bonne!<\/strong><\/p>\n\n\n\n<p>Que vous conduisiez une grosse camionnette ou une petite cylindr\u00e9e, neuve ou d\u2019occasion, vous trouverez&nbsp;\u00e0 La Personnelle une combinaison de protections sur mesure qui conviennent parfaitement&nbsp;\u00e0 votre v\u00e9hicule et&nbsp;\u00e0 votre budget. Pour consulter la liste de nos protections, cliquez ici&nbsp;:<br><a href=\"http:\/\/www.lapersonnelle.com\/2012-q3a?grp=acaf&amp;?campagne=LF423202\" target=\"_blank\" rel=\"noreferrer noopener\">lapersonnelle.com\/2012-q3a?grp=acaf<\/a><\/p>\n\n\n\n<p>De plus, que vous habitiez une maison, un condo ou un appartement, vous trouverez aussi&nbsp;\u00e0 La&nbsp;Personnelle une combinaison de protections sur mesure qui conviennent parfaitement&nbsp;\u00e0 vos besoins et au niveau de qui\u00e9tude que vous recherchez. Pour avoir acc\u00e8s&nbsp;\u00e0 nos protections personnalis\u00e9es,cliquez ici&nbsp;:&nbsp;<a href=\"http:\/\/www.lapersonnelle.com\/2012-q3h?grp=acaf&amp;?campagne=LF423202\" target=\"_blank\" rel=\"noreferrer noopener\"><br>lapersonnelle.com\/2012-q3h?grp=acaf<\/a><\/p>\n\n\n\n<p><strong>La bonne combinaison pour votre budget aussi<br><\/strong>La Personnelle est l\u2019un des plus importants assureurs de groupe auto et habitation au Canada. La force de La Personnelle combine&nbsp;\u00e0 celle de l\u2019Association canadienne des agents financiers vous permet de b\u00e9n\u00e9ficier de tarifs pr\u00e9f\u00e9rentiels non offerts au grand public.<\/p>\n\n\n\n<p><strong>Demandez une soumission<br><\/strong><strong>1 888 476-8737<br><\/strong><a href=\"http:\/\/www.lapersonnelle.com\/acaf?campagne=LF423202\" target=\"_blank\" rel=\"noreferrer noopener\">lapersonnelle.com\/acaf<\/a><\/p>\n\n\n\n<p><em>Certaines conditions s\u2019appliquent. L\u2019assurance auto n\u2019est pas offerte au Manitoba, en Saskatchewan ni en Colombie-Britannique, o\u00fb il existe des r\u00e9gimes d\u2019assurance gouvernementaux. Le genre masculin est utilis\u00e9 sans aucune discrimination et dans le seul but d\u2019all\u00e8ger le texte.\u00a0<\/em><\/p>\n\n\n<div class='acfoSection sectionWrap sectionWrap--linkbox  sectionWrap--color-yellow' ><div class='section section--linkbox '><div class='linkbox linkbox--2col'><div class='linkbox__titleWrap'><h2 class='sectionTitle linkbox__title'>Contactez-nous<\/h2><\/div><div class='linkbox__description sectionDescription'>Si vous souhaitez vous impliquer \u00e0 l\u2019ACFO-ACAF ou prendre contact avec nous, il y a de nombreuses fa\u00e7ons de nous joindre. Nous serons ravis de vous entendre.<div class='linkWrap--arrow linkbox__linkWrap'><a href='https:\/\/www.acfo-acaf.com\/fr\/contactez-nous\/' class='link--arrow link--hoverSlide' ><div class=''>Prendre contact avec nous<span class=\"acfoArrow\"> \u2192<\/span><\/div><\/a><\/div><\/div><\/div><\/div><\/div>","protected":false},"excerpt":{"rendered":"<p>Il y a des combinaisons qui ne vont pas ensemble\u00a6&nbsp;puis il y a la bonne! Que vous conduisiez une grosse [&hellip;]<\/p>\n","protected":false},"author":2,"featured_media":0,"parent":4719,"menu_order":0,"comment_status":"closed","ping_status":"closed","template":"","meta":{"_acf_changed":false,"footnotes":""},"class_list":["post-4695","page","type-page","status-publish","hentry"],"acf":[],"_links":{"self":[{"href":"https:\/\/www.acfo-acaf.com\/fr\/wp-json\/wp\/v2\/pages\/4695","targetHints":{"allow":["GET"]}}],"collection":[{"href":"https:\/\/www.acfo-acaf.com\/fr\/wp-json\/wp\/v2\/pages"}],"about":[{"href":"https:\/\/www.acfo-acaf.com\/fr\/wp-json\/wp\/v2\/types\/page"}],"author":[{"embeddable":true,"href":"https:\/\/www.acfo-acaf.com\/fr\/wp-json\/wp\/v2\/users\/2"}],"replies":[{"embeddable":true,"href":"https:\/\/www.acfo-acaf.com\/fr\/wp-json\/wp\/v2\/comments?post=4695"}],"version-history":[{"count":0,"href":"https:\/\/www.acfo-acaf.com\/fr\/wp-json\/wp\/v2\/pages\/4695\/revisions"}],"up":[{"embeddable":true,"href":"https:\/\/www.acfo-acaf.com\/fr\/wp-json\/wp\/v2\/pages\/4719"}],"wp:attachment":[{"href":"https:\/\/www.acfo-acaf.com\/fr\/wp-json\/wp\/v2\/media?parent=4695"}],"curies":[{"name":"wp","href":"https:\/\/api.w.org\/{rel}","templated":true}]}}