{"id":4707,"date":"2008-11-12T18:41:41","date_gmt":"2008-11-12T18:41:41","guid":{"rendered":"http:\/\/127.0.0.1\/wordpress87\/?page_id=587"},"modified":"2023-06-02T17:40:47","modified_gmt":"2023-06-02T17:40:47","slug":"plaintes-pour-harcelement-discrimination","status":"publish","type":"page","link":"https:\/\/www.acfo-acaf.com\/fr\/services-2\/plaintes-pour-harcelement-discrimination\/","title":{"rendered":"Plaintes pour harc\u00e8lement et discrimination"},"content":{"rendered":"<div class='acfoSection pageHeader__wrap'><div class='pageHeader pageHeader--standard'><div class='pageHeader__topLinkWrap'><a class='pageHeader__topLink' href='https:\/\/www.acfo-acaf.com\/fr\/services-2\/'>Services<\/a><\/div><h1>Plaintes pour harc\u00e8lement et discrimination<\/h1><\/div><\/div>\n\n\n<p>Les fonctionnaires ont le droit de travailler dans un environnement sans discrimination et harc\u00e8lement. La d\u00e9finition de chacun de ces termes se trouve dans la&nbsp;<a href=\"http:\/\/www.tbs-sct.gc.ca\/pol\/doc-fra.aspx?id=26041\" target=\"_blank\" rel=\"noreferrer noopener\">Politique du Conseil du Tr\u00e9sor sur la pr\u00e9vention et le r\u00e8glement du harc\u00e8lement en milieu de travail<\/a>&nbsp;et la&nbsp;<a href=\"http:\/\/laws-lois.justice.gc.ca\/fra\/lois\/h-6\/\" target=\"_blank\" rel=\"noreferrer noopener\">Loi canadienne sur les droits de la personne<\/a>.<\/p>\n\n\n\n<p>Pour nos agents financiers&nbsp;\u00e0 NAV CANADA, la convention collective d\u00e9crit le processus pour d\u00e9poser une plainte pour harc\u00e8lement et discrimination.<\/p>\n\n\n\n<h3 class=\"wp-block-heading\">Croyez-vous \u00eatre victime de harc\u00e8lement ou de discrimination?<\/h3>\n\n\n\n<ul class=\"wp-block-list\">\n<li><strong><a href=\"mailto:labourrelations@acfo-acaf.com\" target=\"_blank\" rel=\"noreferrer noopener\">Communiquez avec un conseiller ou une conseill\u00e8re en relations de travail<\/a>&nbsp;\u2013<\/strong>&nbsp;Nos conseillers peuvent vous aider \u00e0 \u00e9tablir si votre plainte tombe dans les d\u00e9finitions susmentionn\u00e9es. Chose importante, nous pouvons aussi vous aider \u00e0 examiner d\u2019autres options, si ce n\u2019est pas le cas. Vous n\u2019\u00eates pas certain du processus \u00e0 suivre pour communiquer avec les relations de travail et vous h\u00e9sitez \u00e0 le faire ? Pour en savoir plus sur le processus de travail avec les relations de travail de l\u2019ACAF-ACAF,&nbsp;<a href=\"https:\/\/www.acfo-acaf.com\/fr\/2022\/12\/13\/quest-ce-qui-ce-passe-lorsque-vous-contactez-les-relations-de-travail\/\">cliquez ici<\/a>.<\/li>\n\n\n\n<li><strong>Tenez compte des details&nbsp;\u2013<\/strong>&nbsp;Dans la pr\u00e9sentation d\u2019une plainte formelle, il est tr\u00e8s important de documenter les \u00e9v\u00e8nements. Copiez les courriels pertinents, prenez note des appels t\u00e9l\u00e9phoniques pertinents et \u00e9tablissez un calendrier des \u00e9v\u00e8nements. Nous pouvons vous aider&nbsp;\u00e0 cet \u00e9gard, mais, plus vous rassemblerez de renseignements au fur et&nbsp;\u00e0 mesure, plus rapidement nous pourrons aller de l\u2019avant.<\/li>\n\n\n\n<li><strong>N\u2019attendez pas&nbsp;\u2013<\/strong>&nbsp;La pr\u00e9sentation d\u2019une plainte est assujettie&nbsp;\u00e0 de stricts d\u00e9lais. La quantit\u00e9 de travail&nbsp;\u00e0&nbsp;faire au pr\u00e9alable varie en fonction de la nature de la plainte; il est donc tr\u00e8s important de communiquer avec nous d\u00e8s que vous estimez avoir \u00e9t\u00e9 victime de harc\u00e8lement ou de discrimination.<\/li>\n<\/ul>\n\n\n<div class='acfoSection sectionWrap sectionWrap--linkbox  sectionWrap--color-yellow' ><div class='section section--linkbox '><div class='linkbox linkbox--2col'><div class='linkbox__titleWrap'><h2 class='sectionTitle linkbox__title'>Contactez-nous<\/h2><\/div><div class='linkbox__description sectionDescription'>Si vous souhaitez vous impliquer \u00e0 l\u2019ACFO-ACAF ou prendre contact avec nous, il y a de nombreuses fa\u00e7ons de nous joindre. Nous serons ravis de vous entendre.<div class='linkWrap--arrow linkbox__linkWrap'><a href='https:\/\/www.acfo-acaf.com\/fr\/contactez-nous\/' class='link--arrow link--hoverSlide' ><div class=''>Prendre contact avec nous<span class=\"acfoArrow\"> \u2192<\/span><\/div><\/a><\/div><\/div><\/div><\/div><\/div>","protected":false},"excerpt":{"rendered":"<p>Les fonctionnaires ont le droit de travailler dans un environnement sans discrimination et harc\u00e8lement. La d\u00e9finition de chacun de ces [&hellip;]<\/p>\n","protected":false},"author":2,"featured_media":0,"parent":4677,"menu_order":0,"comment_status":"closed","ping_status":"closed","template":"","meta":{"_acf_changed":false,"footnotes":""},"class_list":["post-4707","page","type-page","status-publish","hentry"],"acf":[],"_links":{"self":[{"href":"https:\/\/www.acfo-acaf.com\/fr\/wp-json\/wp\/v2\/pages\/4707","targetHints":{"allow":["GET"]}}],"collection":[{"href":"https:\/\/www.acfo-acaf.com\/fr\/wp-json\/wp\/v2\/pages"}],"about":[{"href":"https:\/\/www.acfo-acaf.com\/fr\/wp-json\/wp\/v2\/types\/page"}],"author":[{"embeddable":true,"href":"https:\/\/www.acfo-acaf.com\/fr\/wp-json\/wp\/v2\/users\/2"}],"replies":[{"embeddable":true,"href":"https:\/\/www.acfo-acaf.com\/fr\/wp-json\/wp\/v2\/comments?post=4707"}],"version-history":[{"count":0,"href":"https:\/\/www.acfo-acaf.com\/fr\/wp-json\/wp\/v2\/pages\/4707\/revisions"}],"up":[{"embeddable":true,"href":"https:\/\/www.acfo-acaf.com\/fr\/wp-json\/wp\/v2\/pages\/4677"}],"wp:attachment":[{"href":"https:\/\/www.acfo-acaf.com\/fr\/wp-json\/wp\/v2\/media?parent=4707"}],"curies":[{"name":"wp","href":"https:\/\/api.w.org\/{rel}","templated":true}]}}