{"id":4711,"date":"2008-11-12T18:40:56","date_gmt":"2008-11-12T18:40:56","guid":{"rendered":"http:\/\/127.0.0.1\/wordpress87\/?page_id=585"},"modified":"2023-06-02T17:40:11","modified_gmt":"2023-06-02T17:40:11","slug":"griefs","status":"publish","type":"page","link":"https:\/\/www.acfo-acaf.com\/fr\/services-2\/griefs\/","title":{"rendered":"Griefs"},"content":{"rendered":"<div class='acfoSection pageHeader__wrap'><div class='pageHeader pageHeader--standard'><div class='pageHeader__topLinkWrap'><a class='pageHeader__topLink' href='https:\/\/www.acfo-acaf.com\/fr\/services-2\/'>Services<\/a><\/div><h1>Griefs<\/h1><\/div><\/div>\n\n\n<p>Un grief d\u00e9clenche un processus formel de r\u00e9solution des conflits. Bon nombre de griefs ont trait&nbsp;\u00e0 des dispositions de la convention collective, mais les membres de l\u2019ACFO-ACAF peuvent aussi pr\u00e9senter un grief concernant d\u2019autres questions. En r\u00e8gle g\u00e9n\u00e9rale, un grief peut porter sur n\u2019importe quelle violation des conditions d\u2019emploi.<\/p>\n\n\n\n<h3 class=\"wp-block-heading\">Pensez-vous avoir mati\u00e8re \u00e0 grief?<\/h3>\n\n\n\n<ul class=\"wp-block-list\">\n<li><a href=\"mailto:labourrelations@acfo-acaf.com\" target=\"_blank\" rel=\"noreferrer noopener\"><strong>Communiquez avec un conseiller ou une conseill\u00e8re en relations de travail<\/strong><\/a>&nbsp;\u2013&nbsp; Nos conseillers \u00e9tabliront s\u2019il y a lieu de pr\u00e9senter un grief formel ou s\u2019il conviendrait mieux de recourir&nbsp;\u00e0 un processus de&nbsp;<a href=\"https:\/\/www.acfo-acaf.com\/fr\/services-2\/resolution-informelle-conflits\/\">r\u00e9solution informelle<\/a>. Nous vous aiderons aussi \u00e0 comprendre vos options et ce qui s\u2019impose avant d\u2019aller de l\u2019avant avec la pr\u00e9sentation du grief. Vous n\u2019\u00eates pas certain du processus \u00e0 suivre pour communiquer avec les relations de travail et vous h\u00e9sitez \u00e0 le faire ? Pour en savoir plus sur le processus de travail avec les relations de travail de l\u2019ACAF-ACAF,&nbsp;<a href=\"https:\/\/www.acfo-acaf.com\/fr\/2022\/12\/13\/quest-ce-qui-ce-passe-lorsque-vous-contactez-les-relations-de-travail\/\">cliquez ici<\/a>.<\/li>\n\n\n\n<li><strong>Tenez compte des details&nbsp;\u2013<\/strong>&nbsp;Dans la pr\u00e9sentation d\u2019un grief, il est tr\u00e8s important de documenter les \u00e9v\u00e9nements. Copiez les courriels pertinents, prenez note des appels t\u00e9l\u00e9phoniques pertinents et \u00e9tablissez un calendrier des \u00e9v\u00e8nements. Nous pouvons vous aider&nbsp;\u00e0 cet \u00e9gard, mais, plus vous rassemblerez de renseignements au fur et&nbsp;\u00e0 mesure, plus rapidement nous pourrons aller de l\u2019avant.<\/li>\n\n\n\n<li><strong>N\u2019attendez pas<\/strong>&nbsp;\u2013 La pr\u00e9sentation d\u2019un grief est assujettie&nbsp;\u00e0 de stricts d\u00e9lais. La quantit\u00e9 de travail&nbsp;\u00e0 faire au pr\u00e9alable varie en fonction de la nature du grief; il est donc tr\u00e8s important de communiquer avec nous d\u00e8s que vous estimez avoir des motifs de pr\u00e9senter un grief.<\/li>\n\n\n\n<li><strong>Ne tentez pas de vous d\u00e9brouiller seul ou seule&nbsp;\u2013<\/strong>&nbsp;Certains griefs n\u00e9cessitent l\u2019approbation de l\u2019ACFO-ACAF avant de pouvoir \u00eatre pr\u00e9sent\u00e9s. M\u00eame dans les cas&nbsp;o\u00f9 vous n\u2019avez pas besoin de l\u2019approbation formelle de l\u2019ACFO-ACAF, nous pouvons vous aider&nbsp;\u00e0 pr\u00e9parer votre grief pour faire en sorte qu\u2019il soit jug\u00e9 recevable et trait\u00e9 de mani\u00e8re appropri\u00e9e.<\/li>\n<\/ul>\n\n\n<div class='acfoSection sectionWrap sectionWrap--linkbox  sectionWrap--color-yellow' ><div class='section section--linkbox '><div class='linkbox linkbox--2col'><div class='linkbox__titleWrap'><h2 class='sectionTitle linkbox__title'>Contactez-nous<\/h2><\/div><div class='linkbox__description sectionDescription'>Si vous souhaitez vous impliquer \u00e0 l\u2019ACFO-ACAF ou prendre contact avec nous, il y a de nombreuses fa\u00e7ons de nous joindre. Nous serons ravis de vous entendre.<div class='linkWrap--arrow linkbox__linkWrap'><a href='https:\/\/www.acfo-acaf.com\/fr\/contactez-nous\/' class='link--arrow link--hoverSlide' ><div class=''>Prendre contact avec nous<span class=\"acfoArrow\"> \u2192<\/span><\/div><\/a><\/div><\/div><\/div><\/div><\/div>","protected":false},"excerpt":{"rendered":"<p>Un grief d\u00e9clenche un processus formel de r\u00e9solution des conflits. Bon nombre de griefs ont trait&nbsp;\u00e0 des dispositions de la [&hellip;]<\/p>\n","protected":false},"author":2,"featured_media":0,"parent":4677,"menu_order":0,"comment_status":"closed","ping_status":"closed","template":"","meta":{"_acf_changed":false,"footnotes":""},"class_list":["post-4711","page","type-page","status-publish","hentry"],"acf":[],"_links":{"self":[{"href":"https:\/\/www.acfo-acaf.com\/fr\/wp-json\/wp\/v2\/pages\/4711","targetHints":{"allow":["GET"]}}],"collection":[{"href":"https:\/\/www.acfo-acaf.com\/fr\/wp-json\/wp\/v2\/pages"}],"about":[{"href":"https:\/\/www.acfo-acaf.com\/fr\/wp-json\/wp\/v2\/types\/page"}],"author":[{"embeddable":true,"href":"https:\/\/www.acfo-acaf.com\/fr\/wp-json\/wp\/v2\/users\/2"}],"replies":[{"embeddable":true,"href":"https:\/\/www.acfo-acaf.com\/fr\/wp-json\/wp\/v2\/comments?post=4711"}],"version-history":[{"count":0,"href":"https:\/\/www.acfo-acaf.com\/fr\/wp-json\/wp\/v2\/pages\/4711\/revisions"}],"up":[{"embeddable":true,"href":"https:\/\/www.acfo-acaf.com\/fr\/wp-json\/wp\/v2\/pages\/4677"}],"wp:attachment":[{"href":"https:\/\/www.acfo-acaf.com\/fr\/wp-json\/wp\/v2\/media?parent=4711"}],"curies":[{"name":"wp","href":"https:\/\/api.w.org\/{rel}","templated":true}]}}