{"id":4715,"date":"2008-11-12T18:39:28","date_gmt":"2008-11-12T18:39:28","guid":{"rendered":"http:\/\/127.0.0.1\/wordpress87\/?page_id=583"},"modified":"2023-06-02T17:39:28","modified_gmt":"2023-06-02T17:39:28","slug":"mise-en-oeuvre-convention-collective","status":"publish","type":"page","link":"https:\/\/www.acfo-acaf.com\/fr\/services-2\/mise-en-oeuvre-convention-collective\/","title":{"rendered":"Mise en oeuvre de la convention collective"},"content":{"rendered":"<div class='acfoSection pageHeader__wrap'><div class='pageHeader pageHeader--standard'><div class='pageHeader__topLinkWrap'><a class='pageHeader__topLink' href='https:\/\/www.acfo-acaf.com\/fr\/services-2\/'>Services<\/a><\/div><h1>Mise en oeuvre de la convention collective<\/h1><\/div><\/div>\n\n\n<p>Les&nbsp;<a href=\"https:\/\/www.acfo-acaf.com\/fr\/conventions-collectives-154\/conventions-collectives\/\">conventions collectives<\/a>&nbsp;sont des documents n\u00e9goci\u00e9s entre l\u2019ACFO-ACAF et les employeurs qui \u00e9tablissent les modalit\u00e9s d\u2019emploi et d\u2019autres conditions, notamment les taux de r\u00e9mun\u00e9ration, les horaires et la dur\u00e9e du travail et les droits&nbsp;\u00e0&nbsp; cong\u00e9.<\/p>\n\n\n\n<p>Nos&nbsp;<a href=\"mailto:labourrelations@acfo-acaf.com\" target=\"_blank\" rel=\"noreferrer noopener\">conseillers en relations de travail<\/a>&nbsp;peuvent aider les membres&nbsp;\u00e0 interpr\u00e9ter leur convention collective et&nbsp;\u00e0&nbsp; \u00e9tablir de quelle fa\u00e7on elle s\u2019applique dans chaque cas particulier.<\/p>\n\n\n\n<h3 class=\"wp-block-heading\">Avez-vous besoin d\u2019aide?<\/h3>\n\n\n\n<ul class=\"wp-block-list\">\n<li><strong><a href=\"mailto:labourrelations@acfo-acaf.com\" target=\"_blank\" rel=\"noreferrer noopener\">Communiquez avec un conseiller ou une conseill\u00e8re en relations de travail<\/a>&nbsp;<\/strong>\u2013 Nous pouvons vous aider \u00e0 juger si la convention collective s\u2019applique \u00e0&nbsp; votre situation ou \u00e0&nbsp; comprendre ce qu\u2019un article en particulier veut vraiment dire. Vous n\u2019\u00eates pas certain du processus \u00e0 suivre pour communiquer avec les relations de travail et vous h\u00e9sitez \u00e0 le faire ? Pour en savoir plus sur le processus de travail avec les relations de travail de l\u2019ACAF-ACAF,&nbsp;<a href=\"https:\/\/www.acfo-acaf.com\/fr\/2022\/12\/13\/quest-ce-qui-ce-passe-lorsque-vous-contactez-les-relations-de-travail\/\">cliquez ici<\/a>.<\/li>\n\n\n\n<li><strong>Il n\u2019existe pas de questions stupides&nbsp;<\/strong>\u2013 Votre convention collective est un document extr\u00eamement important qui aide&nbsp;\u00e0&nbsp; \u00e9tablir vos droits d\u2019employ\u00e9-e. Il est important de comprendre ce qu\u2019elle dit. N\u2019h\u00e9sitez pas&nbsp;\u00e0&nbsp;communiquer avec nous si vous avez des questions, peu importe sa simplicit\u00e9 apparente.<\/li>\n\n\n\n<li><strong>Il ne s\u2019agit pas uniquement de la convention collective<\/strong>&nbsp;\u2013 Nous pouvons aussi aider&nbsp;\u00e0&nbsp; interpr\u00e9ter et&nbsp;\u00e0 appliquer les politiques et les l\u00e9gislations. Si celles-ci s\u2019appliquent&nbsp;\u00e0&nbsp;votre travail, nous ferons de notre mieux pour vous aider&nbsp;\u00e0&nbsp; les comprendre.<\/li>\n<\/ul>\n\n\n<div class='acfoSection sectionWrap sectionWrap--linkbox  sectionWrap--color-yellow' ><div class='section section--linkbox '><div class='linkbox linkbox--2col'><div class='linkbox__titleWrap'><h2 class='sectionTitle linkbox__title'>Contactez-nous<\/h2><\/div><div class='linkbox__description sectionDescription'>Si vous souhaitez vous impliquer \u00e0 l\u2019ACFO-ACAF ou prendre contact avec nous, il y a de nombreuses fa\u00e7ons de nous joindre. Nous serons ravis de vous entendre.<div class='linkWrap--arrow linkbox__linkWrap'><a href='https:\/\/www.acfo-acaf.com\/fr\/contactez-nous\/' class='link--arrow link--hoverSlide' ><div class=''>Prendre contact avec nous<span class=\"acfoArrow\"> \u2192<\/span><\/div><\/a><\/div><\/div><\/div><\/div><\/div>","protected":false},"excerpt":{"rendered":"<p>Les&nbsp;conventions collectives&nbsp;sont des documents n\u00e9goci\u00e9s entre l\u2019ACFO-ACAF et les employeurs qui \u00e9tablissent les modalit\u00e9s d\u2019emploi et d\u2019autres conditions, notamment les [&hellip;]<\/p>\n","protected":false},"author":2,"featured_media":0,"parent":4677,"menu_order":0,"comment_status":"closed","ping_status":"closed","template":"","meta":{"_acf_changed":false,"footnotes":""},"class_list":["post-4715","page","type-page","status-publish","hentry"],"acf":[],"_links":{"self":[{"href":"https:\/\/www.acfo-acaf.com\/fr\/wp-json\/wp\/v2\/pages\/4715","targetHints":{"allow":["GET"]}}],"collection":[{"href":"https:\/\/www.acfo-acaf.com\/fr\/wp-json\/wp\/v2\/pages"}],"about":[{"href":"https:\/\/www.acfo-acaf.com\/fr\/wp-json\/wp\/v2\/types\/page"}],"author":[{"embeddable":true,"href":"https:\/\/www.acfo-acaf.com\/fr\/wp-json\/wp\/v2\/users\/2"}],"replies":[{"embeddable":true,"href":"https:\/\/www.acfo-acaf.com\/fr\/wp-json\/wp\/v2\/comments?post=4715"}],"version-history":[{"count":0,"href":"https:\/\/www.acfo-acaf.com\/fr\/wp-json\/wp\/v2\/pages\/4715\/revisions"}],"up":[{"embeddable":true,"href":"https:\/\/www.acfo-acaf.com\/fr\/wp-json\/wp\/v2\/pages\/4677"}],"wp:attachment":[{"href":"https:\/\/www.acfo-acaf.com\/fr\/wp-json\/wp\/v2\/media?parent=4715"}],"curies":[{"name":"wp","href":"https:\/\/api.w.org\/{rel}","templated":true}]}}