{"id":4717,"date":"2008-11-12T17:53:43","date_gmt":"2008-11-12T17:53:43","guid":{"rendered":"http:\/\/127.0.0.1\/wordpress87\/?page_id=577"},"modified":"2026-03-24T14:19:02","modified_gmt":"2026-03-24T14:19:02","slug":"a-propos-de-lacfo-acaf","status":"publish","type":"page","link":"https:\/\/www.acfo-acaf.com\/fr\/a-propos-de-lacfo-acaf\/","title":{"rendered":"\u00c0 propos de l&rsquo;ACFO-ACAF"},"content":{"rendered":"<div class='acfoSection pageHeader__wrap'><div class='pageHeader pageHeader--standard'><h1>\u00c0 propos de l&rsquo;ACFO-ACAF<\/h1><div class='pageHeader__intro'>Le plus grand syndicat de l\u2019Am\u00e9rique du Nord qui repr\u00e9sente exclusivement les comptables, les contr\u00f4leurs, les auditeurs et les professionnels des finances.<\/div><div class='sectionMenu__wrap linkListDd__wrap linkListDd__wrap--expands'><div class='sectionMenu__toggleWrap linkListDd__toggleWrap'><button type='button' class='sectionMenu__toggle linkListDd__toggle' id='sectionMenu__toggle-0' aria-controls='sectionMenu-0' aria-expanded='false'><span class='buttonLabel'>Sections<\/span><span class='buttonIcon buttonIcon--hamburger'><svg width=\"18\" height=\"12\" viewBox=\"0 0 18 12\" xmlns=\"http:\/\/www.w3.org\/2000\/svg\"><path d=\"M0 12h18v-2H0v2zm0-5h18V5H0v2zm0-7v2h18V0H0z\"\/><\/svg><\/span><span class='buttonIcon buttonIcon--close'><svg width=\"18\" height=\"18\" viewBox=\"0 0 18 18\" fill=\"none\" xmlns=\"http:\/\/www.w3.org\/2000\/svg\"><path d=\"M18 1.81L16.19 0 9 7.19 1.81 0 0 1.81 7.19 9 0 16.19 1.81 18 9 10.81 16.19 18 18 16.19 10.81 9 18 1.81z\" fill=\"#222\"\/><\/svg><\/span><\/button><\/div><nav class='sectionMenu linkListDd' aria-label='Menu de section' id='sectionMenu-0'><div class='sectionMenu__linkWrap linkListDd__item'><a class='sectionMenu__link' href='https:\/\/www.acfo-acaf.com\/fr\/a-propos-de-lacfo-acaf\/notre-equipe\/'>Notre \u00e9quipe<\/a><\/div><div class='sectionMenu__linkWrap linkListDd__item'><a class='sectionMenu__link' href='https:\/\/www.acfo-acaf.com\/fr\/a-propos-de-lacfo-acaf\/programme-des-ambassadeur-es-l-acaf\/'>Programme des ambassadeur\/ambassadrice<\/a><\/div><div class='sectionMenu__linkWrap linkListDd__item'><a class='sectionMenu__link' href='https:\/\/www.acfo-acaf.com\/fr\/a-propos-de-lacfo-acaf\/vitrine-des-membres-acfo-acaf\/'>Vitrine des membres<\/a><\/div><\/nav><\/div><\/div><\/div>\n\n<div class='acfoSection sectionWrap sectionWrap--content  sectionWrap--color-grey sectionWrap--withHeaderImage--inline' ><div class='section__headerImageWrap section__headerImageWrap--inline'><div class='section__headerImage'><img src='https:\/\/www.acfo-acaf.com\/wp-content\/uploads\/2023\/05\/about-image-hero-128x64.jpg' srcset='https:\/\/www.acfo-acaf.com\/wp-content\/uploads\/2023\/05\/about-image-hero-128x64.jpg 128w,https:\/\/www.acfo-acaf.com\/wp-content\/uploads\/2023\/05\/about-image-hero-256x128.jpg 256w,https:\/\/www.acfo-acaf.com\/wp-content\/uploads\/2023\/05\/about-image-hero-512x256.jpg 512w,https:\/\/www.acfo-acaf.com\/wp-content\/uploads\/2023\/05\/about-image-hero-750x375.jpg 750w,https:\/\/www.acfo-acaf.com\/wp-content\/uploads\/2023\/05\/about-image-hero-1024x512.jpg 1024w,https:\/\/www.acfo-acaf.com\/wp-content\/uploads\/2023\/05\/about-image-hero.jpg 1440w,https:\/\/www.acfo-acaf.com\/wp-content\/uploads\/2023\/05\/about-image-hero.jpg 2048w' size='(max-width: 1180px) 100vw, 1180px' alt='' \/><\/div><\/div><div class='section section--content '><div class='contentSection content'>\n\n<p>L\u2019Association canadienne des agents financiers (ACFO-ACAF) est le plus grand syndicat de l\u2019Am\u00e9rique du Nord qui repr\u00e9sente exclusivement les comptables, les contr\u00f4leurs, les auditeurs et les professionnels des finances. L\u2019ACFO-ACAF repr\u00e9sente pr\u00e9sentement plus que 7 000 membres \u00e0 travers plus de 70 d\u00e9partements dans la fonction publique f\u00e9d\u00e9rale canadienne et \u00e0 NAV Canada.<\/p>\n\n\n\n<p>La majorit\u00e9 de nos membres ont obtenu, ou sont en train d\u2019obtenir, des titres professionnels tels que CPA, CFE, CIA et bien d\u2019autres.<\/p>\n\n\n\n<p>Chez ACFO-ACAF, nous nous effor\u00e7ons d\u2019offrir les meilleurs services \u00e0 nos membres, notamment :<\/p>\n\n\n\n<ul class=\"wp-block-list\">\n<li>Fournir des services de relations de travail ax\u00e9s sur le r\u00e8glement collaboratif et pragmatique des conflits de travail ;<\/li>\n\n\n\n<li>Offrir des possibilit\u00e9s de perfectionnement professionnel et de d\u00e9veloppement de carri\u00e8re ; et<\/li>\n\n\n\n<li>\u00catre un porte-parole de confiance en ce qui concerne les questions de politique publique qui touchent nos coll\u00e8gues et tous les Canadiens.<\/li>\n<\/ul>\n\n\n\n<p>Nous le faisons tout en gardant un haut niveau de professionnalisme et en ayant des&nbsp;<a href=\"https:\/\/www.acfo-acaf.com\/fr\/cotisations-syndicales\/\">cotisations syndicales<\/a>&nbsp;parmi les plus basses de la fonction publique f\u00e9d\u00e9rale.<\/p>\n\n\n\n<p>L\u2019ACFO-ACAF est une organisation enregistr\u00e9e \u00e0 but non lucratif.\u00a0<a href=\"https:\/\/www.acfo-acaf.com\/fr\/reglements\/\" data-type=\"link\" data-id=\"https:\/\/www.acfo-acaf.com\/bylaws\/\">Nos r\u00e8glements peuvent \u00eatre consult\u00e9 ici.<\/a><\/p>\n\n<\/div><\/div><\/div>\n\n<div class='acfoSection sectionWrap sectionWrap--textCallout  sectionWrap--color-white' ><div class='section section--textCallout '><img src='https:\/\/www.acfo-acaf.com\/wp-content\/themes\/acfo\/assets\/img\/icon\/vision.svg' class='textCallout__icon acfoIcon' alt=\"Ic\u00f4ne de vision\"\/><h2 class='textCallout__title'>Notre vision<\/h2><p class='textCallout__text'>L\u2019ACFO-ACAF est reconnue pour son excellence dans la repr\u00e9sentation de ses membres.<\/p><\/div><\/div>\n\n<div class='acfoSection sectionWrap sectionWrap--listPanel  sectionWrap--color-grey sectionWrap--withHeaderImage--background' ><div class='section__headerImageWrap section__headerImageWrap--background'><div class='section__headerImage'><img src='https:\/\/www.acfo-acaf.com\/wp-content\/uploads\/2023\/05\/Background-Image-2-128x96.jpg' srcset='https:\/\/www.acfo-acaf.com\/wp-content\/uploads\/2023\/05\/Background-Image-2-128x96.jpg 128w,https:\/\/www.acfo-acaf.com\/wp-content\/uploads\/2023\/05\/Background-Image-2-256x192.jpg 256w,https:\/\/www.acfo-acaf.com\/wp-content\/uploads\/2023\/05\/Background-Image-2-512x384.jpg 512w,https:\/\/www.acfo-acaf.com\/wp-content\/uploads\/2023\/05\/Background-Image-2-750x562.jpg 750w,https:\/\/www.acfo-acaf.com\/wp-content\/uploads\/2023\/05\/Background-Image-2-1024x768.jpg 1024w,https:\/\/www.acfo-acaf.com\/wp-content\/uploads\/2023\/05\/Background-Image-2.jpg 1440w,https:\/\/www.acfo-acaf.com\/wp-content\/uploads\/2023\/05\/Background-Image-2.jpg 2048w' size='(max-width: 1500px) 100vw, 1500px' alt='' \/><\/div><\/div><div class='section section--listPanel '><div class='listPanel'><img src='https:\/\/www.acfo-acaf.com\/wp-content\/themes\/acfo\/assets\/img\/icon\/flag.svg' class='listPanel__icon acfoIcon' alt=\"Ic\u00f4ne de rep\u00e9rage\"\/><h2 class='listPanel__title'>Notre mission<\/h2><p class='listPanel__text'>Pour nos membres:<\/p><ul class='listPanel__list' style='grid-template-rows:repeat(2, auto)'><li class='listPanel__item'>Obtenir un r\u00e9gime hors-pair de r\u00e9mun\u00e9ration et d\u2019avantages sociaux et assurer une am\u00e9lioration constante de leur milieu de travail.<\/li><li class='listPanel__item'>Appuyer, promouvoir et prot\u00e9ger leurs droits et int\u00e9r\u00eats individuels ainsi que ceux de l\u2019ensemble de notre communaut\u00e9 de mani\u00e8re \u00e9quitable, diversifi\u00e9e et inclusive.<\/li><li class='listPanel__item'>Encourager et offrir des possibilit\u00e9s de perfectionnement professionnel et de d\u00e9veloppement de carri\u00e8re.<\/li><li class='listPanel__item'>\u00catre un porte-parole de confiance en ce qui concerne les questions de politique publique qui touchent nos coll\u00e8gues et tous les Canadiens.<\/li><\/ul><\/div><\/div><\/div>\n\n<div class='acfoSection sectionWrap sectionWrap--linkbox  sectionWrap--color-white sectionWrap--withHeaderImage--inline' ><div class='section__headerImageWrap section__headerImageWrap--inline'><div class='section__headerImage'><img src='https:\/\/www.acfo-acaf.com\/wp-content\/uploads\/2023\/05\/image-groups-hero-6-128x64.jpg' srcset='https:\/\/www.acfo-acaf.com\/wp-content\/uploads\/2023\/05\/image-groups-hero-6-128x64.jpg 128w,https:\/\/www.acfo-acaf.com\/wp-content\/uploads\/2023\/05\/image-groups-hero-6-256x128.jpg 256w,https:\/\/www.acfo-acaf.com\/wp-content\/uploads\/2023\/05\/image-groups-hero-6-512x256.jpg 512w,https:\/\/www.acfo-acaf.com\/wp-content\/uploads\/2023\/05\/image-groups-hero-6-750x375.jpg 750w,https:\/\/www.acfo-acaf.com\/wp-content\/uploads\/2023\/05\/image-groups-hero-6-1024x512.jpg 1024w,https:\/\/www.acfo-acaf.com\/wp-content\/uploads\/2023\/05\/image-groups-hero-6.jpg 1440w,https:\/\/www.acfo-acaf.com\/wp-content\/uploads\/2023\/05\/image-groups-hero-6.jpg 2048w' size='(max-width: 1180px) 100vw, 1180px' alt='' \/><\/div><\/div><div class='section section--linkbox '><div class='linkbox linkbox--2col'><div class='linkbox__titleWrap'><h2 class='sectionTitle linkbox__title'>Notre \u00e9quipe<\/h2><\/div><div class='linkbox__description sectionDescription'>\u00c0 l\u2019ACFO-ACAF, nous nous effor\u00e7ons de faire preuve d\u2019un professionnalisme constant, tout comme nos membres, et de leur fournir le meilleur service qui soit. \u00c0 mesure que notre \u00e9quipe s\u2019agrandit, nous continuons \u00e0 \u00e9largir nos fonctions et nos services<div class='linkWrap--arrow linkbox__linkWrap'><a href='https:\/\/www.acfo-acaf.com\/fr\/a-propos-de-lacfo-acaf\/notre-equipe\/' class='link--arrow link--hoverSlide' ><div class=''>En savoir plus<span class=\"acfoArrow\"> \u2192<\/span><\/div><\/a><\/div><\/div><\/div><\/div><\/div>\n\n<div class='acfoSection sectionWrap sectionWrap--linkbox  sectionWrap--color-grey sectionWrap--withHeaderImage--inline' ><div class='section__headerImageWrap section__headerImageWrap--inline'><div class='section__headerImage'><img src='https:\/\/www.acfo-acaf.com\/wp-content\/uploads\/2023\/05\/image-groups-hero-7-128x64.jpg' srcset='https:\/\/www.acfo-acaf.com\/wp-content\/uploads\/2023\/05\/image-groups-hero-7-128x64.jpg 128w,https:\/\/www.acfo-acaf.com\/wp-content\/uploads\/2023\/05\/image-groups-hero-7-256x128.jpg 256w,https:\/\/www.acfo-acaf.com\/wp-content\/uploads\/2023\/05\/image-groups-hero-7-512x256.jpg 512w,https:\/\/www.acfo-acaf.com\/wp-content\/uploads\/2023\/05\/image-groups-hero-7-750x375.jpg 750w,https:\/\/www.acfo-acaf.com\/wp-content\/uploads\/2023\/05\/image-groups-hero-7-1024x512.jpg 1024w,https:\/\/www.acfo-acaf.com\/wp-content\/uploads\/2023\/05\/image-groups-hero-7.jpg 1440w,https:\/\/www.acfo-acaf.com\/wp-content\/uploads\/2023\/05\/image-groups-hero-7.jpg 2048w' size='(max-width: 1180px) 100vw, 1180px' alt='' \/><\/div><\/div><div class='section section--linkbox '><div class='linkbox linkbox--2col'><div class='linkbox__titleWrap'><h2 class='sectionTitle linkbox__title'>Nos ambassadeur.es<\/h2><\/div><div class='linkbox__description sectionDescription'>Les ambassadeur.es de l\u2019ACFO-ACAF sont des membres qui se sont engag\u00e9s, envers leur communaut\u00e9, \u00e0 consacrer b\u00e9n\u00e9volement du temps et de l\u2019\u00e9nergie \u00e0 b\u00e2tir des ponts essentiels entre leur syndicat, leurs coll\u00e8gues et leurs minist\u00e8res respectifs.<div class='linkWrap--arrow linkbox__linkWrap'><a href='https:\/\/www.acfo-acaf.com\/fr\/a-propos-de-lacfo-acaf\/programme-des-ambassadeur-es-l-acaf\/' class='link--arrow link--hoverSlide' ><div class=''>En savoir plus<span class=\"acfoArrow\"> \u2192<\/span><\/div><\/a><\/div><\/div><\/div><\/div><\/div>\n\n<div class='acfoSection sectionWrap sectionWrap--linkbox  sectionWrap--color-white sectionWrap--withHeaderImage--inline' ><div class='section__headerImageWrap section__headerImageWrap--inline'><div class='section__headerImage'><img src='https:\/\/www.acfo-acaf.com\/wp-content\/uploads\/2023\/05\/image-groups-hero-8-128x64.jpg' srcset='https:\/\/www.acfo-acaf.com\/wp-content\/uploads\/2023\/05\/image-groups-hero-8-128x64.jpg 128w,https:\/\/www.acfo-acaf.com\/wp-content\/uploads\/2023\/05\/image-groups-hero-8-256x128.jpg 256w,https:\/\/www.acfo-acaf.com\/wp-content\/uploads\/2023\/05\/image-groups-hero-8-512x256.jpg 512w,https:\/\/www.acfo-acaf.com\/wp-content\/uploads\/2023\/05\/image-groups-hero-8-750x375.jpg 750w,https:\/\/www.acfo-acaf.com\/wp-content\/uploads\/2023\/05\/image-groups-hero-8-1024x512.jpg 1024w,https:\/\/www.acfo-acaf.com\/wp-content\/uploads\/2023\/05\/image-groups-hero-8.jpg 1440w,https:\/\/www.acfo-acaf.com\/wp-content\/uploads\/2023\/05\/image-groups-hero-8.jpg 2048w' size='(max-width: 1180px) 100vw, 1180px' alt='' \/><\/div><\/div><div class='section section--linkbox '><div class='linkbox linkbox--2col'><div class='linkbox__titleWrap'><h2 class='sectionTitle linkbox__title'>Vitrine des membres ACFO-ACAF<\/h2><\/div><div class='linkbox__description sectionDescription'>L\u2019ACFO-ACAF est ravie de lancer la Vitrine des membres, une s\u00e9rie de reportages sur des membres de l\u2019ACFO-ACAF qui font preuve d\u2019un d\u00e9vouement exceptionnel dans leur travail, qui apportent un plus dans leur milieu de travail et qui ont un impact profond sur la communaut\u00e9 CT.<div class='linkWrap--arrow linkbox__linkWrap'><a href='https:\/\/www.acfo-acaf.com\/fr\/a-propos-de-lacfo-acaf\/vitrine-des-membres-acfo-acaf\/' class='link--arrow link--hoverSlide' ><div class=''>En savoir plus<span class=\"acfoArrow\"> \u2192<\/span><\/div><\/a><\/div><\/div><\/div><\/div><\/div>\n\n<div class='acfoSection sectionWrap sectionWrap--linkbox  sectionWrap--color-yellow' ><div class='section section--linkbox '><div class='linkbox linkbox--2col'><div class='linkbox__titleWrap'><h2 class='sectionTitle linkbox__title'>Contactez-nous<\/h2><\/div><div class='linkbox__description sectionDescription'>Si vous souhaitez vous impliquer \u00e0 l\u2019ACFO-ACAF ou prendre contact avec nous, il y a de nombreuses fa\u00e7ons de nous joindre. Nous serons ravis de vous entendre.<div class='linkWrap--arrow linkbox__linkWrap'><a href='https:\/\/www.acfo-acaf.com\/fr\/contactez-nous\/' class='link--arrow link--hoverSlide' ><div class=''>Prendre contact avec nous<span class=\"acfoArrow\"> \u2192<\/span><\/div><\/a><\/div><\/div><\/div><\/div><\/div>","protected":false},"excerpt":{"rendered":"","protected":false},"author":2,"featured_media":0,"parent":0,"menu_order":0,"comment_status":"closed","ping_status":"closed","template":"","meta":{"_acf_changed":true,"footnotes":""},"class_list":["post-4717","page","type-page","status-publish","hentry"],"acf":[],"_links":{"self":[{"href":"https:\/\/www.acfo-acaf.com\/fr\/wp-json\/wp\/v2\/pages\/4717","targetHints":{"allow":["GET"]}}],"collection":[{"href":"https:\/\/www.acfo-acaf.com\/fr\/wp-json\/wp\/v2\/pages"}],"about":[{"href":"https:\/\/www.acfo-acaf.com\/fr\/wp-json\/wp\/v2\/types\/page"}],"author":[{"embeddable":true,"href":"https:\/\/www.acfo-acaf.com\/fr\/wp-json\/wp\/v2\/users\/2"}],"replies":[{"embeddable":true,"href":"https:\/\/www.acfo-acaf.com\/fr\/wp-json\/wp\/v2\/comments?post=4717"}],"version-history":[{"count":0,"href":"https:\/\/www.acfo-acaf.com\/fr\/wp-json\/wp\/v2\/pages\/4717\/revisions"}],"wp:attachment":[{"href":"https:\/\/www.acfo-acaf.com\/fr\/wp-json\/wp\/v2\/media?parent=4717"}],"curies":[{"name":"wp","href":"https:\/\/api.w.org\/{rel}","templated":true}]}}