{"id":4719,"date":"2008-01-13T23:12:01","date_gmt":"2008-01-13T23:12:01","guid":{"rendered":"http:\/\/127.0.0.1\/wordpress87\/?page_id=571"},"modified":"2024-05-03T14:29:39","modified_gmt":"2024-05-03T14:29:39","slug":"avantages-reserves-membres","status":"publish","type":"page","link":"https:\/\/www.acfo-acaf.com\/fr\/services-aux-membres\/avantages-reserves-membres\/","title":{"rendered":"Avantages r\u00e9serv\u00e9es aux membres"},"content":{"rendered":"<div class='acfoSection pageHeader__wrap'><div class='pageHeader pageHeader--standard'><div class='pageHeader__topLinkWrap'><a class='pageHeader__topLink' href='https:\/\/www.acfo-acaf.com\/fr\/services-aux-membres\/'>Votre adh\u00e9sion et programmes<\/a><\/div><h1>Avantages r\u00e9serv\u00e9es aux membres<\/h1><div class='pageHeader__intro'>\u00catre membre cotisant de l\u2019ACFO-ACAF vous permet non seulement d\u2019acc\u00e9der \u00e0 nos services de base, mais aussi \u00e0 un certain nombre de rabais, d\u2019avantages et de programmes sans frais suppl\u00e9mentaires.<\/div><div class='sectionMenu__wrap linkListDd__wrap linkListDd__wrap--expands'><div class='sectionMenu__toggleWrap linkListDd__toggleWrap'><button type='button' class='sectionMenu__toggle linkListDd__toggle' id='sectionMenu__toggle-0' aria-controls='sectionMenu-0' aria-expanded='false'><span class='buttonLabel'>Sections<\/span><span class='buttonIcon buttonIcon--hamburger'><svg width=\"18\" height=\"12\" viewBox=\"0 0 18 12\" xmlns=\"http:\/\/www.w3.org\/2000\/svg\"><path d=\"M0 12h18v-2H0v2zm0-5h18V5H0v2zm0-7v2h18V0H0z\"\/><\/svg><\/span><span class='buttonIcon buttonIcon--close'><svg width=\"18\" height=\"18\" viewBox=\"0 0 18 18\" fill=\"none\" xmlns=\"http:\/\/www.w3.org\/2000\/svg\"><path d=\"M18 1.81L16.19 0 9 7.19 1.81 0 0 1.81 7.19 9 0 16.19 1.81 18 9 10.81 16.19 18 18 16.19 10.81 9 18 1.81z\" fill=\"#222\"\/><\/svg><\/span><\/button><\/div><nav class='sectionMenu linkListDd' aria-label='Menu de section' id='sectionMenu-0'><div class='sectionMenu__linkWrap linkListDd__item'><a class='sectionMenu__link' href='https:\/\/my.acfo-acaf.com'>Portail des membres<\/a><\/div><div class='sectionMenu__linkWrap linkListDd__item'><a class='sectionMenu__link' href='https:\/\/www.acfo-acaf.com\/fr\/services-aux-membres\/gestion-de-votre-adhesion\/'>Gestion de votre adh\u00e9sion<\/a><\/div><div class='sectionMenu__linkWrap linkListDd__item'><a class='sectionMenu__link' href='https:\/\/www.acfo-acaf.com\/fr\/services-aux-membres\/nouveaux-membres\/'>Renseignements pour les nouveaux membres<\/a><\/div><div class='sectionMenu__linkWrap linkListDd__item'><a class='sectionMenu__link' href='https:\/\/www.acfo-acaf.com\/fr\/services-aux-membres\/avantages-reserves-membres\/'>Avantages r\u00e9serv\u00e9es aux membres<\/a><\/div><div class='sectionMenu__linkWrap linkListDd__item'><a class='sectionMenu__link' href='https:\/\/www.acfo-acaf.com\/fr\/services-aux-membres\/connexion-emploi-ct\/'>Connexion Emploi CT<\/a><\/div><div class='sectionMenu__linkWrap linkListDd__item'><a class='sectionMenu__link' href='https:\/\/www.acfo-acaf.com\/fr\/services-aux-membres\/les-prix-de-la-communaute-ct\/'>Les prix de la communaut\u00e9 CT<\/a><\/div><div class='sectionMenu__linkWrap linkListDd__item'><a class='sectionMenu__link' href='https:\/\/www.acfo-acaf.com\/fr\/services-aux-membres\/le-programme-de-bourses-detudes-de-lacfo-acaf\/'>Bourses d\u2019\u00e9tudes<\/a><\/div><div class='sectionMenu__linkWrap linkListDd__item'><a class='sectionMenu__link' href='https:\/\/www.acfo-acaf.com\/fr\/services-aux-membres\/equite-diversite-inclusion-et-antiracisme-ediar\/'>\u00c9quit\u00e9, diversit\u00e9, inclusion et antiracisme (EDIAR)<\/a><\/div><\/nav><\/div><\/div><\/div>\n\n\n<h2 class=\"wp-block-heading\">ServicePlus<\/h2>\n\n\n\n<p>Le programme ServicePlus est offert exclusivement aux membres des syndicats affili\u00e9s. ServicePlus est compris dans votre adh\u00e9sion au syndicat, sans frais suppl\u00e9mentaires pour vous ou pour l\u2019ACFO-ACAF.<\/p>\n\n\n\n<p>Au service de pr\u00e8s de 100&nbsp;000 membres, ServicePlus permet de r\u00e9aliser des \u00e9conomies sur les voyages, les v\u00eatements, les appareils \u00e9lectroniques, les meubles et beaucoup d\u2019autres choses gr\u00e2ce \u00e0 une vingtaine de partenaires dont Via Rail, WestJet, Mark\u2019s, Apple, Rogers, Adidas et Brick. Les membres peuvent \u00e9galement \u00e9conomiser des centaines de dollars chaque ann\u00e9e sur des polices d\u2019assurance collective comme l\u2019assurance habitation, l\u2019assurance automobile, l\u2019assurance vie et l\u2019assurance voyage (couvrant les bagages et l\u2019annulation de voyage).<\/p>\n\n\n\n<p>Pour avoir acc\u00e8s aux \u00e9conomies de ServicePlus&nbsp;:<\/p>\n\n\n\n<ol class=\"wp-block-list\">\n<li><a href=\"https:\/\/www.acfo-acaf.com\/fr\/resources-2\/gestion-de-votre-adhesion\/\">Assurez-vous d\u2019\u00eatre inscrit(e) \u00e0 l\u2019ACFO-ACAF<\/a><\/li>\n\n\n\n<li><a href=\"https:\/\/mon.acfo-acaf.com\/\" target=\"_blank\" rel=\"noreferrer noopener\">Connectez-vous \u00e0 votre compte mon.ACFO-ACAF<\/a>&nbsp;pour obtenir votre num\u00e9ro de membre de l\u2019ACFO-ACAF<\/li>\n\n\n\n<li>Avec votre num\u00e9ro de membre, inscrivez-vous sur le&nbsp;<a href=\"https:\/\/groupeserviceplus.ca\/invit%C3%A9e\/\" target=\"_blank\" rel=\"noreferrer noopener\">site web de ServicePlus<\/a><\/li>\n<\/ol>\n\n\n\n<h2 class=\"wp-block-heading\">Autres avantages et r\u00e9ductions de prix<\/h2>\n\n\n\n<p>Les membres inscrits ont \u00e9galement droit \u00e0 des r\u00e9ductions de prix et \u00e0 des offres sp\u00e9ciales sur les services professionnels suivants :<\/p>\n\n\n\n<ul class=\"wp-block-list\">\n<li>Tarifs d\u2019assurance collective pour assurance habitation et automobile (<a href=\"https:\/\/acfo2023.wpengine.com\/fr\/services-aux-membres\/avantages-reserves-membres\/assurance-groupe-auto-habitation-membres-lassociation-canadienne-agents-financiers\/\" data-type=\"link\" data-id=\"https:\/\/acfo2023.wpengine.com\/fr\/services-aux-membres\/avantages-reserves-membres\/assurance-groupe-auto-habitation-membres-lassociation-canadienne-agents-financiers\/\">La Personnelle<\/a>)<\/li>\n\n\n\n<li>Services juridiques en mati\u00e8re de prestations d\u2019invalidit\u00e9 de longue dur\u00e9e (<a href=\"https:\/\/acfo2023.wpengine.com\/fr\/services-aux-membres\/avantages-reserves-membres\/services-juridiques-en-matiere-de-prestations-dinvalidite-de-longue-duree\/\" data-type=\"link\" data-id=\"https:\/\/acfo2023.wpengine.com\/fr\/services-aux-membres\/avantages-reserves-membres\/services-juridiques-en-matiere-de-prestations-dinvalidite-de-longue-duree\/\">Raven, Cameron, Ballantyne &amp; Yazbeck LLP\/s.r.l<\/a>)<\/li>\n<\/ul>\n\n\n\n<h2 class=\"wp-block-heading\">Sondage sur l\u2019\u00e9tat de la communaut\u00e9<\/h2>\n\n\n\n<p>\u00c0 titre de membre de l\u2019ACFO-ACAF, vous pouvez participer au Sondage annuel sur l\u2019\u00e9tat de la communaut\u00e9 et avoir acc\u00e8s aux r\u00e9sultats. Le Sondage invite les membres de l\u2019ACFO-ACAF \u00e0 donner leur avis sur les possibilit\u00e9s de perfectionnement professionnel de leur minist\u00e8re, sur l\u2019approbation des cong\u00e9s, sur la conciliation travail-vie priv\u00e9e, etc. Une fois les r\u00e9sultats du sondage compil\u00e9s, vous pouvez voir une ventilation des r\u00e9sultats de 20 minist\u00e8res distincts ainsi qu\u2019un rapport qui indique les minist\u00e8res qui ont les rendements les meilleurs et les plus faibles dans chaque cat\u00e9gorie.<\/p>\n\n\n\n<p>Pour avoir acc\u00e8s aux r\u00e9sultats du sondage,&nbsp;<a href=\"https:\/\/mon.acfo-acaf.com\/\" target=\"_blank\" rel=\"noreferrer noopener\">connectez-vous \u00e0 votre compte mon.ACFO-ACAF<\/a>&nbsp;et consultez la section&nbsp;<em>Documents<\/em>&nbsp;du portail. Si vous n\u2019avez pas de compte mon.ACFO-ACAF, veuillez visiter la section&nbsp;<a href=\"https:\/\/www.acfo-acaf.com\/fr\/resources-2\/gestion-de-votre-adhesion\/\">Gestion de votre adh\u00e9sion<\/a>&nbsp;de notre site web.<\/p>\n\n\n<div class='acfoSection sectionWrap sectionWrap--linkbox  sectionWrap--color-yellow' ><div class='section section--linkbox '><div class='linkbox linkbox--2col'><div class='linkbox__titleWrap'><h2 class='sectionTitle linkbox__title'>Contactez-nous<\/h2><\/div><div class='linkbox__description sectionDescription'>Si vous souhaitez vous impliquer \u00e0 l\u2019ACFO-ACAF ou prendre contact avec nous, il y a de nombreuses fa\u00e7ons de nous joindre. Nous serons ravis de vous entendre.<div class='linkWrap--arrow linkbox__linkWrap'><a href='https:\/\/www.acfo-acaf.com\/fr\/contactez-nous\/' class='link--arrow link--hoverSlide' ><div class=''>Prendre contact avec nous<span class=\"acfoArrow\"> \u2192<\/span><\/div><\/a><\/div><\/div><\/div><\/div><\/div>","protected":false},"excerpt":{"rendered":"<p>ServicePlus Le programme ServicePlus est offert exclusivement aux membres des syndicats affili\u00e9s. ServicePlus est compris dans votre adh\u00e9sion au syndicat, [&hellip;]<\/p>\n","protected":false},"author":2,"featured_media":0,"parent":4705,"menu_order":0,"comment_status":"closed","ping_status":"closed","template":"","meta":{"_acf_changed":true,"footnotes":""},"class_list":["post-4719","page","type-page","status-publish","hentry"],"acf":[],"_links":{"self":[{"href":"https:\/\/www.acfo-acaf.com\/fr\/wp-json\/wp\/v2\/pages\/4719","targetHints":{"allow":["GET"]}}],"collection":[{"href":"https:\/\/www.acfo-acaf.com\/fr\/wp-json\/wp\/v2\/pages"}],"about":[{"href":"https:\/\/www.acfo-acaf.com\/fr\/wp-json\/wp\/v2\/types\/page"}],"author":[{"embeddable":true,"href":"https:\/\/www.acfo-acaf.com\/fr\/wp-json\/wp\/v2\/users\/2"}],"replies":[{"embeddable":true,"href":"https:\/\/www.acfo-acaf.com\/fr\/wp-json\/wp\/v2\/comments?post=4719"}],"version-history":[{"count":0,"href":"https:\/\/www.acfo-acaf.com\/fr\/wp-json\/wp\/v2\/pages\/4719\/revisions"}],"up":[{"embeddable":true,"href":"https:\/\/www.acfo-acaf.com\/fr\/wp-json\/wp\/v2\/pages\/4705"}],"wp:attachment":[{"href":"https:\/\/www.acfo-acaf.com\/fr\/wp-json\/wp\/v2\/media?parent=4719"}],"curies":[{"name":"wp","href":"https:\/\/api.w.org\/{rel}","templated":true}]}}