{"id":4828,"date":"2023-05-25T20:18:34","date_gmt":"2023-05-25T20:18:34","guid":{"rendered":"https:\/\/acfo2023.wpengine.com\/?page_id=4828"},"modified":"2024-05-03T16:46:33","modified_gmt":"2024-05-03T16:46:33","slug":"vitrine-des-membres-acfo-acaf","status":"publish","type":"page","link":"https:\/\/www.acfo-acaf.com\/fr\/a-propos-de-lacfo-acaf\/vitrine-des-membres-acfo-acaf\/","title":{"rendered":"Vitrine des membres"},"content":{"rendered":"<div class='acfoSection pageHeader__wrap'><div class='pageHeader pageHeader--standard'><div class='pageHeader__topLinkWrap'><a class='pageHeader__topLink' href='https:\/\/www.acfo-acaf.com\/fr\/a-propos-de-lacfo-acaf\/'>\u00c0 propos de l&rsquo;ACFO-ACAF<\/a><\/div><h1>Vitrine des membres<\/h1><\/div><\/div>\n\n<div class=\"wp-block-image\">\n<figure class=\"aligncenter size-full is-resized\"><img loading=\"lazy\" decoding=\"async\" width=\"1180\" height=\"590\" src=\"https:\/\/acfo2023.wpengine.com\/wp-content\/uploads\/2022\/11\/CTS24-5.png\" alt=\"\" class=\"wp-image-5348\" style=\"width:870px;height:auto\" srcset=\"https:\/\/www.acfo-acaf.com\/wp-content\/uploads\/2022\/11\/CTS24-5.png 1180w, https:\/\/www.acfo-acaf.com\/wp-content\/uploads\/2022\/11\/CTS24-5-768x384.png 768w, https:\/\/www.acfo-acaf.com\/wp-content\/uploads\/2022\/11\/CTS24-5-128x64.png 128w, https:\/\/www.acfo-acaf.com\/wp-content\/uploads\/2022\/11\/CTS24-5-256x128.png 256w, https:\/\/www.acfo-acaf.com\/wp-content\/uploads\/2022\/11\/CTS24-5-512x256.png 512w, https:\/\/www.acfo-acaf.com\/wp-content\/uploads\/2022\/11\/CTS24-5-750x375.png 750w, https:\/\/www.acfo-acaf.com\/wp-content\/uploads\/2022\/11\/CTS24-5-1024x512.png 1024w\" sizes=\"auto, (max-width: 1180px) 100vw, 1180px\" \/><\/figure>\n<\/div>\n\n\n<p>La vitrine des membres de l\u2019ACFO-ACAF est une s\u00e9rie de reportages sur des membres de l\u2019ACFO-ACAF qui font preuve d\u2019un d\u00e9vouement exceptionnel dans leur travail, qui apportent un plus dans leur milieu de travail et qui ont un impact profond sur la communaut\u00e9 CT.<\/p>\n\n\n\n<p>Ces vitrines affichent l\u2019expertise, le d\u00e9vouement et la diversit\u00e9 de la communaut\u00e9 CT. Ces membres sont all\u00e9s au-del\u00e0 des attentes pour contribuer \u00e0 leur lieu de travail, motiver leurs coll\u00e8gues et cr\u00e9er un avenir meilleur pour leurs coll\u00e8gues membres de la communaut\u00e9 CT. Nous esp\u00e9rons que vous trouverez leurs histoires int\u00e9ressantes et inspirantes.<\/p>\n\n\n\n<ul class=\"wp-block-list\">\n<li><a href=\"https:\/\/acfo2023.wpengine.com\/a-propos-de-lacfo-acaf\/vitrine-des-membres-acfo-acaf\/vitrine-des-membres-ada-kwok\/?lang=fr\" data-type=\"page\" data-id=\"4605\">Rencontrez Ada, CT-FIN-2 au Secr\u00e9tariat du Conseil du Tr\u00e9sor du Canada<\/a><\/li>\n\n\n\n<li><a href=\"https:\/\/acfo2023.wpengine.com\/a-propos-de-lacfo-acaf\/vitrine-des-membres-acfo-acaf\/vitrine-des-membres-alex-boyce\/?lang=fr\" data-type=\"page\" data-id=\"4603\">Rencontrez Alex, CT-FIN-2 au Secr\u00e9tariat du Conseil du Tr\u00e9sor du Canada<\/a><\/li>\n\n\n\n<li><a href=\"https:\/\/acfo2023.wpengine.com\/a-propos-de-lacfo-acaf\/vitrine-des-membres-acfo-acaf\/vitrine-des-membres-aqsa-haroon\/?lang=fr\" data-type=\"page\" data-id=\"4609\">Rencontrez Aqsa, CT-FIN-2 \u00e0 Agriculture et Agroalimentaire Canada<\/a><\/li>\n\n\n\n<li><a href=\"https:\/\/acfo2023.wpengine.com\/a-propos-de-lacfo-acaf\/vitrine-des-membres-acfo-acaf\/vitrine-des-membres-christopher-flores-lyons\/?lang=fr\" data-type=\"page\" data-id=\"4607\">Rencontrez Christopher, CT-FIN-2 \u00e0 Services partag\u00e9s Canada<\/a><\/li>\n\n\n\n<li><a href=\"https:\/\/acfo2023.wpengine.com\/a-propos-de-lacfo-acaf\/vitrine-des-membres-acfo-acaf\/vitrine-des-membres-serge-philippe\/?lang=fr\" data-type=\"page\" data-id=\"4613\">Rencontrez Serge, CT-FIN-4 au Service administratif des tribunaux judiciaires<\/a><\/li>\n\n\n\n<li><a href=\"https:\/\/acfo2023.wpengine.com\/a-propos-de-lacfo-acaf\/vitrine-des-membres-acfo-acaf\/vitrine-des-membres-siva-kathirgamanathan\/?lang=fr\" data-type=\"page\" data-id=\"4601\">Rencontrez Siva, CT-FIN-4 \u00e0 Infrastructure Canada<\/a><\/li>\n\n\n\n<li><a href=\"https:\/\/acfo2023.wpengine.com\/a-propos-de-lacfo-acaf\/vitrine-des-membres-acfo-acaf\/vitrine-des-membres-tim-byrd\/?lang=fr\" data-type=\"page\" data-id=\"4611\">Rencontrez Tim, CT-FIN-3 au Service correctionnel du Canada<\/a><\/li>\n<\/ul>\n\n\n\n<figure class=\"wp-block-gallery has-nested-images columns-default is-cropped wp-block-gallery-1 is-layout-flex wp-block-gallery-is-layout-flex\">\n<figure class=\"wp-block-image size-large\"><img loading=\"lazy\" decoding=\"async\" width=\"2048\" height=\"1536\" data-id=\"5353\" src=\"https:\/\/acfo2023.wpengine.com\/wp-content\/uploads\/2022\/11\/ACFO-Siva-10-WEB-1.jpg\" alt=\"\" class=\"wp-image-5353\" srcset=\"https:\/\/www.acfo-acaf.com\/wp-content\/uploads\/2022\/11\/ACFO-Siva-10-WEB-1.jpg 2048w, https:\/\/www.acfo-acaf.com\/wp-content\/uploads\/2022\/11\/ACFO-Siva-10-WEB-1-768x576.jpg 768w, https:\/\/www.acfo-acaf.com\/wp-content\/uploads\/2022\/11\/ACFO-Siva-10-WEB-1-1536x1152.jpg 1536w, https:\/\/www.acfo-acaf.com\/wp-content\/uploads\/2022\/11\/ACFO-Siva-10-WEB-1-128x96.jpg 128w, https:\/\/www.acfo-acaf.com\/wp-content\/uploads\/2022\/11\/ACFO-Siva-10-WEB-1-256x192.jpg 256w, https:\/\/www.acfo-acaf.com\/wp-content\/uploads\/2022\/11\/ACFO-Siva-10-WEB-1-512x384.jpg 512w, https:\/\/www.acfo-acaf.com\/wp-content\/uploads\/2022\/11\/ACFO-Siva-10-WEB-1-750x562.jpg 750w, https:\/\/www.acfo-acaf.com\/wp-content\/uploads\/2022\/11\/ACFO-Siva-10-WEB-1-1024x768.jpg 1024w, https:\/\/www.acfo-acaf.com\/wp-content\/uploads\/2022\/11\/ACFO-Siva-10-WEB-1-1440x1080.jpg 1440w\" sizes=\"auto, (max-width: 2048px) 100vw, 2048px\" \/><\/figure>\n\n\n\n<figure class=\"wp-block-image size-large\"><img loading=\"lazy\" decoding=\"async\" width=\"2048\" height=\"1500\" data-id=\"5354\" src=\"https:\/\/acfo2023.wpengine.com\/wp-content\/uploads\/2022\/11\/ACFO-Christopher-12-WEB.jpg\" alt=\"\" class=\"wp-image-5354\" srcset=\"https:\/\/www.acfo-acaf.com\/wp-content\/uploads\/2022\/11\/ACFO-Christopher-12-WEB.jpg 2048w, https:\/\/www.acfo-acaf.com\/wp-content\/uploads\/2022\/11\/ACFO-Christopher-12-WEB-768x563.jpg 768w, https:\/\/www.acfo-acaf.com\/wp-content\/uploads\/2022\/11\/ACFO-Christopher-12-WEB-1536x1125.jpg 1536w\" sizes=\"auto, (max-width: 2048px) 100vw, 2048px\" \/><\/figure>\n\n\n\n<figure class=\"wp-block-image size-large\"><img loading=\"lazy\" decoding=\"async\" width=\"2048\" height=\"1536\" data-id=\"5352\" src=\"https:\/\/acfo2023.wpengine.com\/wp-content\/uploads\/2024\/04\/Alex-ACFO-40-WEB.jpg\" alt=\"\" class=\"wp-image-5352\" srcset=\"https:\/\/www.acfo-acaf.com\/wp-content\/uploads\/2024\/04\/Alex-ACFO-40-WEB.jpg 2048w, https:\/\/www.acfo-acaf.com\/wp-content\/uploads\/2024\/04\/Alex-ACFO-40-WEB-768x576.jpg 768w, https:\/\/www.acfo-acaf.com\/wp-content\/uploads\/2024\/04\/Alex-ACFO-40-WEB-1536x1152.jpg 1536w, https:\/\/www.acfo-acaf.com\/wp-content\/uploads\/2024\/04\/Alex-ACFO-40-WEB-128x96.jpg 128w, https:\/\/www.acfo-acaf.com\/wp-content\/uploads\/2024\/04\/Alex-ACFO-40-WEB-256x192.jpg 256w, https:\/\/www.acfo-acaf.com\/wp-content\/uploads\/2024\/04\/Alex-ACFO-40-WEB-512x384.jpg 512w, https:\/\/www.acfo-acaf.com\/wp-content\/uploads\/2024\/04\/Alex-ACFO-40-WEB-750x562.jpg 750w, https:\/\/www.acfo-acaf.com\/wp-content\/uploads\/2024\/04\/Alex-ACFO-40-WEB-1024x768.jpg 1024w, https:\/\/www.acfo-acaf.com\/wp-content\/uploads\/2024\/04\/Alex-ACFO-40-WEB-1440x1080.jpg 1440w\" sizes=\"auto, (max-width: 2048px) 100vw, 2048px\" \/><\/figure>\n\n\n\n<figure class=\"wp-block-image size-large\"><img loading=\"lazy\" decoding=\"async\" width=\"2048\" height=\"1536\" data-id=\"5355\" src=\"https:\/\/acfo2023.wpengine.com\/wp-content\/uploads\/2022\/11\/ACFO-Aqsa-43-WEB.jpg\" alt=\"\" class=\"wp-image-5355\" srcset=\"https:\/\/www.acfo-acaf.com\/wp-content\/uploads\/2022\/11\/ACFO-Aqsa-43-WEB.jpg 2048w, https:\/\/www.acfo-acaf.com\/wp-content\/uploads\/2022\/11\/ACFO-Aqsa-43-WEB-768x576.jpg 768w, https:\/\/www.acfo-acaf.com\/wp-content\/uploads\/2022\/11\/ACFO-Aqsa-43-WEB-1536x1152.jpg 1536w, https:\/\/www.acfo-acaf.com\/wp-content\/uploads\/2022\/11\/ACFO-Aqsa-43-WEB-128x96.jpg 128w, https:\/\/www.acfo-acaf.com\/wp-content\/uploads\/2022\/11\/ACFO-Aqsa-43-WEB-256x192.jpg 256w, https:\/\/www.acfo-acaf.com\/wp-content\/uploads\/2022\/11\/ACFO-Aqsa-43-WEB-512x384.jpg 512w, https:\/\/www.acfo-acaf.com\/wp-content\/uploads\/2022\/11\/ACFO-Aqsa-43-WEB-750x562.jpg 750w, https:\/\/www.acfo-acaf.com\/wp-content\/uploads\/2022\/11\/ACFO-Aqsa-43-WEB-1024x768.jpg 1024w, https:\/\/www.acfo-acaf.com\/wp-content\/uploads\/2022\/11\/ACFO-Aqsa-43-WEB-1440x1080.jpg 1440w\" sizes=\"auto, (max-width: 2048px) 100vw, 2048px\" \/><\/figure>\n<\/figure>\n\n\n\n<h2 class=\"wp-block-heading\">Nommez un coll\u00e8gue aujourd\u2019hui<\/h2>\n\n\n\n<p>Nous esp\u00e9rons continuer \u00e0 pr\u00e9senter les histoires de membres exceptionnels de la Communaut\u00e9 CT. Si vous avez un coll\u00e8gue avec une histoire fascinante \u00e0 partager ou dont vous aimeriez pr\u00e9senter et c\u00e9l\u00e9brer le travail, veuillez contacter Lauren Doty \u00e0&nbsp;<a href=\"mailto:ldoty@acfo-acaf.com\">ldoty@acfo-acaf.com<\/a> ou consid\u00e9rez proposer la candidature de votre coll\u00e8gue pour un <a href=\"https:\/\/acfo2023.wpengine.com\/fr\/services-aux-membres\/les-prix-de-la-communaute-ct\/\" data-type=\"page\" data-id=\"5393\">Prix de la communaut\u00e9 CT<\/a>.<\/p>\n\n\n<div class='acfoSection sectionWrap sectionWrap--linkbox  sectionWrap--color-yellow' ><div class='section section--linkbox '><div class='linkbox linkbox--2col'><div class='linkbox__titleWrap'><h2 class='sectionTitle linkbox__title'>Contactez-nous<\/h2><\/div><div class='linkbox__description sectionDescription'>Si vous souhaitez vous impliquer \u00e0 l\u2019ACFO-ACAF ou prendre contact avec nous, il y a de nombreuses fa\u00e7ons de nous joindre. Nous serons ravis de vous entendre.<div class='linkWrap--arrow linkbox__linkWrap'><a href='https:\/\/www.acfo-acaf.com\/fr\/contactez-nous\/' class='link--arrow link--hoverSlide' ><div class=''>Prendre contact avec nous<span class=\"acfoArrow\"> \u2192<\/span><\/div><\/a><\/div><\/div><\/div><\/div><\/div>","protected":false},"excerpt":{"rendered":"<p>La vitrine des membres de l\u2019ACFO-ACAF est une s\u00e9rie de reportages sur des membres de l\u2019ACFO-ACAF qui font preuve d\u2019un [&hellip;]<\/p>\n","protected":false},"author":2,"featured_media":5010,"parent":4717,"menu_order":0,"comment_status":"closed","ping_status":"closed","template":"","meta":{"_acf_changed":false,"footnotes":""},"class_list":["post-4828","page","type-page","status-publish","has-post-thumbnail","hentry"],"acf":[],"_links":{"self":[{"href":"https:\/\/www.acfo-acaf.com\/fr\/wp-json\/wp\/v2\/pages\/4828","targetHints":{"allow":["GET"]}}],"collection":[{"href":"https:\/\/www.acfo-acaf.com\/fr\/wp-json\/wp\/v2\/pages"}],"about":[{"href":"https:\/\/www.acfo-acaf.com\/fr\/wp-json\/wp\/v2\/types\/page"}],"author":[{"embeddable":true,"href":"https:\/\/www.acfo-acaf.com\/fr\/wp-json\/wp\/v2\/users\/2"}],"replies":[{"embeddable":true,"href":"https:\/\/www.acfo-acaf.com\/fr\/wp-json\/wp\/v2\/comments?post=4828"}],"version-history":[{"count":0,"href":"https:\/\/www.acfo-acaf.com\/fr\/wp-json\/wp\/v2\/pages\/4828\/revisions"}],"up":[{"embeddable":true,"href":"https:\/\/www.acfo-acaf.com\/fr\/wp-json\/wp\/v2\/pages\/4717"}],"wp:featuredmedia":[{"embeddable":true,"href":"https:\/\/www.acfo-acaf.com\/fr\/wp-json\/wp\/v2\/media\/5010"}],"wp:attachment":[{"href":"https:\/\/www.acfo-acaf.com\/fr\/wp-json\/wp\/v2\/media?parent=4828"}],"curies":[{"name":"wp","href":"https:\/\/api.w.org\/{rel}","templated":true}]}}