{"id":5389,"date":"2024-04-24T14:58:54","date_gmt":"2024-04-24T14:58:54","guid":{"rendered":"https:\/\/acfo2023.wpengine.com\/?page_id=5389"},"modified":"2025-08-29T16:16:52","modified_gmt":"2025-08-29T16:16:52","slug":"connexion-emploi-ct","status":"publish","type":"page","link":"https:\/\/www.acfo-acaf.com\/fr\/services-aux-membres\/connexion-emploi-ct\/","title":{"rendered":"Connexion Emploi CT"},"content":{"rendered":"<div class='acfoSection pageHeader__wrap'><div class='pageHeader pageHeader--standard'><div class='pageHeader__topLinkWrap'><a class='pageHeader__topLink' href='https:\/\/www.acfo-acaf.com\/fr\/services-aux-membres\/'>Votre adh\u00e9sion et programmes<\/a><\/div><h1>Connexion Emploi CT<\/h1><div class='pageHeader__intro'>Connexion Emploi CT donne aux membres la possibilit\u00e9 d\u2019y inscrire leur nom en indiquant des renseignements sur leurs int\u00e9r\u00eats professionnels et leur exp\u00e9rience; il constitue un vivier de candidats qui, sur demande, est mis \u00e0 la disposition des gestionnaires d\u2019embauche \u00e0 la recherche de nouveaux talents pour leurs \u00e9quipes.<\/div><\/div><\/div>\n\n<div class=\"wp-block-image\">\n<figure class=\"aligncenter\"><img decoding=\"async\" src=\"https:\/\/www.acfo-acaf.com\/wp-content\/uploads\/2019\/08\/CV-Inventory.jpg\" alt=\"\" class=\"wp-image-13070\"\/><\/figure>\n<\/div>\n\n\n<p>\u00cates-vous membre de l&rsquo;ACFO-ACAF dispos\u00e9(e) \u00e0 changer de travail ou recherchant activement une nouvelle possibilit\u00e9 de mutation ou d&rsquo;affectation?<\/p>\n\n\n\n<p>\u00cates-vous un ou une gestionnaire d\u2019embauche cherchant une liste de candidats pour doter un poste?<\/p>\n\n\n\n<p><strong>Connexion Emploi CT<\/strong> donne aux membres la possibilit\u00e9 d\u2019y inscrire leur nom en indiquant des renseignements sur leurs int\u00e9r\u00eats professionnels et leur exp\u00e9rience; il constitue un vivier de candidats qui, sur demande, est mis \u00e0 la disposition des gestionnaires d\u2019embauche \u00e0 la recherche de nouveaux talents pour leurs \u00e9quipes. L\u2019information que vous fournirez restera dans le r\u00e9pertoire jusqu\u2019\u00e0 ce que vous fassiez la demande expresse de la supprimer et toutes les mises \u00e0 jour doivent \u00eatre faites directement par vous-m\u00eame.<\/p>\n\n\n\n<p>L\u2019ACFO-ACAF fournit ce service en r\u00e9ponse \u00e0 la demande formul\u00e9e par les membres et \u00e9galement par les gestionnaires d\u2019embauche. En remplissant le formulaire et en le d\u00e9posant dans le r\u00e9pertoire, vous confirmez que l\u2019information fournie est exacte et vous consentez \u00e0 ce qu\u2019elle soit communiqu\u00e9e \u00e0 tout gestionnaire d\u2019embauche qui en fait la demande.<\/p>\n\n\n\n<p><strong>Veuillez noter que ce service est enti\u00e8rement facultatif et il n&rsquo;est pas destin\u00e9 aux promotions<\/strong>. Comme pour toute autre demande d\u2019emploi, l\u2019ACFO-ACAF ne v\u00e9rifie pas les renseignements donn\u00e9s par les candidats potentiels et il incombe aux candidats de s\u2019assurer que l\u2019information fournie est exacte. L\u2019ACFO-ACAF ne peut pas garantir non plus que votre propre gestionnaire n\u2019aura pas acc\u00e8s \u00e0 la liste; par cons\u00e9quent soyez s\u00fbr(e) que vous \u00eates \u00e0 l\u2019aise en r\u00e9v\u00e9lant votre disponibilit\u00e9 pour de nouvelles possibilit\u00e9s d\u2019emploi. L\u2019ACFO-ACAF ne joue aucun r\u00f4le dans le processus d\u2019embauche et n\u2019a pas son mot \u00e0 dire en ce qui concerne les personnes qui peuvent ou ne peuvent pas \u00eatre s\u00e9lectionn\u00e9es. De plus, les gestionnaires d\u2019embauche doivent veiller \u00e0 se conformer en tout temps aux directives de dotation.<\/p>\n\n\n\n<ul class=\"wp-block-list\">\n<li>Pour ajouter vos renseignements au Connexion Emploi CT, <a href=\"https:\/\/mon.acfo-acaf.com\/\" target=\"_blank\" rel=\"noreferrer noopener\">remplissez le formulaire d\u2019information sur mon.ACFO-ACAF<\/a>.\n<ul class=\"wp-block-list\">\n<li>Mettez \u00e0 jour Changements \u00e0 apporter &gt; Mettre \u00e0 jour mes informations.<\/li>\n\n\n\n<li>Mettez \u00e0 jour Mon profil &gt; Connexion Emploi CT.<\/li>\n\n\n\n<li>Vous avez la responsabilit\u00e9 de mettre vos donn\u00e9es \u00e0 jour.<\/li>\n\n\n\n<li>Si vous n\u2019\u00eates pas encore inscrit-e sur le portail de l\u2019ACFO-ACAF, vous trouverez les instructions n\u00e9cessaires pour vous inscrire <a href=\"https:\/\/www.acfo-acaf.com\/fr\/resources-2\/gestion-de-votre-adhesion\/\" target=\"_blank\" rel=\"noreferrer noopener\">ici<\/a>.<\/li>\n<\/ul>\n<\/li>\n\n\n\n<li>Si vous \u00eates un ou une gestionnaire d\u2019embauche \u00e0 la recherche de candidats, <a href=\"https:\/\/www.surveymonkey.com\/r\/ACFOCVInventoryManagers?lang=fr_CA\" target=\"_blank\" rel=\"noreferrer noopener\">remplissez le formulaire ici<\/a>.<\/li>\n<\/ul>\n\n\n\n<p>Si vous avez des questions concernant Connexion Emploi CT, veuillez communiquer avec <a href=\"mailto:info@acfo-acaf.com\">info@acfo-acaf.com<\/a>.<\/p>\n\n\n<div class='acfoSection sectionWrap sectionWrap--linkbox  sectionWrap--color-yellow' ><div class='section section--linkbox '><div class='linkbox linkbox--2col'><div class='linkbox__titleWrap'><h2 class='sectionTitle linkbox__title'>Contactez-nous<\/h2><\/div><div class='linkbox__description sectionDescription'>Si vous souhaitez vous impliquer \u00e0 l\u2019ACFO-ACAF ou prendre contact avec nous, il y a de nombreuses fa\u00e7ons de nous joindre. Nous serons ravis de vous entendre.<div class='linkWrap--arrow linkbox__linkWrap'><a href='https:\/\/www.acfo-acaf.com\/fr\/contactez-nous\/' class='link--arrow link--hoverSlide' ><div class=''>Prendre contact avec nous<span class=\"acfoArrow\"> \u2192<\/span><\/div><\/a><\/div><\/div><\/div><\/div><\/div>","protected":false},"excerpt":{"rendered":"<p>\u00cates-vous membre de l&rsquo;ACFO-ACAF dispos\u00e9(e) \u00e0 changer de travail ou recherchant activement une nouvelle possibilit\u00e9 de mutation ou d&rsquo;affectation? \u00cates-vous [&hellip;]<\/p>\n","protected":false},"author":3,"featured_media":0,"parent":4705,"menu_order":0,"comment_status":"closed","ping_status":"closed","template":"","meta":{"_acf_changed":true,"footnotes":""},"class_list":["post-5389","page","type-page","status-publish","hentry"],"acf":[],"_links":{"self":[{"href":"https:\/\/www.acfo-acaf.com\/fr\/wp-json\/wp\/v2\/pages\/5389","targetHints":{"allow":["GET"]}}],"collection":[{"href":"https:\/\/www.acfo-acaf.com\/fr\/wp-json\/wp\/v2\/pages"}],"about":[{"href":"https:\/\/www.acfo-acaf.com\/fr\/wp-json\/wp\/v2\/types\/page"}],"author":[{"embeddable":true,"href":"https:\/\/www.acfo-acaf.com\/fr\/wp-json\/wp\/v2\/users\/3"}],"replies":[{"embeddable":true,"href":"https:\/\/www.acfo-acaf.com\/fr\/wp-json\/wp\/v2\/comments?post=5389"}],"version-history":[{"count":0,"href":"https:\/\/www.acfo-acaf.com\/fr\/wp-json\/wp\/v2\/pages\/5389\/revisions"}],"up":[{"embeddable":true,"href":"https:\/\/www.acfo-acaf.com\/fr\/wp-json\/wp\/v2\/pages\/4705"}],"wp:attachment":[{"href":"https:\/\/www.acfo-acaf.com\/fr\/wp-json\/wp\/v2\/media?parent=5389"}],"curies":[{"name":"wp","href":"https:\/\/api.w.org\/{rel}","templated":true}]}}