{"id":5395,"date":"2024-04-24T17:13:06","date_gmt":"2024-04-24T17:13:06","guid":{"rendered":"https:\/\/acfo2023.wpengine.com\/?page_id=5395"},"modified":"2026-03-16T17:44:49","modified_gmt":"2026-03-16T17:44:49","slug":"le-programme-de-bourses-detudes-de-lacfo-acaf","status":"publish","type":"page","link":"https:\/\/www.acfo-acaf.com\/fr\/services-aux-membres\/le-programme-de-bourses-detudes-de-lacfo-acaf\/","title":{"rendered":"Bourses d\u2019\u00e9tudes"},"content":{"rendered":"<div class='acfoSection pageHeader__wrap'><div class='pageHeader pageHeader--standard'><div class='pageHeader__topLinkWrap'><a class='pageHeader__topLink' href='https:\/\/www.acfo-acaf.com\/fr\/services-aux-membres\/'>Votre adh\u00e9sion et programmes<\/a><\/div><h1>Bourses d\u2019\u00e9tudes<\/h1><div class='pageHeader__intro'>Dans le cadre de son engagement en mati\u00e8re de professionnalisme et d\u2019apprentissage permanent, l\u2019ACFO-ACAF a constitu\u00e9 en 2016 un Programme de bourses d\u2019\u00e9tudes visant \u00e0 soutenir la prochaine g\u00e9n\u00e9ration de professionnels au Canada.<\/div><div class='sectionMenu__wrap linkListDd__wrap linkListDd__wrap--expands'><div class='sectionMenu__toggleWrap linkListDd__toggleWrap'><button type='button' class='sectionMenu__toggle linkListDd__toggle' id='sectionMenu__toggle-0' aria-controls='sectionMenu-0' aria-expanded='false'><span class='buttonLabel'>Sections<\/span><span class='buttonIcon buttonIcon--hamburger'><svg width=\"18\" height=\"12\" viewBox=\"0 0 18 12\" xmlns=\"http:\/\/www.w3.org\/2000\/svg\"><path d=\"M0 12h18v-2H0v2zm0-5h18V5H0v2zm0-7v2h18V0H0z\"\/><\/svg><\/span><span class='buttonIcon buttonIcon--close'><svg width=\"18\" height=\"18\" viewBox=\"0 0 18 18\" fill=\"none\" xmlns=\"http:\/\/www.w3.org\/2000\/svg\"><path d=\"M18 1.81L16.19 0 9 7.19 1.81 0 0 1.81 7.19 9 0 16.19 1.81 18 9 10.81 16.19 18 18 16.19 10.81 9 18 1.81z\" fill=\"#222\"\/><\/svg><\/span><\/button><\/div><nav class='sectionMenu linkListDd' aria-label='Menu de section' id='sectionMenu-0'><div class='sectionMenu__linkWrap linkListDd__item'><a class='sectionMenu__link' href='https:\/\/my.acfo-acaf.com'>Portail des membres<\/a><\/div><div class='sectionMenu__linkWrap linkListDd__item'><a class='sectionMenu__link' href='https:\/\/www.acfo-acaf.com\/fr\/services-aux-membres\/gestion-de-votre-adhesion\/'>Gestion de votre adh\u00e9sion<\/a><\/div><div class='sectionMenu__linkWrap linkListDd__item'><a class='sectionMenu__link' href='https:\/\/www.acfo-acaf.com\/fr\/services-aux-membres\/nouveaux-membres\/'>Renseignements pour les nouveaux membres<\/a><\/div><div class='sectionMenu__linkWrap linkListDd__item'><a class='sectionMenu__link' href='https:\/\/www.acfo-acaf.com\/fr\/services-aux-membres\/avantages-reserves-membres\/'>Avantages r\u00e9serv\u00e9es aux membres<\/a><\/div><div class='sectionMenu__linkWrap linkListDd__item'><a class='sectionMenu__link' href='https:\/\/www.acfo-acaf.com\/fr\/services-aux-membres\/connexion-emploi-ct\/'>Connexion Emploi CT<\/a><\/div><div class='sectionMenu__linkWrap linkListDd__item'><a class='sectionMenu__link' href='https:\/\/www.acfo-acaf.com\/fr\/services-aux-membres\/les-prix-de-la-communaute-ct\/'>Les prix de la communaut\u00e9 CT<\/a><\/div><div class='sectionMenu__linkWrap linkListDd__item'><a class='sectionMenu__link' href='https:\/\/www.acfo-acaf.com\/fr\/services-aux-membres\/le-programme-de-bourses-detudes-de-lacfo-acaf\/'>Bourses d\u2019\u00e9tudes<\/a><\/div><div class='sectionMenu__linkWrap linkListDd__item'><a class='sectionMenu__link' href='https:\/\/www.acfo-acaf.com\/fr\/services-aux-membres\/equite-diversite-inclusion-et-antiracisme-ediar\/'>\u00c9quit\u00e9, diversit\u00e9, inclusion et antiracisme (EDIAR)<\/a><\/div><\/nav><\/div><\/div><\/div>\n\n<div class=\"wp-block-image\">\n<figure class=\"aligncenter is-resized\"><img decoding=\"async\" src=\"https:\/\/www.acfo-acaf.com\/wp-content\/uploads\/2022\/11\/Dany-and-Samantha-Yee.png\" alt=\"\" style=\"width:707px;height:auto\"\/><\/figure>\n<\/div>\n\n\n<p>Deux des bourses suivantes sont octroy\u00e9es chaque ann\u00e9e, pour un total de deux b\u00e9n\u00e9ficiaires :<\/p>\n\n\n\n<ul class=\"wp-block-list\">\n<li><strong>La<\/strong>&nbsp;<strong>Bourse d\u2019\u00e9tudes Merdon Hosking. <\/strong>\u00c9tablie en l&rsquo;honneur du fondateur et ancien pr\u00e9sident de l&rsquo;ACFO-ACAF, Merdon Hosking, la bourse unique de 2 500 $ est accord\u00e9 \u00e0 un enfant ou \u00e0 une personne \u00e0 charge d\u2019un membre de la communaut\u00e9 CT actuellement inscrit(e) \u00e0 un programme d\u2019\u00e9tudes postsecondaires menant \u00e0 un grade ou \u00e0 un dipl\u00f4me dans un \u00e9tablissement reconnu.<\/li>\n<\/ul>\n\n\n\n<p>La bourse d\u2019\u00e9tudes professionnelles pour la communaut\u00e9 CT n&rsquo;est plus offerte.<\/p>\n\n\n\n<h2 class=\"wp-block-heading\">Processus de demande et date limite<\/h2>\n\n\n\n<p>Un appel \u00e0 candidatures pour les bourses est lanc\u00e9 chaque ann\u00e9e pendant le printemps.<\/p>\n\n\n\n<h3 class=\"wp-block-heading\"><strong>La Bourse d\u2019\u00e9tudes Merdon Hosking pour les jeunes<\/strong><\/h3>\n\n\n\n<p>Les candidats doivent soumettre les informations suivantes dans ce <a href=\"https:\/\/www.surveymonkey.com\/r\/QZ2RLLH?lang=fr\" data-type=\"link\" data-id=\"https:\/\/www.surveymonkey.com\/r\/2025BourseDetudesMerdonHosking?lang=fr\" target=\"_blank\" rel=\"noreferrer noopener\">formulaire de candidature<\/a> :<\/p>\n\n\n\n<ul class=\"wp-block-list\">\n<li>Curriculum vitae ; <\/li>\n\n\n\n<li>Une lettre exposant des contributions personnelles \u00e0 la soci\u00e9t\u00e9 (150-200 mots) ; <\/li>\n\n\n\n<li>Une lettre exposant des contributions ils comptent apporter \u00e0 la soci\u00e9t\u00e9 au cours de leur vie d\u2019adulte (150-200 mots) ; <\/li>\n\n\n\n<li>Dossiers scolaires ; et <\/li>\n\n\n\n<li>Deux lettres de recommandation provenant de sources (pas des membres de la famille) qui connaissent leurs capacit\u00e9s et leurs dossiers de performance.<\/li>\n<\/ul>\n\n\n\n<p>Veuillez noter que les demandes incompl\u00e8tes ne seront pas consid\u00e9r\u00e9es et il est de la responsabilit\u00e9 du candidat de s&rsquo;assurer que les demandes sont compl\u00e8tes.<\/p>\n\n\n\n<p>Les candidatures doivent \u00eatre soumises au plus tard le\u00a0<strong>1er septembre 2026.<\/strong><\/p>\n\n\n\n<p>Pour toute question concernant notre programme de bourses, veuillez contacter&nbsp;<a href=\"mailto:bourses@acfo-acaf.com\" target=\"_blank\" rel=\"noreferrer noopener\">bourses@acfo-acaf.com<\/a>.&nbsp;<\/p>\n\n\n\n<h2 class=\"wp-block-heading\">\u00c9valuation<\/h2>\n\n\n\n<p>L&rsquo;\u00e9valuation des candidatures et la s\u00e9lection des laur\u00e9ats sont effectu\u00e9es par un comit\u00e9 ind\u00e9pendant. Pour rendre le processus plus \u00e9quitable et impartial, toute identification personnelle est retir\u00e9e des demandes avant d&rsquo;\u00eatre envoy\u00e9e au comit\u00e9 d&rsquo;\u00e9valuation.<\/p>\n\n\n\n<p>Pour faciliter la discussion, les membres du comit\u00e9 examineront la demande en d\u00e9tail et attribueront une cote de 1 \u00e0 5 pour chacun des crit\u00e8res d&rsquo;\u00e9valuation suivants:<\/p>\n\n\n\n<ul class=\"wp-block-list\">\n<li>Curriculum vitae<\/li>\n\n\n\n<li>Contributions actuelles \u00e0 la soci\u00e9t\u00e9<\/li>\n\n\n\n<li>Contributions futures \u00e0 la soci\u00e9t\u00e9<\/li>\n\n\n\n<li>R\u00e9f\u00e9rences<\/li>\n\n\n\n<li>Notes scolaires<\/li>\n<\/ul>\n\n\n\n<p>Leur jugement sera fond\u00e9 sur la demande et les pi\u00e8ces justificatives.<\/p>\n\n\n\n<ul class=\"wp-block-list\">\n<li>Les membres du Comit\u00e9 de s\u00e9lection ne seront pas tenus de fournir des \u00e9valuations \u00e9crites des demandes individuelles. Un bar\u00e8me d\u2019\u00e9valuation servira de base \u00e0 leurs d\u00e9cisions.<\/li>\n\n\n\n<li>Si aucun laur\u00e9at ne se d\u00e9marque, une rencontre face \u00e0 face pourrait s\u2019imposer pour s\u00e9lectionner le laur\u00e9at ou la laur\u00e9ate.<\/li>\n<\/ul>\n\n\n\n<p>Les appels pour r\u00e9examen seront examin\u00e9s uniquement si le motif invoqu\u00e9 est que la proc\u00e9dure \u00e9tablie dans un dossier administratif n\u2019a pas \u00e9t\u00e9 suivie.<\/p>\n\n\n\n<p>Les gagnants des bourses sont annonc\u00e9s lors de l&rsquo;assembl\u00e9e g\u00e9n\u00e9rale annuelle de l&rsquo;ACFO-ACAF en octobre.<\/p>\n\n\n\n<h2 class=\"wp-block-heading\">Les laur\u00e9at(e)s<\/h2>\n\n\n\n<h3 class=\"wp-block-heading\">2024<\/h3>\n\n\n\n<figure class=\"wp-block-embed is-type-video is-provider-youtube wp-block-embed-youtube wp-embed-aspect-16-9 wp-has-aspect-ratio\"><div class=\"wp-block-embed__wrapper\">\n<iframe loading=\"lazy\" title=\"2024 ACFO-ACAF Scholarship Recipient | R\u00e9cipiendaire de bourse de l\u2019ACFO-ACAF 2024\" width=\"500\" height=\"281\" src=\"https:\/\/www.youtube.com\/embed\/8SYc5Tf1ZnQ?feature=oembed\" frameborder=\"0\" allow=\"accelerometer; autoplay; clipboard-write; encrypted-media; gyroscope; picture-in-picture; web-share\" referrerpolicy=\"strict-origin-when-cross-origin\" allowfullscreen><\/iframe>\n<\/div><\/figure>\n\n\n\n<ul class=\"wp-block-list\">\n<li>La bourse d\u2019etudes Merdon Hosking : Olusemilore (Semi) Kumolu-Johnson et Ana-Maria Necrasov<\/li>\n<\/ul>\n\n\n\n<figure class=\"wp-block-image size-full\"><img loading=\"lazy\" decoding=\"async\" width=\"2000\" height=\"1414\" src=\"https:\/\/www.acfo-acaf.com\/wp-content\/uploads\/2025\/01\/winners_2024-1.png\" alt=\"\" class=\"wp-image-6094\" srcset=\"https:\/\/www.acfo-acaf.com\/wp-content\/uploads\/2025\/01\/winners_2024-1.png 2000w, https:\/\/www.acfo-acaf.com\/wp-content\/uploads\/2025\/01\/winners_2024-1-768x543.png 768w, https:\/\/www.acfo-acaf.com\/wp-content\/uploads\/2025\/01\/winners_2024-1-1536x1086.png 1536w\" sizes=\"auto, (max-width: 2000px) 100vw, 2000px\" \/><\/figure>\n\n\n\n<hr class=\"wp-block-separator has-alpha-channel-opacity\"\/>\n\n\n\n<h3 class=\"wp-block-heading\">2023<\/h3>\n\n\n\n<p><\/p>\n\n\n\n<figure class=\"wp-block-embed is-type-video is-provider-youtube wp-block-embed-youtube wp-embed-aspect-16-9 wp-has-aspect-ratio\"><div class=\"wp-block-embed__wrapper\">\n<iframe loading=\"lazy\" title=\"2023 ACFO-ACAF Scholarships Recipients l R\u00e9cipiendaire des bourse de l\u2019ACFO-ACAF 2023\" width=\"500\" height=\"281\" src=\"https:\/\/www.youtube.com\/embed\/zl4A-dEOXAk?feature=oembed\" frameborder=\"0\" allow=\"accelerometer; autoplay; clipboard-write; encrypted-media; gyroscope; picture-in-picture; web-share\" referrerpolicy=\"strict-origin-when-cross-origin\" allowfullscreen><\/iframe>\n<\/div><\/figure>\n\n\n\n<ul class=\"wp-block-list\">\n<li>La bourse d\u2019etudes Merdon Hosking : <strong>Anushka Kothari<\/strong><\/li>\n\n\n\n<li>La bourse d\u2019\u00e9tudes professionnelles pour la communaut\u00e9 CT : <strong>Joshua Ryan Valcourt<\/strong><\/li>\n<\/ul>\n\n\n\n<figure class=\"wp-block-image size-full\"><a href=\"https:\/\/www.acfo-acaf.com\/wp-content\/uploads\/2023\/11\/Winners2023-1.png\"><img decoding=\"async\" src=\"https:\/\/www.acfo-acaf.com\/wp-content\/uploads\/2023\/11\/Winners2023-1.png\" alt=\"\" class=\"wp-image-21287\"\/><\/a><\/figure>\n\n\n\n<h3 class=\"wp-block-heading\">2022<\/h3>\n\n\n\n<ul class=\"wp-block-list\">\n<li>La bourse d\u2019etudes Merdon Hosking : <strong>Samantha Yee<\/strong><\/li>\n\n\n\n<li>La bourse d\u2019\u00e9tudes professionnelles pour la communaut\u00e9 CT : <strong>Melody Coulter<\/strong><\/li>\n<\/ul>\n\n\n\n<figure class=\"wp-block-image\"><img decoding=\"async\" src=\"https:\/\/www.acfo-acaf.com\/wp-content\/uploads\/2022\/11\/Dany-and-Samantha-Yee.png\" alt=\"\"\/><\/figure>\n\n\n\n<h3 class=\"wp-block-heading\">2021<\/h3>\n\n\n\n<ul class=\"wp-block-list\">\n<li>La bourse d\u2019etudes Merdon Hosking : <strong>Tirpat Sekhon<\/strong><\/li>\n\n\n\n<li>La bourse d\u2019\u00e9tudes professionnelles pour la communaut\u00e9 CT : <strong>Meghan Gaudet<\/strong><\/li>\n<\/ul>\n\n\n\n<figure class=\"wp-block-image\"><img decoding=\"async\" src=\"https:\/\/www.acfo-acaf.com\/wp-content\/uploads\/2021\/11\/scholarship.png\" alt=\"\"\/><\/figure>\n\n\n\n<h3 class=\"wp-block-heading\">2020<\/h3>\n\n\n\n<ul class=\"wp-block-list\">\n<li>La bourse d\u2019etudes Merdon Hosking : <strong>Mingde Yin<\/strong><\/li>\n\n\n\n<li>La bourse d\u2019\u00e9tudes professionnelles pour la communaut\u00e9 CT :&nbsp;<strong>Justyna Korczynski<\/strong><\/li>\n<\/ul>\n\n\n<div class=\"wp-block-image\">\n<figure class=\"aligncenter\"><img decoding=\"async\" src=\"https:\/\/www.acfo-acaf.com\/wp-content\/uploads\/2020\/11\/scholarshipwinners2020-1.jpg\" alt=\"\" class=\"wp-image-15424\"\/><\/figure>\n<\/div>\n\n\n<h3 class=\"wp-block-heading\">2018<\/h3>\n\n\n\n<p>La bourse d\u2019etudes Merdon Hosking:&nbsp;<strong>Hovhannes Gasparyan<\/strong> et&nbsp;<strong>Lilit Gasparyan<\/strong><\/p>\n\n\n\n<figure class=\"wp-block-image\"><img decoding=\"async\" src=\"https:\/\/www.acfo-acaf.com\/wp-content\/uploads\/2019\/04\/IMG_0858-1024x683.jpg\" alt=\"\" class=\"wp-image-12460\"\/><\/figure>\n\n\n\n<p>La bourse d\u2019\u00e9tudes professionnelles pour la communaut\u00e9 CT: <strong>Daniel Da Silva<\/strong> et&nbsp;<strong>Gowthtiriga Nirmalathithakumar<\/strong><\/p>\n\n\n\n<h3 class=\"wp-block-heading\"><strong>2017<\/strong><\/h3>\n\n\n\n<p>La bourse d\u2019etudes Merdon Hosking:&nbsp;<strong>Alexandra Eva Machicado-McGee<\/strong> et <strong>Grant Wolters<\/strong><\/p>\n\n\n\n<figure class=\"wp-block-image alignnone size-full wp-image-9564\"><img decoding=\"async\" src=\"http:\/\/www.acfo-acaf.com\/wp-content\/uploads\/2017\/11\/Youth-Scholarship-winner-1.jpg\" alt=\"\" class=\"wp-image-9564\"\/><figcaption class=\"wp-element-caption\">Alexandra Eva Machicado-McGee, gagnante de la burse d&rsquo;\u00e9tudes Merdon Hosking pour les jeunes pose avec Dany Richard, pr\u00e9sident de l&rsquo;ACFO-ACAF.<\/figcaption><\/figure>\n\n\n\n<p>La bourse d\u2019\u00e9tudes professionnelles pour la communaut\u00e9 CT : <strong>Courtney Miller<\/strong> et <strong>Yiwen (Maria) Shao&nbsp;<\/strong><\/p>\n\n\n\n<figure class=\"wp-block-image alignnone size-full wp-image-9563\"><img decoding=\"async\" src=\"http:\/\/www.acfo-acaf.com\/wp-content\/uploads\/2017\/11\/FI-Community-Scholarship-winners-1.jpg\" alt=\"\" class=\"wp-image-9563\"\/><figcaption class=\"wp-element-caption\">Yiwen Shao (\u00e0 gauche) et Courtney Miller (\u00e0 droite), recipients de la bourse d&rsquo;\u00e9tudes professionnelles de la communaut\u00e9 CT posent avec Dany Richard, pr\u00e9sident de l&rsquo;ACFO-ACAF.<\/figcaption><\/figure>\n\n\n\n<h3 class=\"wp-block-heading\"><strong>2016<\/strong><\/h3>\n\n\n\n<p>La bourse d\u2019\u00e9tudes Merdon Hosking :&nbsp;<strong>Marie-\u00c8ve Trahan&nbsp;<\/strong><\/p>\n\n\n\n<figure class=\"wp-block-image alignnone wp-image-9633 size-full\"><img decoding=\"async\" src=\"http:\/\/www.acfo-acaf.com\/wp-content\/uploads\/2016\/05\/Former-ACFO-President-Merdon-Hosking-with-2016-scholarship-recipient-Marie-\u00c8ve-Trahan-1.jpg\" alt=\"\" class=\"wp-image-9633\"\/><figcaption class=\"wp-element-caption\">L&rsquo;ancien pr\u00e9sident de l&rsquo;ACFO-ACAF, Merdon Hosking, avec la gagnante de la bourse d&rsquo;\u00e9tude Merdon Hosking 2016, Marie-\u00c8ve \u200b\u200bTrahan.<\/figcaption><\/figure>\n\n\n\n<p>La bourse d\u2019\u00e9tudes professionnelles pour la communaut\u00e9 CT : <strong>Jack Diao<\/strong><\/p>\n\n\n\n<figure class=\"wp-block-image alignnone size-large wp-image-7859\"><img decoding=\"async\" src=\"http:\/\/www.acfo-acaf.com\/wp-content\/uploads\/2016\/11\/ACFO-AGM2016-81-WEB1-1024x683.jpg\" alt=\"\" class=\"wp-image-7859\"\/><figcaption class=\"wp-element-caption\">Le directeur des communications et des affaires publiques, Joe Boughner, avec le r\u00e9cipiendaire de 2017, Jack Diao<\/figcaption><\/figure>\n\n\n<div class='acfoSection sectionWrap sectionWrap--linkbox  sectionWrap--color-yellow' ><div class='section section--linkbox '><div class='linkbox linkbox--2col'><div class='linkbox__titleWrap'><h2 class='sectionTitle linkbox__title'>Contactez-nous<\/h2><\/div><div class='linkbox__description sectionDescription'>Si vous souhaitez vous impliquer \u00e0 l\u2019ACFO-ACAF ou prendre contact avec nous, il y a de nombreuses fa\u00e7ons de nous joindre. Nous serons ravis de vous entendre.<div class='linkWrap--arrow linkbox__linkWrap'><a href='https:\/\/www.acfo-acaf.com\/fr\/contactez-nous\/' class='link--arrow link--hoverSlide' ><div class=''>Prendre contact avec nous<span class=\"acfoArrow\"> \u2192<\/span><\/div><\/a><\/div><\/div><\/div><\/div><\/div>","protected":false},"excerpt":{"rendered":"<p>Deux des bourses suivantes sont octroy\u00e9es chaque ann\u00e9e, pour un total de deux b\u00e9n\u00e9ficiaires : La bourse d\u2019\u00e9tudes professionnelles pour [&hellip;]<\/p>\n","protected":false},"author":3,"featured_media":0,"parent":4705,"menu_order":0,"comment_status":"closed","ping_status":"closed","template":"","meta":{"_acf_changed":false,"footnotes":""},"class_list":["post-5395","page","type-page","status-publish","hentry"],"acf":[],"_links":{"self":[{"href":"https:\/\/www.acfo-acaf.com\/fr\/wp-json\/wp\/v2\/pages\/5395","targetHints":{"allow":["GET"]}}],"collection":[{"href":"https:\/\/www.acfo-acaf.com\/fr\/wp-json\/wp\/v2\/pages"}],"about":[{"href":"https:\/\/www.acfo-acaf.com\/fr\/wp-json\/wp\/v2\/types\/page"}],"author":[{"embeddable":true,"href":"https:\/\/www.acfo-acaf.com\/fr\/wp-json\/wp\/v2\/users\/3"}],"replies":[{"embeddable":true,"href":"https:\/\/www.acfo-acaf.com\/fr\/wp-json\/wp\/v2\/comments?post=5395"}],"version-history":[{"count":0,"href":"https:\/\/www.acfo-acaf.com\/fr\/wp-json\/wp\/v2\/pages\/5395\/revisions"}],"up":[{"embeddable":true,"href":"https:\/\/www.acfo-acaf.com\/fr\/wp-json\/wp\/v2\/pages\/4705"}],"wp:attachment":[{"href":"https:\/\/www.acfo-acaf.com\/fr\/wp-json\/wp\/v2\/media?parent=5395"}],"curies":[{"name":"wp","href":"https:\/\/api.w.org\/{rel}","templated":true}]}}